{"id":8069,"date":"2016-02-08T13:30:03","date_gmt":"2016-02-08T13:30:03","guid":{"rendered":"http:\/\/centros.unileon.es\/biologia\/?page_id=8069"},"modified":"2016-02-09T20:46:03","modified_gmt":"2016-02-09T20:46:03","slug":"masteres-fccba","status":"publish","type":"page","link":"https:\/\/centros.unileon.es\/biologia\/masteres-fccba\/","title":{"rendered":"M\u00e1steres"},"content":{"rendered":"<div align=\"center\"><a href=\"http:\/\/centros.unileon.es\/biologia\/files\/2011\/05\/DSCN1431_edited.jpg\"><img loading=\"lazy\" decoding=\"async\" class=\"aligncenter size-medium wp-image-1581\" src=\"http:\/\/centros.unileon.es\/biologia\/files\/2011\/05\/DSCN1431_edited-300x225.jpg\" alt=\"\" width=\"300\" height=\"225\" srcset=\"https:\/\/centros.unileon.es\/biologia\/files\/2011\/05\/DSCN1431_edited-300x225.jpg 300w, https:\/\/centros.unileon.es\/biologia\/files\/2011\/05\/DSCN1431_edited-1024x768.jpg 1024w\" sizes=\"auto, (max-width: 300px) 100vw, 300px\" \/><\/a><\/div>\r\n<h2>M\u00e1steres dependiendes de la Facultad<\/h2>\r\n<ul>\r\n<li>\r\n<h3><a href=\"http:\/\/centros.unileon.es\/biologia\/master-en-riesgos-naturales-estudios\/\">M\u00e1ster Universitario en Riesgos Naturales\r\n<\/a><\/h3>\r\n<\/li>\r\n<li>\r\n<h3><a href=\"http:\/\/centros.unileon.es\/biologia\/master-en-investigacion-en-biologia-fundamental-y-biomedicina-estudios\/\">M\u00e1ster Universitario en Investigaci\u00f3n en Biolog\u00eda Fundamental y Biomedicina\r\n<\/a><\/h3>\r\n<\/li>\r\n<\/ul>\r\n<h2>Otros M\u00e1steres de Ciencias de la Universidad de Le\u00f3n<\/h2>\r\n<ul>\r\n<li>\r\n<h3><a href=\"http:\/\/www.unileon.es\/estudiantes\/estudiantes-master\/oferta-titulaciones\/mu-estudios-avanzados-flora-fauna\">M\u00e1ster Universitario en Estudios Avanzados en Flora y Fauna<\/a><\/h3>(la Facultad no es el centro responsable)\r\n<\/li>\r\n<\/ul>\r\n<div align=\"center\"><a href=\"http:\/\/centros.unileon.es\/biologia\/\">Inicio<\/a><\/div>","protected":false},"excerpt":{"rendered":"<p>M\u00e1steres dependiendes de la Facultad M\u00e1ster Universitario en Riesgos Naturales M\u00e1ster Universitario en Investigaci\u00f3n en Biolog\u00eda Fundamental y Biomedicina Otros M\u00e1steres de Ciencias de la Universidad de Le\u00f3n M\u00e1ster Universitario en Estudios Avanzados en Flora y Fauna(la Facultad no es el centro responsable) Inicio<\/p>\n","protected":false},"author":3,"featured_media":0,"parent":0,"menu_order":0,"comment_status":"closed","ping_status":"closed","template":"","meta":{"footnotes":""},"class_list":["post-8069","page","type-page","status-publish","hentry"],"_links":{"self":[{"href":"https:\/\/centros.unileon.es\/biologia\/wp-json\/wp\/v2\/pages\/8069","targetHints":{"allow":["GET"]}}],"collection":[{"href":"https:\/\/centros.unileon.es\/biologia\/wp-json\/wp\/v2\/pages"}],"about":[{"href":"https:\/\/centros.unileon.es\/biologia\/wp-json\/wp\/v2\/types\/page"}],"author":[{"embeddable":true,"href":"https:\/\/centros.unileon.es\/biologia\/wp-json\/wp\/v2\/users\/3"}],"replies":[{"embeddable":true,"href":"https:\/\/centros.unileon.es\/biologia\/wp-json\/wp\/v2\/comments?post=8069"}],"version-history":[{"count":8,"href":"https:\/\/centros.unileon.es\/biologia\/wp-json\/wp\/v2\/pages\/8069\/revisions"}],"predecessor-version":[{"id":8080,"href":"https:\/\/centros.unileon.es\/biologia\/wp-json\/wp\/v2\/pages\/8069\/revisions\/8080"}],"wp:attachment":[{"href":"https:\/\/centros.unileon.es\/biologia\/wp-json\/wp\/v2\/media?parent=8069"}],"curies":[{"name":"wp","href":"https:\/\/api.w.org\/{rel}","templated":true}]}}