{"id":8046,"date":"2016-02-08T12:43:30","date_gmt":"2016-02-08T12:43:30","guid":{"rendered":"http:\/\/centros.unileon.es\/biologia\/?page_id=8046"},"modified":"2016-02-08T13:09:10","modified_gmt":"2016-02-08T13:09:10","slug":"master-investigacion-biologia-fundamental-y-biomedicina","status":"publish","type":"page","link":"https:\/\/centros.unileon.es\/biologia\/master-investigacion-biologia-fundamental-y-biomedicina\/","title":{"rendered":"M\u00e1ster en Investigaci\u00f3n en Biolog\u00eda Fundamental y Biomedicina"},"content":{"rendered":"<div align=\"center\"><img loading=\"lazy\" decoding=\"async\" src=\"http:\/\/centros.unileon.es\/biologia\/files\/2016\/01\/Master_IBFB_Logo.png\" alt=\"Logo\" width=\"300\" height=\"300\" class=\"alignnone size-medium wp-image-4890\" \/><\/div>\r\n\r\n<h3>Plan de Estudios<\/h3>\r\n<a href=\"http:\/\/www.unileon.es\/estudiantes\/estudiantes-master\/oferta-titulaciones\/mu-metodologia-investigacion-biologia-biomedicina\/plan-estudios\"><strong>Enlace al Plan de Estudios<\/strong><\/a>\r\n\r\n<h3>Horario Curso 2015-2016<\/h3>\r\n\r\n<strong>El aula reservada para la impartici\u00f3n de las clases del M\u00e1ster es la D.0.5 del edificio Darwin<\/strong>\r\n\r\n<iframe loading=\"lazy\" src=\"https:\/\/calendar.google.com\/calendar\/embed?title=M%C3%A1ster%20en%20Investigaci%C3%B3n%20en%20Biolog%C3%ADa%20Fundamental%20y%20Biomedicina&amp;mode=WEEK&amp;height=400&amp;wkst=2&amp;bgcolor=%23FFFFFF&amp;src=hq9730m88a2qec1m4ing18gia4%40group.calendar.google.com&amp;color=%23182C57&amp;src=5puf7uaoa2oe1okl255adcplck%40group.calendar.google.com&amp;color=%23691426&amp;src=96d2da3e0mkd0tm4b4n3olopis%40group.calendar.google.com&amp;color=%23853104&amp;src=i8spciet3ohgbrrocd3amgmf4s%40group.calendar.google.com&amp;color=%230F4B38&amp;src=b7brq3llvlf1u1fg2hqjm1c6h8%40group.calendar.google.com&amp;color=%232F6309&amp;src=h1e6ee6qvmtpdf1r1sjs8jdreg%40group.calendar.google.com&amp;color=%23875509&amp;src=btoba836r4ms0n2m8v1t98mjpk%40group.calendar.google.com&amp;color=%23711616&amp;ctz=Europe%2FMadrid\" style=\"border-width:0\" width=\"600\" height=\"400\" frameborder=\"0\" scrolling=\"no\"><\/iframe>\r\n\r\nEl Trabajo Fin de M\u00e1ster se desarrollar\u00e1 durante todas las ma\u00f1anas (octubre a junio) en el laboratorio del supervisor del proyecto de investigaci\u00f3n.\r\n\r\n<h3>Documentos Curso 2015-2016<\/h3>\r\n<ul>\r\n\t<li><a href=\"http:\/\/centros.unileon.es\/biologia\/files\/2011\/05\/OFERTA-TFM-15-16-FINAL.pdf\">Temas y Tutores de Trabajos Fin de M\u00e1ster<\/a><\/li>\r\n<\/ul>\r\n<ul>\r\n\t<li><a href=\"http:\/\/centros.unileon.es\/biologia\/files\/2015\/12\/Master_InvBFBiomed_Comision_Academica2015_16.pdf\">Comisi\u00f3n Acad\u00e9mica del M\u00e1ster<\/a> (aprobada en Junta de Facultad de 22 de octubre de 2015)<\/li>\r\n<\/ul>\r\n<ul>\r\n\t<li>Coordinador del M\u00e1ster: <a href=\"http:\/\/centros.unileon.es\/biologia\/juan-pablo-barrio-lera\/\">Dr. Juan Pablo Barrio Lera<\/a><\/li>\r\n<\/ul>\r\n<ul>\r\n\t<li>Tutora del PAT: <a href=\"http:\/\/centros.unileon.es\/biologia\/maria-cano-rabano\/\">Dra. Mar\u00eda Cano R\u00e1bano<\/a><\/li>\r\n<\/ul>\r\n\r\n<h3>Trabajos Fin de M\u00e1ster (TFM)<\/h3>\r\n\r\n<a href=\"http:\/\/centros.unileon.es\/biologia\/files\/2011\/06\/Reglamento_TFM_ULE.pdf\">Reglamento sobre TFM de la ULE<\/a>\r\n\r\n<a href=\"\">Normas de elaboraci\u00f3n de los trabajos<\/a>\r\n\r\n<a href=\"\">Fechas de entrega y defensa de los TFMs<\/a>\r\n\r\n<a href=\"\">Criterios de evaluacion<\/a>\r\n\r\n\r\n\r\n\r\n\r\n<div align=\"center\"><a href=\"http:\/\/centros.unileon.es\/biologia\/\">Inicio<\/a><\/div>","protected":false},"excerpt":{"rendered":"<p>Plan de Estudios Enlace al Plan de Estudios Horario Curso 2015-2016 El aula reservada para la impartici\u00f3n de las clases del M\u00e1ster es la D.0.5 del edificio Darwin El Trabajo Fin de M\u00e1ster se desarrollar\u00e1 durante todas las ma\u00f1anas (octubre a junio) en el laboratorio del supervisor del proyecto de investigaci\u00f3n. Documentos Curso 2015-2016 Temas [&hellip;]<\/p>\n","protected":false},"author":3,"featured_media":0,"parent":0,"menu_order":0,"comment_status":"closed","ping_status":"closed","template":"","meta":{"footnotes":""},"class_list":["post-8046","page","type-page","status-publish","hentry"],"_links":{"self":[{"href":"https:\/\/centros.unileon.es\/biologia\/wp-json\/wp\/v2\/pages\/8046","targetHints":{"allow":["GET"]}}],"collection":[{"href":"https:\/\/centros.unileon.es\/biologia\/wp-json\/wp\/v2\/pages"}],"about":[{"href":"https:\/\/centros.unileon.es\/biologia\/wp-json\/wp\/v2\/types\/page"}],"author":[{"embeddable":true,"href":"https:\/\/centros.unileon.es\/biologia\/wp-json\/wp\/v2\/users\/3"}],"replies":[{"embeddable":true,"href":"https:\/\/centros.unileon.es\/biologia\/wp-json\/wp\/v2\/comments?post=8046"}],"version-history":[{"count":2,"href":"https:\/\/centros.unileon.es\/biologia\/wp-json\/wp\/v2\/pages\/8046\/revisions"}],"predecessor-version":[{"id":8048,"href":"https:\/\/centros.unileon.es\/biologia\/wp-json\/wp\/v2\/pages\/8046\/revisions\/8048"}],"wp:attachment":[{"href":"https:\/\/centros.unileon.es\/biologia\/wp-json\/wp\/v2\/media?parent=8046"}],"curies":[{"name":"wp","href":"https:\/\/api.w.org\/{rel}","templated":true}]}}