{"id":74,"date":"2010-10-25T08:00:28","date_gmt":"2010-10-25T08:00:28","guid":{"rendered":"http:\/\/centros.unileon.es\/biologia\/"},"modified":"2010-11-02T16:39:03","modified_gmt":"2010-11-02T16:39:03","slug":"grado-en-biologia","status":"publish","type":"page","link":"https:\/\/centros.unileon.es\/biologia\/planes-de-estudio-y-titulaciones\/grado-en-biologia\/","title":{"rendered":"Grado en Biolog\u00eda"},"content":{"rendered":"<div style=\"text-align: justify\"><a href=\"http:\/\/centros.unileon.es\/biologia\/files\/2010\/10\/gbio.jpg\"><img decoding=\"async\" src=\"http:\/\/centros.unileon.es\/biologia\/files\/2010\/10\/gbio.jpg\" alt=\"\" \/><\/a>\r\n<br><br>\r\nEl t\u00edtulo de Grado en Biolog\u00eda por la Universidad de Le\u00f3n es heredero de una Licenciatura de larga tradici\u00f3n que se viene impartiendo desde 1953. En la Universidad de Le\u00f3n la titulaci\u00f3n fue autorizada en 1961, lo que la hac\u00eda la tercera de Espa\u00f1a despu\u00e9s de Madrid y Barcelona. No obstante, siendo entonces dependiente de la Universidad de Oviedo, no se implantaron los estudios hasta el curso 1968-69. En el devenir de estos 40 a\u00f1os ha adquirido un elevado prestigio entre los t\u00edtulos que se imparten en la Universidad espa\u00f1ola.\r\n<\/div>\r\n<br>\r\n<div>El grado en Biolog\u00eda tiene un marcado car\u00e1cter formativo que permite la incorporaci\u00f3n al mundo laboral en los sectores de la investigaci\u00f3n y el desarrollo, sanitario, empresarial e industrial, agropecuario y del medioambiente, comercial y de la informaci\u00f3n y la docencia, y facilita tambi\u00e9n su especializaci\u00f3n profesional e investigadora a trav\u00e9s de los posgrados que demande el desarrollo cient\u00edfico y tecnol\u00f3gico, sin olvidar la formaci\u00f3n continuada a lo largo de la vida.<\/div>\r\n<br>\r\n<div>En este sentido, el Libro Blanco de Grado en Biolog\u00eda de la ANECA basa el mantenimiento de una titulaci\u00f3n generalista de bi\u00f3logo en las siguientes razones:<\/div>\r\n<ul>\r\n\t<li>La ciencia de la Biolog\u00eda es una parte esencial del conocimiento humano.<\/li>\r\n\t<li>Los avances en Biolog\u00eda son muy importantes para el desarrollo de la sociedad.<\/li>\r\n\t<li>Existe una demanda social de los estudios de Biolog\u00eda.<\/li>\r\n\t<li>Los egresados encuentran trabajo dentro del \u00e1mbito propio de la titulaci\u00f3n.<\/li>\r\n\t<li>El sector profesional conf\u00eda en los titulados.<\/li>\r\n<\/ul>\r\n<br>\r\nEnlace al <a href=\"http:\/\/www.unileon.es\/ficheros\/estudios\/grados\/grado_biologia_triptico.pdf\">tr\u00edptico informativo del Grado en Biolog\u00eda<\/a>\r\n<p class=\"MsoNormal\" style=\"line-height: 150%\"><span lang=\"ES-TRAD\"><span> <\/span>El Plan de Estudios del Grado en Biolog\u00eda presenta un total de 240 cr\u00e9ditos distribuidos en 4 cursos de 60 cr\u00e9ditos cada uno. Cada curso se divide en dos semestres que <span class=\"GramE\">incluyen <\/span>toda la teor\u00eda y pr\u00e1ctica que los alumnos deben adquirir<\/span><\/p>\r\n<p class=\"MsoNormal\"><span lang=\"ES-TRAD\">\r\n<\/span><\/p>\r\n\r\n<table class=\"MsoNormalTable\" style=\"border-collapse: collapse;border: medium none\" border=\"1\" cellspacing=\"0\" cellpadding=\"0\">\r\n<tbody>\r\n<tr>\r\n<td style=\"width: 428.75pt;border: 1pt solid windowtext;padding: 0cm 3.5pt\" colspan=\"4\" valign=\"top\">\r\n<p class=\"MsoNormal\" style=\"text-align: center\"><span lang=\"ES-TRAD\">PRIMER  CURSO (Implantado Curso 2009-2010)<\/span><\/p>\r\n<\/td>\r\n<\/tr>\r\n<tr>\r\n<td style=\"width: 216.1pt;padding: 0cm 3.5pt\" colspan=\"2\" valign=\"top\">\r\n<p class=\"MsoNormal\" style=\"text-align: center\"><span lang=\"ES-TRAD\">Asignaturas  Anuales<\/span><\/p>\r\n<\/td>\r\n<td style=\"width: 212.65pt;padding: 0cm 3.5pt\" colspan=\"2\" valign=\"top\">\r\n<p class=\"MsoNormal\" style=\"text-align: center\"><span lang=\"ES-TRAD\">CR\u00c9DITOS<\/span><\/p>\r\n<\/td>\r\n<\/tr>\r\n<tr>\r\n<td style=\"width: 216.1pt;padding: 0cm 3.5pt\" colspan=\"2\" valign=\"top\">\r\n<p class=\"MsoNormal\"><span lang=\"ES-TRAD\">Biolog\u00eda I<\/span><\/p>\r\n<\/td>\r\n<td style=\"width: 212.65pt;padding: 0cm 3.5pt\" colspan=\"2\" valign=\"top\">\r\n<p class=\"MsoNormal\" style=\"text-align: center\"><span lang=\"ES-TRAD\">12<\/span><\/p>\r\n<\/td>\r\n<\/tr>\r\n<tr>\r\n<td style=\"width: 216.1pt;padding: 0cm 3.5pt\" colspan=\"2\" valign=\"top\">\r\n<p class=\"MsoNormal\"><span lang=\"ES-TRAD\">Biolog\u00eda II<\/span><\/p>\r\n<\/td>\r\n<td style=\"width: 212.65pt;padding: 0cm 3.5pt\" colspan=\"2\" valign=\"top\">\r\n<p class=\"MsoNormal\" style=\"text-align: center\"><span lang=\"ES-TRAD\">12<\/span><\/p>\r\n<\/td>\r\n<\/tr>\r\n<tr>\r\n<td style=\"width: 216.1pt;padding: 0cm 3.5pt\" colspan=\"2\" valign=\"top\">\r\n<p class=\"MsoNormal\" style=\"text-align: center\"><span lang=\"ES-TRAD\">PRIMER  SEMESTRE<\/span><\/p>\r\n<\/td>\r\n<td style=\"width: 212.65pt;padding: 0cm 3.5pt\" colspan=\"2\" valign=\"top\">\r\n<p class=\"MsoNormal\" style=\"text-align: center\"><span lang=\"ES-TRAD\">SEGUNDO  SEMESTRE<\/span><\/p>\r\n<\/td>\r\n<\/tr>\r\n<tr>\r\n<td style=\"width: 145.25pt;padding: 0cm 3.5pt\" valign=\"top\">\r\n<p class=\"MsoNormal\"><span lang=\"ES-TRAD\">ASIGNATURA<\/span><\/p>\r\n<\/td>\r\n<td style=\"width: 70.85pt;padding: 0cm 3.5pt\" valign=\"top\">\r\n<p class=\"MsoNormal\" style=\"text-align: center\"><span lang=\"ES-TRAD\">CR\u00c9DITOS<\/span><\/p>\r\n<\/td>\r\n<td style=\"width: 146.95pt;padding: 0cm 3.5pt\" valign=\"top\">\r\n<p class=\"MsoNormal\"><span lang=\"ES-TRAD\">ASIGNATURA<\/span><\/p>\r\n<\/td>\r\n<td style=\"width: 65.7pt;padding: 0cm 3.5pt\" valign=\"top\">\r\n<p class=\"MsoNormal\" style=\"text-align: center\"><span lang=\"ES-TRAD\">CR\u00c9DITOS<\/span><\/p>\r\n<\/td>\r\n<\/tr>\r\n<tr>\r\n<td style=\"width: 145.25pt;padding: 0cm 3.5pt\" valign=\"top\">\r\n<p class=\"MsoNormal\"><span lang=\"ES-TRAD\">Qu\u00edmica<\/span><\/p>\r\n<\/td>\r\n<td style=\"width: 70.85pt;padding: 0cm 3.5pt\" valign=\"top\">\r\n<p class=\"MsoNormal\" style=\"text-align: center\"><span lang=\"ES-TRAD\">9<\/span><\/p>\r\n<\/td>\r\n<td style=\"width: 146.95pt;padding: 0cm 3.5pt\" valign=\"top\">\r\n<p class=\"MsoNormal\"><span lang=\"ES-TRAD\">F\u00edsica de los procesos biol\u00f3gicos<\/span><\/p>\r\n<\/td>\r\n<td style=\"width: 65.7pt;padding: 0cm 3.5pt\" valign=\"top\">\r\n<p class=\"MsoNormal\" style=\"text-align: center\"><span lang=\"ES-TRAD\">9<\/span><\/p>\r\n<\/td>\r\n<\/tr>\r\n<tr>\r\n<td style=\"width: 145.25pt;padding: 0cm 3.5pt\" valign=\"top\">\r\n<p class=\"MsoNormal\"><span lang=\"ES-TRAD\">Matem\u00e1ticas<\/span><\/p>\r\n<\/td>\r\n<td style=\"width: 70.85pt;padding: 0cm 3.5pt\" valign=\"top\">\r\n<p class=\"MsoNormal\" style=\"text-align: center\"><span lang=\"ES-TRAD\">9<\/span><\/p>\r\n<\/td>\r\n<td style=\"width: 146.95pt;padding: 0cm 3.5pt\" valign=\"top\">\r\n<p class=\"MsoNormal\"><span lang=\"ES-TRAD\">Geolog\u00eda<\/span><\/p>\r\n<\/td>\r\n<td style=\"width: 65.7pt;padding: 0cm 3.5pt\" valign=\"top\">\r\n<p class=\"MsoNormal\" style=\"text-align: center\"><span lang=\"ES-TRAD\">9<\/span><\/p>\r\n<\/td>\r\n<\/tr>\r\n<tr>\r\n<td style=\"width: 145.25pt;padding: 0cm 3.5pt\" valign=\"top\">\r\n<p class=\"MsoNormal\"><span lang=\"ES-TRAD\"> <\/span><\/p>\r\n<\/td>\r\n<td style=\"width: 70.85pt;background: none repeat scroll 0% 0% #a6a6a6;padding: 0cm 3.5pt\" valign=\"top\">\r\n<p class=\"MsoNormal\" style=\"text-align: center\"><span lang=\"ES-TRAD\">30<\/span><\/p>\r\n<\/td>\r\n<td style=\"width: 146.95pt;padding: 0cm 3.5pt\" valign=\"top\">\r\n<p class=\"MsoNormal\"><span lang=\"ES-TRAD\"> <\/span><\/p>\r\n<\/td>\r\n<td style=\"width: 65.7pt;background: none repeat scroll 0% 0% #a6a6a6;padding: 0cm 3.5pt\" valign=\"top\">\r\n<p class=\"MsoNormal\" style=\"text-align: center\"><span lang=\"ES-TRAD\">30<\/span><\/p>\r\n<\/td>\r\n<\/tr>\r\n<\/tbody>\r\n<\/table>\r\n<p class=\"MsoNormal\"><span lang=\"ES-TRAD\"> <\/span><\/p>\r\n\r\n<table class=\"MsoNormalTable\" style=\"border-collapse: collapse;border: medium none\" border=\"1\" cellspacing=\"0\" cellpadding=\"0\">\r\n<tbody>\r\n<tr>\r\n<td style=\"width: 428.75pt;border: 1pt solid windowtext;padding: 0cm 3.5pt\" colspan=\"4\" valign=\"top\">\r\n<p class=\"MsoNormal\" style=\"text-align: center\"><span lang=\"PT-BR\">SEGUNDO CURSO (A implantar Curso 2010-2011)<\/span><\/p>\r\n<\/td>\r\n<\/tr>\r\n<tr>\r\n<td style=\"width: 216.1pt;padding: 0cm 3.5pt\" colspan=\"2\" valign=\"top\">\r\n<p class=\"MsoNormal\" style=\"text-align: center\"><span lang=\"ES-TRAD\">PRIMER  SEMESTRE<\/span><\/p>\r\n<\/td>\r\n<td style=\"width: 212.65pt;padding: 0cm 3.5pt\" colspan=\"2\" valign=\"top\">\r\n<p class=\"MsoNormal\" style=\"text-align: center\"><span lang=\"ES-TRAD\">SEGUNDO  SEMESTRE<\/span><\/p>\r\n<\/td>\r\n<\/tr>\r\n<tr>\r\n<td style=\"width: 145.25pt;padding: 0cm 3.5pt\" valign=\"top\">\r\n<p class=\"MsoNormal\"><span lang=\"ES-TRAD\">ASIGNATURA<\/span><\/p>\r\n<\/td>\r\n<td style=\"width: 70.85pt;padding: 0cm 3.5pt\" valign=\"top\">\r\n<p class=\"MsoNormal\" style=\"text-align: center\"><span lang=\"ES-TRAD\">CR\u00c9DITOS<\/span><\/p>\r\n<\/td>\r\n<td style=\"width: 146.95pt;padding: 0cm 3.5pt\" valign=\"top\">\r\n<p class=\"MsoNormal\"><span lang=\"ES-TRAD\">ASIGNATURA<\/span><\/p>\r\n<\/td>\r\n<td style=\"width: 65.7pt;padding: 0cm 3.5pt\" valign=\"top\">\r\n<p class=\"MsoNormal\" style=\"text-align: center\"><span lang=\"ES-TRAD\">CR\u00c9DITOS<\/span><\/p>\r\n<\/td>\r\n<\/tr>\r\n<tr>\r\n<td style=\"width: 145.25pt;padding: 0cm 3.5pt\" valign=\"top\">\r\n<p class=\"MsoNormal\"><span lang=\"ES-TRAD\">Bioqu\u00edmica<\/span><\/p>\r\n<\/td>\r\n<td style=\"width: 70.85pt;padding: 0cm 3.5pt\" valign=\"top\">\r\n<p class=\"MsoNormal\" style=\"text-align: center\"><span lang=\"ES-TRAD\">6<\/span><\/p>\r\n<\/td>\r\n<td style=\"width: 146.95pt;padding: 0cm 3.5pt\" valign=\"top\">\r\n<p class=\"MsoNormal\"><span lang=\"ES-TRAD\">Antropolog\u00eda F\u00edsica<\/span><\/p>\r\n<\/td>\r\n<td style=\"width: 65.7pt;padding: 0cm 3.5pt\" valign=\"top\">\r\n<p class=\"MsoNormal\" style=\"text-align: center\"><span lang=\"ES-TRAD\">6<\/span><\/p>\r\n<\/td>\r\n<\/tr>\r\n<tr>\r\n<td style=\"width: 145.25pt;padding: 0cm 3.5pt\" valign=\"top\">\r\n<p class=\"MsoNormal\"><span lang=\"ES-TRAD\">Citolog\u00eda e Histolog\u00eda Animal y Vegetal<\/span><\/p>\r\n<\/td>\r\n<td style=\"width: 70.85pt;padding: 0cm 3.5pt\" valign=\"top\">\r\n<p class=\"MsoNormal\" style=\"text-align: center\"><span lang=\"ES-TRAD\">6<\/span><\/p>\r\n<\/td>\r\n<td style=\"width: 146.95pt;padding: 0cm 3.5pt\" valign=\"top\">\r\n<p class=\"MsoNormal\"><span lang=\"ES-TRAD\">Bot\u00e1nica Fundamental<\/span><\/p>\r\n<\/td>\r\n<td style=\"width: 65.7pt;padding: 0cm 3.5pt\" valign=\"top\">\r\n<p class=\"MsoNormal\" style=\"text-align: center\"><span lang=\"ES-TRAD\">6<\/span><\/p>\r\n<\/td>\r\n<\/tr>\r\n<tr>\r\n<td style=\"width: 145.25pt;padding: 0cm 3.5pt\" valign=\"top\">\r\n<p class=\"MsoNormal\"><span lang=\"ES-TRAD\">Ecolog\u00eda de Poblaciones<\/span><\/p>\r\n<\/td>\r\n<td style=\"width: 70.85pt;padding: 0cm 3.5pt\" valign=\"top\">\r\n<p class=\"MsoNormal\" style=\"text-align: center\"><span lang=\"ES-TRAD\">6<\/span><\/p>\r\n<\/td>\r\n<td style=\"width: 146.95pt;padding: 0cm 3.5pt\" valign=\"top\">\r\n<p class=\"MsoNormal\"><span lang=\"ES-TRAD\">Fisiolog\u00eda Animal I<\/span><\/p>\r\n<\/td>\r\n<td style=\"width: 65.7pt;padding: 0cm 3.5pt\" valign=\"top\">\r\n<p class=\"MsoNormal\" style=\"text-align: center\"><span lang=\"ES-TRAD\">6<\/span><\/p>\r\n<\/td>\r\n<\/tr>\r\n<tr>\r\n<td style=\"width: 145.25pt;padding: 0cm 3.5pt\" valign=\"top\">\r\n<p class=\"MsoNormal\"><span lang=\"ES-TRAD\">Gen\u00e9tica Fundamental<\/span><\/p>\r\n<\/td>\r\n<td style=\"width: 70.85pt;padding: 0cm 3.5pt\" valign=\"top\">\r\n<p class=\"MsoNormal\" style=\"text-align: center\"><span lang=\"ES-TRAD\">6<\/span><\/p>\r\n<\/td>\r\n<td style=\"width: 146.95pt;padding: 0cm 3.5pt\" valign=\"top\">\r\n<p class=\"MsoNormal\"><span lang=\"ES-TRAD\">Fisiolog\u00eda Vegetal<\/span><\/p>\r\n<\/td>\r\n<td style=\"width: 65.7pt;padding: 0cm 3.5pt\" valign=\"top\">\r\n<p class=\"MsoNormal\" style=\"text-align: center\"><span lang=\"ES-TRAD\">6<\/span><\/p>\r\n<\/td>\r\n<\/tr>\r\n<tr>\r\n<td style=\"width: 145.25pt;padding: 0cm 3.5pt\" valign=\"top\">\r\n<p class=\"MsoNormal\"><span lang=\"ES-TRAD\">Zoolog\u00eda Fundamental<\/span><\/p>\r\n<\/td>\r\n<td style=\"width: 70.85pt;padding: 0cm 3.5pt\" valign=\"top\">\r\n<p class=\"MsoNormal\" style=\"text-align: center\"><span lang=\"ES-TRAD\">6<\/span><\/p>\r\n<\/td>\r\n<td style=\"width: 146.95pt;padding: 0cm 3.5pt\" valign=\"top\">\r\n<p class=\"MsoNormal\"><span lang=\"ES-TRAD\">Microbiolog\u00eda General<\/span><\/p>\r\n<\/td>\r\n<td style=\"width: 65.7pt;padding: 0cm 3.5pt\" valign=\"top\">\r\n<p class=\"MsoNormal\" style=\"text-align: center\"><span lang=\"ES-TRAD\">6<\/span><\/p>\r\n<\/td>\r\n<\/tr>\r\n<tr>\r\n<td style=\"width: 145.25pt;padding: 0cm 3.5pt\" valign=\"top\">\r\n<p class=\"MsoNormal\"><span lang=\"ES-TRAD\"> <\/span><\/p>\r\n<\/td>\r\n<td style=\"width: 70.85pt;background: none repeat scroll 0% 0% #a6a6a6;padding: 0cm 3.5pt\" valign=\"top\">\r\n<p class=\"MsoNormal\" style=\"text-align: center\"><span lang=\"ES-TRAD\">30<\/span><\/p>\r\n<\/td>\r\n<td style=\"width: 146.95pt;padding: 0cm 3.5pt\" valign=\"top\">\r\n<p class=\"MsoNormal\"><span lang=\"ES-TRAD\"> <\/span><\/p>\r\n<\/td>\r\n<td style=\"width: 65.7pt;background: none repeat scroll 0% 0% #a6a6a6;padding: 0cm 3.5pt\" valign=\"top\">\r\n<p class=\"MsoNormal\" style=\"text-align: center\"><span lang=\"ES-TRAD\">30<\/span><\/p>\r\n<\/td>\r\n<\/tr>\r\n<\/tbody>\r\n<\/table>\r\n<p class=\"MsoNormal\"><span lang=\"ES-TRAD\"> <\/span><\/p>\r\n\r\n<table class=\"MsoNormalTable\" style=\"border-collapse: collapse;border: medium none\" border=\"1\" cellspacing=\"0\" cellpadding=\"0\">\r\n<tbody>\r\n<tr>\r\n<td style=\"width: 431.1pt;border: 1pt solid windowtext;padding: 0cm 3.5pt\" colspan=\"4\" valign=\"top\">\r\n<p class=\"MsoNormal\" style=\"text-align: center\"><span lang=\"ES-TRAD\">TERCER  CURSO (A implantar Curso 2011-2012)<\/span><\/p>\r\n<\/td>\r\n<\/tr>\r\n<tr>\r\n<td style=\"width: 218.45pt;padding: 0cm 3.5pt\" colspan=\"2\" valign=\"top\">\r\n<p class=\"MsoNormal\" style=\"text-align: center\"><span lang=\"ES-TRAD\">PRIMER  SEMESTRE<\/span><\/p>\r\n<\/td>\r\n<td style=\"width: 212.65pt;padding: 0cm 3.5pt\" colspan=\"2\" valign=\"top\">\r\n<p class=\"MsoNormal\" style=\"text-align: center\"><span lang=\"ES-TRAD\">SEGUNDO  SEMESTRE<\/span><\/p>\r\n<\/td>\r\n<\/tr>\r\n<tr>\r\n<td style=\"width: 147.6pt;padding: 0cm 3.5pt\" valign=\"top\">\r\n<p class=\"MsoNormal\"><span lang=\"ES-TRAD\">ASIGNATURA<\/span><\/p>\r\n<\/td>\r\n<td style=\"width: 70.85pt;padding: 0cm 3.5pt\" valign=\"top\">\r\n<p class=\"MsoNormal\" style=\"text-align: center\"><span lang=\"ES-TRAD\">CR\u00c9DITOS<\/span><\/p>\r\n<\/td>\r\n<td style=\"width: 146.95pt;padding: 0cm 3.5pt\" valign=\"top\">\r\n<p class=\"MsoNormal\"><span lang=\"ES-TRAD\">ASIGNATURA<\/span><\/p>\r\n<\/td>\r\n<td style=\"width: 65.7pt;padding: 0cm 3.5pt\" valign=\"top\">\r\n<p class=\"MsoNormal\" style=\"text-align: center\"><span lang=\"ES-TRAD\">CR\u00c9DITOS<\/span><\/p>\r\n<\/td>\r\n<\/tr>\r\n<tr>\r\n<td style=\"width: 147.6pt;padding: 0cm 3.5pt\" valign=\"top\">\r\n<p class=\"MsoNormal\"><span lang=\"ES-TRAD\">Diversidad e Importancia de los  Microorganismos<\/span><\/p>\r\n<\/td>\r\n<td style=\"width: 70.85pt;padding: 0cm 3.5pt\" valign=\"top\">\r\n<p class=\"MsoNormal\" style=\"text-align: center\"><span lang=\"ES-TRAD\">6<\/span><\/p>\r\n<\/td>\r\n<td style=\"width: 146.95pt;padding: 0cm 3.5pt\" valign=\"top\">\r\n<p class=\"MsoNormal\"><span lang=\"ES-TRAD\">Bot\u00e1nica Avanzada Aplicada<\/span><\/p>\r\n<\/td>\r\n<td style=\"width: 65.7pt;padding: 0cm 3.5pt\" valign=\"top\">\r\n<p class=\"MsoNormal\" style=\"text-align: center\"><span lang=\"ES-TRAD\">6<\/span><\/p>\r\n<\/td>\r\n<\/tr>\r\n<tr>\r\n<td style=\"width: 147.6pt;padding: 0cm 3.5pt\" valign=\"top\">\r\n<p class=\"MsoNormal\"><span lang=\"ES-TRAD\">Fisiolog\u00eda Vegetal Aplicada<\/span><\/p>\r\n<\/td>\r\n<td style=\"width: 70.85pt;padding: 0cm 3.5pt\" valign=\"top\">\r\n<p class=\"MsoNormal\" style=\"text-align: center\"><span lang=\"ES-TRAD\">6<\/span><\/p>\r\n<\/td>\r\n<td style=\"width: 146.95pt;padding: 0cm 3.5pt\" valign=\"top\">\r\n<p class=\"MsoNormal\"><span lang=\"ES-TRAD\">Ecolog\u00eda de Comunidades y Ecosistemas<\/span><\/p>\r\n<\/td>\r\n<td style=\"width: 65.7pt;padding: 0cm 3.5pt\" valign=\"top\">\r\n<p class=\"MsoNormal\" style=\"text-align: center\"><span lang=\"ES-TRAD\">6<\/span><\/p>\r\n<\/td>\r\n<\/tr>\r\n<tr>\r\n<td style=\"width: 147.6pt;padding: 0cm 3.5pt\" valign=\"top\">\r\n<p class=\"MsoNormal\"><span lang=\"ES-TRAD\">Fisiolog\u00eda Animal II<\/span><\/p>\r\n<\/td>\r\n<td style=\"width: 70.85pt;padding: 0cm 3.5pt\" valign=\"top\">\r\n<p class=\"MsoNormal\" style=\"text-align: center\"><span lang=\"ES-TRAD\">6<\/span><\/p>\r\n<\/td>\r\n<td style=\"width: 146.95pt;padding: 0cm 3.5pt\" valign=\"top\">\r\n<p class=\"MsoNormal\"><span lang=\"ES-TRAD\">Gen\u00e9tica Avanzada y Aplicada<\/span><\/p>\r\n<\/td>\r\n<td style=\"width: 65.7pt;padding: 0cm 3.5pt\" valign=\"top\">\r\n<p class=\"MsoNormal\" style=\"text-align: center\"><span lang=\"ES-TRAD\">6<\/span><\/p>\r\n<\/td>\r\n<\/tr>\r\n<tr>\r\n<td style=\"width: 147.6pt;padding: 0cm 3.5pt\" valign=\"top\">\r\n<p class=\"MsoNormal\"><span lang=\"ES-TRAD\">Organograf\u00eda Microsc\u00f3pica Animal y  Vegetal<\/span><\/p>\r\n<\/td>\r\n<td style=\"width: 70.85pt;padding: 0cm 3.5pt\" valign=\"top\">\r\n<p class=\"MsoNormal\" style=\"text-align: center\"><span lang=\"ES-TRAD\">6<\/span><\/p>\r\n<\/td>\r\n<td style=\"width: 146.95pt;padding: 0cm 3.5pt\" valign=\"top\">\r\n<p class=\"MsoNormal\"><span lang=\"ES-TRAD\">Zoolog\u00eda Avanzada y Aplicada<\/span><\/p>\r\n<\/td>\r\n<td style=\"width: 65.7pt;padding: 0cm 3.5pt\" valign=\"top\">\r\n<p class=\"MsoNormal\" style=\"text-align: center\"><span lang=\"ES-TRAD\">6<\/span><\/p>\r\n<\/td>\r\n<\/tr>\r\n<tr>\r\n<td style=\"width: 147.6pt;padding: 0cm 3.5pt\" valign=\"top\">\r\n<p class=\"MsoNormal\"><span lang=\"ES-TRAD\">Regulaci\u00f3n del Metabolismo<\/span><\/p>\r\n<\/td>\r\n<td style=\"width: 70.85pt;padding: 0cm 3.5pt\" valign=\"top\">\r\n<p class=\"MsoNormal\" style=\"text-align: center\"><span lang=\"ES-TRAD\">6<\/span><\/p>\r\n<\/td>\r\n<td style=\"width: 146.95pt;padding: 0cm 3.5pt\" valign=\"top\">\r\n<p class=\"MsoNormal\"><span lang=\"ES-TRAD\">Optativas<\/span><\/p>\r\n<\/td>\r\n<td style=\"width: 65.7pt;padding: 0cm 3.5pt\" valign=\"top\">\r\n<p class=\"MsoNormal\" style=\"text-align: center\"><span lang=\"ES-TRAD\">6<\/span><\/p>\r\n<\/td>\r\n<\/tr>\r\n<tr>\r\n<td style=\"width: 147.6pt;padding: 0cm 3.5pt\" valign=\"top\">\r\n<p class=\"MsoNormal\"><span lang=\"ES-TRAD\"> <\/span><\/p>\r\n<\/td>\r\n<td style=\"width: 70.85pt;background: none repeat scroll 0% 0% #a6a6a6;padding: 0cm 3.5pt\" valign=\"top\">\r\n<p class=\"MsoNormal\" style=\"text-align: center\"><span lang=\"ES-TRAD\">30<\/span><\/p>\r\n<\/td>\r\n<td style=\"width: 146.95pt;padding: 0cm 3.5pt\" valign=\"top\">\r\n<p class=\"MsoNormal\"><span lang=\"ES-TRAD\"> <\/span><\/p>\r\n<\/td>\r\n<td style=\"width: 65.7pt;background: none repeat scroll 0% 0% #a6a6a6;padding: 0cm 3.5pt\" valign=\"top\">\r\n<p class=\"MsoNormal\" style=\"text-align: center\"><span lang=\"ES-TRAD\">30<\/span><\/p>\r\n<\/td>\r\n<\/tr>\r\n<\/tbody>\r\n<\/table>\r\n<p class=\"MsoNormal\"><span lang=\"ES-TRAD\"> <\/span><\/p>\r\n\r\n<table class=\"MsoNormalTable\" style=\"border-collapse: collapse;border: medium none\" border=\"1\" cellspacing=\"0\" cellpadding=\"0\">\r\n<tbody>\r\n<tr>\r\n<td style=\"width: 428.75pt;border: 1pt solid windowtext;padding: 0cm 3.5pt\" colspan=\"4\" valign=\"top\">\r\n<p class=\"MsoNormal\" style=\"text-align: center\"><span lang=\"ES-TRAD\">CUARTO  CURSO (A implantar Curso 2012-2013)<\/span><\/p>\r\n<\/td>\r\n<\/tr>\r\n<tr>\r\n<td style=\"width: 216.1pt;padding: 0cm 3.5pt\" colspan=\"2\" valign=\"top\">\r\n<p class=\"MsoNormal\" style=\"text-align: center\"><span lang=\"ES-TRAD\">Asignaturas  Anuales<\/span><\/p>\r\n<\/td>\r\n<td style=\"width: 212.65pt;padding: 0cm 3.5pt\" colspan=\"2\" valign=\"top\">\r\n<p class=\"MsoNormal\" style=\"text-align: center\"><span lang=\"ES-TRAD\">CR\u00c9DITOS<\/span><\/p>\r\n<\/td>\r\n<\/tr>\r\n<tr>\r\n<td style=\"width: 216.1pt;padding: 0cm 3.5pt\" colspan=\"2\" valign=\"top\">\r\n<p class=\"MsoNormal\"><span lang=\"ES-TRAD\">Trabajo Fin de Grado<\/span><\/p>\r\n<\/td>\r\n<td style=\"width: 212.65pt;padding: 0cm 3.5pt\" colspan=\"2\" valign=\"top\">\r\n<p class=\"MsoNormal\" style=\"text-align: center\"><span lang=\"ES-TRAD\">12<\/span><\/p>\r\n<\/td>\r\n<\/tr>\r\n<tr>\r\n<td style=\"width: 216.1pt;padding: 0cm 3.5pt\" colspan=\"2\" valign=\"top\">\r\n<p class=\"MsoNormal\" style=\"text-align: center\"><span lang=\"ES-TRAD\">PRIMER  SEMESTRE<\/span><\/p>\r\n<\/td>\r\n<td style=\"width: 212.65pt;padding: 0cm 3.5pt\" colspan=\"2\" valign=\"top\">\r\n<p class=\"MsoNormal\" style=\"text-align: center\"><span lang=\"ES-TRAD\">SEGUNDO  SEMESTRE<\/span><\/p>\r\n<\/td>\r\n<\/tr>\r\n<tr>\r\n<td style=\"width: 145.25pt;padding: 0cm 3.5pt\" valign=\"top\">\r\n<p class=\"MsoNormal\"><span lang=\"ES-TRAD\">ASIGNATURA<\/span><\/p>\r\n<\/td>\r\n<td style=\"width: 70.85pt;padding: 0cm 3.5pt\" valign=\"top\">\r\n<p class=\"MsoNormal\" style=\"text-align: center\"><span lang=\"ES-TRAD\">CR\u00c9DITOS<\/span><\/p>\r\n<\/td>\r\n<td style=\"width: 146.95pt;padding: 0cm 3.5pt\" valign=\"top\">\r\n<p class=\"MsoNormal\"><span lang=\"ES-TRAD\">ASIGNATURA<\/span><\/p>\r\n<\/td>\r\n<td style=\"width: 65.7pt;padding: 0cm 3.5pt\" valign=\"top\">\r\n<p class=\"MsoNormal\" style=\"text-align: center\"><span lang=\"ES-TRAD\">CR\u00c9DITOS<\/span><\/p>\r\n<\/td>\r\n<\/tr>\r\n<tr>\r\n<td style=\"width: 145.25pt;padding: 0cm 3.5pt\" valign=\"top\">\r\n<p class=\"MsoNormal\"><span lang=\"ES-TRAD\">Inmunolog\u00eda: Bases de la Inmunidad<\/span><\/p>\r\n<\/td>\r\n<td style=\"width: 70.85pt;padding: 0cm 3.5pt\" valign=\"top\">\r\n<p class=\"MsoNormal\" style=\"text-align: center\"><span lang=\"ES-TRAD\">3<\/span><\/p>\r\n<\/td>\r\n<td style=\"width: 146.95pt;padding: 0cm 3.5pt\" valign=\"top\">\r\n<p class=\"MsoNormal\"><span lang=\"ES-TRAD\">Deontolog\u00eda y ejercicio profesional del  Bi\u00f3logo<\/span><\/p>\r\n<\/td>\r\n<td style=\"width: 65.7pt;padding: 0cm 3.5pt\" valign=\"top\">\r\n<p class=\"MsoNormal\" style=\"text-align: center\"><span lang=\"ES-TRAD\">3<\/span><\/p>\r\n<\/td>\r\n<\/tr>\r\n<tr>\r\n<td style=\"width: 145.25pt;padding: 0cm 3.5pt\" valign=\"top\">\r\n<p class=\"MsoNormal\"><span lang=\"ES-TRAD\">Introducci\u00f3n a Proyectos en Biolog\u00eda<\/span><\/p>\r\n<\/td>\r\n<td style=\"width: 70.85pt;padding: 0cm 3.5pt\" valign=\"top\">\r\n<p class=\"MsoNormal\" style=\"text-align: center\"><span lang=\"ES-TRAD\">3<\/span><\/p>\r\n<\/td>\r\n<td style=\"width: 146.95pt;padding: 0cm 3.5pt\" valign=\"top\">\r\n<p class=\"MsoNormal\"><span lang=\"ES-TRAD\">Evoluci\u00f3n<\/span><\/p>\r\n<\/td>\r\n<td style=\"width: 65.7pt;padding: 0cm 3.5pt\" valign=\"top\">\r\n<p class=\"MsoNormal\" style=\"text-align: center\"><span lang=\"ES-TRAD\">3<\/span><\/p>\r\n<\/td>\r\n<\/tr>\r\n<tr>\r\n<td style=\"width: 145.25pt;padding: 0cm 3.5pt\" valign=\"top\">\r\n<p class=\"MsoNormal\"><span lang=\"ES-TRAD\">Optativas<\/span><\/p>\r\n<\/td>\r\n<td style=\"width: 70.85pt;padding: 0cm 3.5pt\" valign=\"top\">\r\n<p class=\"MsoNormal\" style=\"text-align: center\"><span lang=\"ES-TRAD\">18<\/span><\/p>\r\n<\/td>\r\n<td style=\"width: 146.95pt;padding: 0cm 3.5pt\" valign=\"top\">\r\n<p class=\"MsoNormal\"><span lang=\"ES-TRAD\">Optativas<\/span><\/p>\r\n<\/td>\r\n<td style=\"width: 65.7pt;padding: 0cm 3.5pt\" valign=\"top\">\r\n<p class=\"MsoNormal\" style=\"text-align: center\"><span lang=\"ES-TRAD\">18<\/span><\/p>\r\n<\/td>\r\n<\/tr>\r\n<tr>\r\n<td style=\"width: 145.25pt;padding: 0cm 3.5pt\" valign=\"top\">\r\n<p class=\"MsoNormal\"><span lang=\"ES-TRAD\"> <\/span><\/p>\r\n<\/td>\r\n<td style=\"width: 70.85pt;background: none repeat scroll 0% 0% #a6a6a6;padding: 0cm 3.5pt\" valign=\"top\">\r\n<p class=\"MsoNormal\" style=\"text-align: center\"><span lang=\"ES-TRAD\">30<\/span><\/p>\r\n<\/td>\r\n<td style=\"width: 146.95pt;padding: 0cm 3.5pt\" valign=\"top\">\r\n<p class=\"MsoNormal\"><span lang=\"ES-TRAD\"> <\/span><\/p>\r\n<\/td>\r\n<td style=\"width: 65.7pt;background: none repeat scroll 0% 0% #a6a6a6;padding: 0cm 3.5pt\" valign=\"top\">\r\n<p class=\"MsoNormal\" style=\"text-align: center\"><span lang=\"ES-TRAD\">30<\/span><\/p>\r\n<\/td>\r\n<\/tr>\r\n<\/tbody>\r\n<\/table>","protected":false},"excerpt":{"rendered":"<p>El t\u00edtulo de Grado en Biolog\u00eda por la Universidad de Le\u00f3n es heredero de una Licenciatura de larga tradici\u00f3n que se viene impartiendo desde 1953. En la Universidad de Le\u00f3n la titulaci\u00f3n fue autorizada en 1961, lo que la hac\u00eda la tercera de Espa\u00f1a despu\u00e9s de Madrid y Barcelona. No obstante, siendo entonces dependiente de [&hellip;]<\/p>\n","protected":false},"author":17,"featured_media":0,"parent":24,"menu_order":0,"comment_status":"closed","ping_status":"open","template":"","meta":{"footnotes":""},"class_list":["post-74","page","type-page","status-publish","hentry"],"_links":{"self":[{"href":"https:\/\/centros.unileon.es\/biologia\/wp-json\/wp\/v2\/pages\/74","targetHints":{"allow":["GET"]}}],"collection":[{"href":"https:\/\/centros.unileon.es\/biologia\/wp-json\/wp\/v2\/pages"}],"about":[{"href":"https:\/\/centros.unileon.es\/biologia\/wp-json\/wp\/v2\/types\/page"}],"author":[{"embeddable":true,"href":"https:\/\/centros.unileon.es\/biologia\/wp-json\/wp\/v2\/users\/17"}],"replies":[{"embeddable":true,"href":"https:\/\/centros.unileon.es\/biologia\/wp-json\/wp\/v2\/comments?post=74"}],"version-history":[{"count":14,"href":"https:\/\/centros.unileon.es\/biologia\/wp-json\/wp\/v2\/pages\/74\/revisions"}],"predecessor-version":[{"id":119,"href":"https:\/\/centros.unileon.es\/biologia\/wp-json\/wp\/v2\/pages\/74\/revisions\/119"}],"up":[{"embeddable":true,"href":"https:\/\/centros.unileon.es\/biologia\/wp-json\/wp\/v2\/pages\/24"}],"wp:attachment":[{"href":"https:\/\/centros.unileon.es\/biologia\/wp-json\/wp\/v2\/media?parent=74"}],"curies":[{"name":"wp","href":"https:\/\/api.w.org\/{rel}","templated":true}]}}