{"id":6715,"date":"2015-01-11T13:24:23","date_gmt":"2015-01-11T13:24:23","guid":{"rendered":"http:\/\/centros.unileon.es\/biologia\/?page_id=6715"},"modified":"2018-06-20T11:40:11","modified_gmt":"2018-06-20T11:40:11","slug":"centro-de-copias","status":"publish","type":"page","link":"https:\/\/centros.unileon.es\/biologia\/centro-de-copias\/","title":{"rendered":"Centro de Copias"},"content":{"rendered":"&#8211; Ubicaci\u00f3n: Edificio de Servicios\r\n&#8211; Horario: ininterrumpido de 8.30 a 19.00 horas\r\n&#8211; Extensi\u00f3n telef\u00f3nica: 1720\r\n&#8211; Correo electr\u00f3nico: <strong><a href=\"mailto:eproservicios@unileon.es\">reproservicios@unileon.es<\/a><\/strong>","protected":false},"excerpt":{"rendered":"<p>&#8211; Ubicaci\u00f3n: Edificio de Servicios &#8211; Horario: ininterrumpido de 8.30 a 19.00 horas &#8211; Extensi\u00f3n telef\u00f3nica: 1720 &#8211; Correo electr\u00f3nico: reproservicios@unileon.es<\/p>\n","protected":false},"author":3,"featured_media":0,"parent":0,"menu_order":0,"comment_status":"closed","ping_status":"open","template":"","meta":{"footnotes":""},"class_list":["post-6715","page","type-page","status-publish","hentry"],"_links":{"self":[{"href":"https:\/\/centros.unileon.es\/biologia\/wp-json\/wp\/v2\/pages\/6715","targetHints":{"allow":["GET"]}}],"collection":[{"href":"https:\/\/centros.unileon.es\/biologia\/wp-json\/wp\/v2\/pages"}],"about":[{"href":"https:\/\/centros.unileon.es\/biologia\/wp-json\/wp\/v2\/types\/page"}],"author":[{"embeddable":true,"href":"https:\/\/centros.unileon.es\/biologia\/wp-json\/wp\/v2\/users\/3"}],"replies":[{"embeddable":true,"href":"https:\/\/centros.unileon.es\/biologia\/wp-json\/wp\/v2\/comments?post=6715"}],"version-history":[{"count":5,"href":"https:\/\/centros.unileon.es\/biologia\/wp-json\/wp\/v2\/pages\/6715\/revisions"}],"predecessor-version":[{"id":9116,"href":"https:\/\/centros.unileon.es\/biologia\/wp-json\/wp\/v2\/pages\/6715\/revisions\/9116"}],"wp:attachment":[{"href":"https:\/\/centros.unileon.es\/biologia\/wp-json\/wp\/v2\/media?parent=6715"}],"curies":[{"name":"wp","href":"https:\/\/api.w.org\/{rel}","templated":true}]}}