{"id":6404,"date":"2014-09-28T12:55:10","date_gmt":"2014-09-28T12:55:10","guid":{"rendered":"http:\/\/centros.unileon.es\/biologia\/?page_id=6404"},"modified":"2024-05-02T17:09:38","modified_gmt":"2024-05-02T17:09:38","slug":"asociaciones-estudiantiles","status":"publish","type":"page","link":"https:\/\/centros.unileon.es\/biologia\/asociaciones-estudiantiles\/","title":{"rendered":"Asociaciones estudiantiles"},"content":{"rendered":"<h3><span style=\"color: #0000ff;\"><strong>BIOMA<\/strong> (Asociaci\u00f3n Cultural de estudiantes de Biolog\u00eda)<\/span><\/h3>\r\n<div align=\"center\"><a href=\"https:\/\/linktr.ee\/ASOCBIOMA\"><img loading=\"lazy\" decoding=\"async\" class=\"alignnone wp-image-12347\" src=\"https:\/\/centros.unileon.es\/biologia\/files\/2024\/05\/Logo-Bioma.jpg\" alt=\"\" width=\"410\" height=\"150\" srcset=\"https:\/\/centros.unileon.es\/biologia\/files\/2024\/05\/Logo-Bioma.jpg 1600w, https:\/\/centros.unileon.es\/biologia\/files\/2024\/05\/Logo-Bioma-300x110.jpg 300w, https:\/\/centros.unileon.es\/biologia\/files\/2024\/05\/Logo-Bioma-1024x374.jpg 1024w, https:\/\/centros.unileon.es\/biologia\/files\/2024\/05\/Logo-Bioma-768x281.jpg 768w, https:\/\/centros.unileon.es\/biologia\/files\/2024\/05\/Logo-Bioma-1536x562.jpg 1536w\" sizes=\"auto, (max-width: 410px) 100vw, 410px\" \/><\/a><\/div>\r\n<h3><span style=\"color: #008000;\"><strong>ABLE<\/strong> (Asociaci\u00f3n de<\/span> <span style=\"color: #008000;\">Biotecn\u00f3logos de Le\u00f3n)<\/span><\/h3>\r\n<div align=\"center\">\r\n<p><a href=\"https:\/\/biotecleon.es\/\"><img loading=\"lazy\" decoding=\"async\" class=\"alignnone wp-image-11227 \" src=\"https:\/\/centros.unileon.es\/biologia\/files\/2022\/04\/LOGO_CON_LETRA_LATERAL-1.png\" alt=\"\" width=\"347\" height=\"122\" \/><\/a><\/p>\r\n<div align=\"center\"><a href=\"http:\/\/centros.unileon.es\/biologia\/\">Inicio<\/a><\/div>\r\n<\/div>","protected":false},"excerpt":{"rendered":"<p>BIOMA (Asociaci\u00f3n Cultural de estudiantes de Biolog\u00eda) ABLE (Asociaci\u00f3n de Biotecn\u00f3logos de Le\u00f3n) Inicio<\/p>\n","protected":false},"author":3,"featured_media":0,"parent":0,"menu_order":0,"comment_status":"closed","ping_status":"open","template":"","meta":{"footnotes":""},"class_list":["post-6404","page","type-page","status-publish","hentry"],"_links":{"self":[{"href":"https:\/\/centros.unileon.es\/biologia\/wp-json\/wp\/v2\/pages\/6404","targetHints":{"allow":["GET"]}}],"collection":[{"href":"https:\/\/centros.unileon.es\/biologia\/wp-json\/wp\/v2\/pages"}],"about":[{"href":"https:\/\/centros.unileon.es\/biologia\/wp-json\/wp\/v2\/types\/page"}],"author":[{"embeddable":true,"href":"https:\/\/centros.unileon.es\/biologia\/wp-json\/wp\/v2\/users\/3"}],"replies":[{"embeddable":true,"href":"https:\/\/centros.unileon.es\/biologia\/wp-json\/wp\/v2\/comments?post=6404"}],"version-history":[{"count":16,"href":"https:\/\/centros.unileon.es\/biologia\/wp-json\/wp\/v2\/pages\/6404\/revisions"}],"predecessor-version":[{"id":12267,"href":"https:\/\/centros.unileon.es\/biologia\/wp-json\/wp\/v2\/pages\/6404\/revisions\/12267"}],"wp:attachment":[{"href":"https:\/\/centros.unileon.es\/biologia\/wp-json\/wp\/v2\/media?parent=6404"}],"curies":[{"name":"wp","href":"https:\/\/api.w.org\/{rel}","templated":true}]}}