{"id":6167,"date":"2014-05-30T10:43:54","date_gmt":"2014-05-30T10:43:54","guid":{"rendered":"http:\/\/centros.unileon.es\/biologia\/?page_id=6167"},"modified":"2015-03-23T19:11:43","modified_gmt":"2015-03-23T19:11:43","slug":"presentacion-olimpiadas","status":"publish","type":"page","link":"https:\/\/centros.unileon.es\/biologia\/presentacion-olimpiadas\/","title":{"rendered":"Presentaci\u00f3n"},"content":{"rendered":"<a href=\"http:\/\/centros.unileon.es\/biologia\/files\/2014\/05\/Olimpiada_logoT_web.jpg\"><img loading=\"lazy\" decoding=\"async\" class=\"aligncenter size-full wp-image-6168\" style=\"float: left;\" src=\"http:\/\/centros.unileon.es\/biologia\/files\/2015\/03\/OEB_Cartel_Vertical.jpg\" alt=\"\" width=\"300\" height=\"620\" \/><\/a>\r\n<p style=\"text-align: justify;\">La asociaci\u00f3n Olimpiada Espa\u00f1ola de Biolog\u00eda (OEB) convoca cada a\u00f1o la Fase Nacional de la Olimpiada de Biolog\u00eda, con el objetivo primordial de promocionar esta disciplina y reflejar la importancia que tiene en la sociedad actual.\r\nLos d\u00edas 12 al 16 de marzo de 2015 la Universidad de Le\u00f3n acoger\u00e1 en la Facultad de Ciencias Biol\u00f3gicas y Ambientales, con la colaboraci\u00f3n de las Universidades de Burgos, Salamanca y Valladolid y el Colegio Oficial de Bi\u00f3logos de Castilla y Le\u00f3n la X edici\u00f3n de la Olimpiada Nacional de Biolog\u00eda.\r\nDesde sus primeras ediciones hasta el d\u00eda de hoy, el aspecto m\u00e1s destacable de este evento es claramente la excelencia acad\u00e9mica de los estudiantes de segundo curso de bachillerato que participan. A esta Fase Nacional llegan los estudiantes de cada Comunidad Aut\u00f3noma que han alcanzado los tres primeros puestos en las Fases Auton\u00f3micas correspondientes y los mejores alumnos de centros docentes espa\u00f1oles en el Exterior. Finalizadas las pruebas de la Fase Nacional, los estudiantes clasificados en las cuatro primeras posiciones representar\u00e1n a Espa\u00f1a en la Fase Internacional (IBO) y los cuatro siguientes en la Fase Iberoamericana (OIAB).\r\nAdem\u00e1s, conjuntamente con la Olimpiada Nacional de Biolog\u00eda, se desarrolla un Encuentro Cient\u00edfico de antiguos Ol\u00edmpicos Espa\u00f1oles de Biolog\u00eda (ECOEB). En el a\u00f1o 2015 se celebrar\u00e1 la V edici\u00f3n. Este encuentro, exclusivo de la Olimpiada de Biolog\u00eda, adem\u00e1s de contribuir a mantener la relaci\u00f3n entre los nuevos y los antiguos ol\u00edmpicos, es una forma de promocionar la investigaci\u00f3n entre los futuros cient\u00edficos.<\/p>\r\n<h2>Premios<\/h2>\r\n<ul>\r\n<li><a href=\"http:\/\/www.unileon.es\/noticias\/entregados-los-premios-de-la-x-olimpiada-nacional-de-biologia\">Entregados los premios de la X Olimpiada Nacional de Biolog\u00eda<\/a><\/li>\r\n<li><a href=\"http:\/\/www.diariodeleon.es\/noticias\/leon\/leon-decide-representacion-olimpiada-biologia_964353.html\">Le\u00f3n decide la representaci\u00f3n en la Olimpiada Internacional de Biolog\u00eda (Diario de Le\u00f3n)<\/a><\/li>\r\n<\/ul>\r\n\r\n<h2>Programaci\u00f3n<\/h2>\r\n<iframe loading=\"lazy\" style=\"border: solid 1px #777;\" src=\"https:\/\/www.google.com\/calendar\/embed?title=X%20Olimpiada%20Biologia%20Leon&amp;showPrint=0&amp;mode=WEEK&amp;height=400&amp;wkst=2&amp;bgcolor=%23FFFFFF&amp;src=s96uhvj29vre3750qple725410%40group.calendar.google.com&amp;color=%23A32929&amp;src=jt4um88mmq200n2ek9ubc2rotc%40group.calendar.google.com&amp;color=%2329527A&amp;src=2jv9a9hgs0hjodnjlks6jbt8to%40group.calendar.google.com&amp;color=%23AB8B00&amp;ctz=Europe%2FMadrid\" width=\"600\" height=\"400\" frameborder=\"0\" scrolling=\"no\"><\/iframe>\r\n<ul>\r\n\t<li><a href=\"http:\/\/centros.unileon.es\/biologia\/files\/2015\/03\/PROGRAMA_OEB_Leon_2015.pdf\">Programa de la Olimpiada<\/a><\/li>\r\n\t<li><a href=\"http:\/\/centros.unileon.es\/biologia\/files\/2015\/03\/ECOEB_V-Encuentro_Programa-Cient\u00edfico.pdf\">Programa del Encuentro Cient\u00edfico de antiguos Ol\u00edmpicos<\/a><\/li>\r\n<\/ul>\r\n<h2>Enlaces de inter\u00e9s<\/h2>\r\n<ul>\r\n\t<li><a href=\"http:\/\/www.unileon.es\/noticias\/leon-reune-los-mas-brillantes-estudiantes-de-toda-espana-en-la-x-olimpiada-de-biologia\">Le\u00f3n re\u00fane a los m\u00e1s brillantes estudiantes de toda Espa\u00f1a en la X Olimpiada de Biolog\u00eda (Nota de prensa Universidad de Le\u00f3n)<\/a><\/li>\r\n\t<li><a href=\"http:\/\/www.diariodeleon.es\/noticias\/leon\/campus-acoge-60-estudiantes-mas-brillantes-olimpiada-biologia_963440.html\">El campus acoge a los 60 estudiantes m\u00e1s brillantes en la olimpiada de Biolog\u00eda (Nota de prensa Diario de Le\u00f3n)<\/a><\/li>\r\n\t<li><a href=\"http:\/\/www.unileon.es\/noticias\/entregados-los-premios-de-la-fase-autonomica-de-la-x-olimpiada-de-biologia\">Premios de la Fase Auton\u00f3mica de la X Olimpiada de Biolog\u00eda<\/a><\/li>\r\n\t<li><a href=\"http:\/\/olimpiadadebiologia.edu.es\/\">P\u00e1gina web de la Olimpiada Espa\u00f1ola de Biolog\u00eda<\/a><\/li>\r\n\t<li><a href=\"http:\/\/blog.educalab.es\/cniie\/2014\/09\/19\/exito-en-las-olimpiadas-iberoamericanas-de-biologia-y-en-las-olimpiadas-internacionales-de-biologia\/\">Gran \u00e9xito de los representante espa\u00f1oles en las Olimpiadas Iberoamericanas y en las Internacionales de Biolog\u00eda<\/a><\/li>\r\n<\/ul>\r\n\r\n\r\n\r\n\r\n\r\n\r\n\r\n\r\n\r\n\r\n\r\n\r\n\r\n","protected":false},"excerpt":{"rendered":"<p>La asociaci\u00f3n Olimpiada Espa\u00f1ola de Biolog\u00eda (OEB) convoca cada a\u00f1o la Fase Nacional de la Olimpiada de Biolog\u00eda, con el objetivo primordial de promocionar esta disciplina y reflejar la importancia que tiene en la sociedad actual. Los d\u00edas 12 al 16 de marzo de 2015 la Universidad de Le\u00f3n acoger\u00e1 en la Facultad de Ciencias [&hellip;]<\/p>\n","protected":false},"author":3,"featured_media":0,"parent":0,"menu_order":0,"comment_status":"closed","ping_status":"open","template":"","meta":{"footnotes":""},"class_list":["post-6167","page","type-page","status-publish","hentry"],"_links":{"self":[{"href":"https:\/\/centros.unileon.es\/biologia\/wp-json\/wp\/v2\/pages\/6167","targetHints":{"allow":["GET"]}}],"collection":[{"href":"https:\/\/centros.unileon.es\/biologia\/wp-json\/wp\/v2\/pages"}],"about":[{"href":"https:\/\/centros.unileon.es\/biologia\/wp-json\/wp\/v2\/types\/page"}],"author":[{"embeddable":true,"href":"https:\/\/centros.unileon.es\/biologia\/wp-json\/wp\/v2\/users\/3"}],"replies":[{"embeddable":true,"href":"https:\/\/centros.unileon.es\/biologia\/wp-json\/wp\/v2\/comments?post=6167"}],"version-history":[{"count":24,"href":"https:\/\/centros.unileon.es\/biologia\/wp-json\/wp\/v2\/pages\/6167\/revisions"}],"predecessor-version":[{"id":6936,"href":"https:\/\/centros.unileon.es\/biologia\/wp-json\/wp\/v2\/pages\/6167\/revisions\/6936"}],"wp:attachment":[{"href":"https:\/\/centros.unileon.es\/biologia\/wp-json\/wp\/v2\/media?parent=6167"}],"curies":[{"name":"wp","href":"https:\/\/api.w.org\/{rel}","templated":true}]}}