{"id":6028,"date":"2014-05-21T11:11:04","date_gmt":"2014-05-21T11:11:04","guid":{"rendered":"http:\/\/centros.unileon.es\/biologia\/?page_id=6028"},"modified":"2024-09-04T11:10:09","modified_gmt":"2024-09-04T11:10:09","slug":"junta-de-facultad","status":"publish","type":"page","link":"https:\/\/centros.unileon.es\/biologia\/junta-de-facultad\/","title":{"rendered":"Junta de Facultad"},"content":{"rendered":"<p><strong>COMPOSICI\u00d3N DE LA JUNTA DE FACULTAD<\/strong><\/p>\r\n<p><strong><span style=\"color: #0000ff;\">DEL REGLAMENTO DE R\u00c9GIMEN INTERNO DE LA FACULTAD DE CIENCIAS BIOL\u00d3GICAS Y AMBIENTALES (aprobado en sesi\u00f3n de la Junta de 22-octubre-2015)<\/span><\/strong><\/p>\r\n<h3>CAPITULO II: \u00d3RGANOS COLEGIADOS<\/h3>\r\n<p><span style=\"color: #800000;\"><strong>SECCI\u00d3N 1\u00aa: JUNTA DE FACULTAD<\/strong><\/span><\/p>\r\n<p><strong>Art. 18.- Composici\u00f3n<\/strong><br \/>\r\nLa Junta de Facultad estar\u00e1 compuesta por el Decano, el Secretario y los miembros<br \/>\r\nnatos y electos, de acuerdo con el art\u00edculo 88 del Estatuto.<br \/>\r\n<strong>Art. 19.- Miembros natos<\/strong><br \/>\r\nSon miembros natos de la Junta de Facultad todos los profesores funcionarios que<br \/>\r\nimpartan docencia en asignaturas de las titulaciones oficiales de la Facultad, y que as\u00ed lo<br \/>\r\nsoliciten, los cuales representar\u00e1n el 51 por ciento del total de sus componentes.<br \/>\r\n<strong>Art. 20.- Miembros electos<\/strong><br \/>\r\nSon miembros electos de la Junta de Facultad:<br \/>\r\na) El personal docente e investigador contratado, as\u00ed como el personal investigador en<br \/>\r\nformaci\u00f3n contratado que imparta docencia en las titulaciones oficiales de la Facultad,<br \/>\r\nque constituir\u00e1n el 19 por ciento, de los cuales, al menos la mitad, ser\u00e1n ayudantes y<br \/>\r\nprofesores ayudantes doctores, si los hubiera.<br \/>\r\nb) Los estudiantes matriculados en asignaturas de las titulaciones oficiales de la<br \/>\r\nFacultad, que representar\u00e1n el 25 por ciento. La representaci\u00f3n de los estudiantes estar\u00e1<br \/>\r\nintegrada por el delegado de la Facultad, en todo caso, y por los delegados y<br \/>\r\nsubdelegados de curso. Si el n\u00famero de delegados y subdelegados fuera superior al<br \/>\r\nporcentaje atribuido, los representantes se elegir\u00e1n por y entre los mismos, garantizando<br \/>\r\nla representaci\u00f3n de todas las titulaciones. En el caso de que su n\u00famero sea inferior a<br \/>\r\ndicho porcentaje, se completar\u00e1 mediante elecci\u00f3n por y entre los estudiantes del<br \/>\r\nCentro.<br \/>\r\nc) Y el personal de administraci\u00f3n y servicios, adscrito a la Facultad o a los<br \/>\r\nDepartamentos que impartan docencia en el mismo, que constituir\u00e1n el 5 por ciento.<br \/>\r\nEl personal adscrito a los departamentos que impartan docencia en la Facultad se<br \/>\r\nincluir\u00e1 en el censo del Centro, salvo que el interesado haya manifestado expresamente<br \/>\r\nsu voluntad de participar en las elecciones de la Junta de otro Centro.<br \/>\r\n<strong>Art. 21.- Renovaci\u00f3n y pertenencia a m\u00e1s de una Junta<\/strong><br \/>\r\n1. La Junta se renovar\u00e1 anualmente durante el primer trimestre del curso acad\u00e9mico<br \/>\r\ncorrespondiente.<br \/>\r\n2. No se podr\u00e1 pertenecer a m\u00e1s de una Junta de Facultad o Escuela simult\u00e1neamente,<br \/>\r\nsalvo en el caso de los profesores responsables de asignaturas que podr\u00e1n pertenecer a<br \/>\r\nun m\u00e1ximo de dos.<br \/>\r\n<strong>Art. 22.- Competencias<\/strong><br \/>\r\nAdem\u00e1s de las competencias asignadas por la legislaci\u00f3n general, se entienden como<br \/>\r\ncompetencias propias de la Junta de Facultad, las siguientes:<br \/>\r\na) Aprobar las directrices generales de su actividad.<br \/>\r\nb) Organizar la docencia que se imparta en la Facultad y aprobar anualmente el plan<br \/>\r\ndocente y sus modificaciones.<br \/>\r\nc) Elaborar las propuestas de planes de estudio y de sistemas de acceso a las distintas<br \/>\r\nense\u00f1anzas, y elevarlas para su aprobaci\u00f3n al Consejo de Gobierno.<br \/>\r\nd) Proponer o informar la creaci\u00f3n, modificaci\u00f3n y supresi\u00f3n de Centros dependientes<br \/>\r\nde la Facultad, as\u00ed como los correspondientes convenios de adscripci\u00f3n.<br \/>\r\ne) Informar al Consejo de Gobierno, para su aprobaci\u00f3n, las propuestas de creaci\u00f3n,<br \/>\r\ntransformaci\u00f3n o supresi\u00f3n de Departamentos.<br \/>\r\nf) Informar sobre las propuestas de modificaci\u00f3n de la Relaci\u00f3n de Puestos de Trabajo<br \/>\r\nrealizadas por los Departamentos.<br \/>\r\ng) Elegir y remover al Decano.<br \/>\r\nh) Asistir y asesorar al Decano en todos los asuntos de su competencia.<br \/>\r\ni) Elegir a los miembros de las comisiones permanentes de organizaci\u00f3n de la docencia,<br \/>\r\nde acuerdo con el procedimiento que se establece en este Reglamento de la Facultad.<br \/>\r\nj) Proponer el nombramiento de Doctores honoris causa.<br \/>\r\nk) Informar sobre la contrataci\u00f3n de profesores visitantes y em\u00e9ritos.<br \/>\r\nl) Exigir el cumplimiento de las funciones docentes y de administraci\u00f3n y servicios de<br \/>\r\nlas personas vinculadas a la actividad de la Facultad.<br \/>\r\nm) Aprobar la memoria anual y la propuesta de distribuci\u00f3n del presupuesto que<br \/>\r\npresentar\u00e1 el Decano.<br \/>\r\nn) Proponer al Rector su representante en la Comisi\u00f3n de Convalidaciones de la<br \/>\r\nUniversidad.<br \/>\r\n\u00f1) Nombrar los tribunales extraordinarios en aquellos casos en que legalmente proceda.<br \/>\r\no) Informar de la normativa reguladora de los intercambios de estudiantes con otras<br \/>\r\nuniversidades, aprobar su participaci\u00f3n en los mismos y su reconocimiento acad\u00e9mico.<br \/>\r\np) Colaborar con los restantes \u00f3rganos de gobierno y representaci\u00f3n de la Universidad<br \/>\r\nen el desempe\u00f1o de sus competencias.<br \/>\r\nq) Elaborar su propio reglamento de r\u00e9gimen interno.<br \/>\r\nr) Ejercer cuantas competencias le atribuyan las leyes y el Estatuto.<br \/>\r\n<strong>Art. 23.- Recursos contra los acuerdos de la Junta<\/strong><br \/>\r\nLos acuerdos de la Junta de Facultad, siempre que sean definitivos, son recurribles en<br \/>\r\nalzada ante el Rector de la Universidad.<\/p>","protected":false},"excerpt":{"rendered":"<p>COMPOSICI\u00d3N DE LA JUNTA DE FACULTAD DEL REGLAMENTO DE R\u00c9GIMEN INTERNO DE LA FACULTAD DE CIENCIAS BIOL\u00d3GICAS Y AMBIENTALES (aprobado en sesi\u00f3n de la Junta de 22-octubre-2015) CAPITULO II: \u00d3RGANOS COLEGIADOS SECCI\u00d3N 1\u00aa: JUNTA DE FACULTAD Art. 18.- Composici\u00f3n La Junta de Facultad estar\u00e1 compuesta por el Decano, el Secretario y los miembros natos y [&hellip;]<\/p>\n","protected":false},"author":3,"featured_media":0,"parent":0,"menu_order":0,"comment_status":"closed","ping_status":"open","template":"","meta":{"footnotes":""},"class_list":["post-6028","page","type-page","status-publish","hentry"],"_links":{"self":[{"href":"https:\/\/centros.unileon.es\/biologia\/wp-json\/wp\/v2\/pages\/6028","targetHints":{"allow":["GET"]}}],"collection":[{"href":"https:\/\/centros.unileon.es\/biologia\/wp-json\/wp\/v2\/pages"}],"about":[{"href":"https:\/\/centros.unileon.es\/biologia\/wp-json\/wp\/v2\/types\/page"}],"author":[{"embeddable":true,"href":"https:\/\/centros.unileon.es\/biologia\/wp-json\/wp\/v2\/users\/3"}],"replies":[{"embeddable":true,"href":"https:\/\/centros.unileon.es\/biologia\/wp-json\/wp\/v2\/comments?post=6028"}],"version-history":[{"count":19,"href":"https:\/\/centros.unileon.es\/biologia\/wp-json\/wp\/v2\/pages\/6028\/revisions"}],"predecessor-version":[{"id":6872,"href":"https:\/\/centros.unileon.es\/biologia\/wp-json\/wp\/v2\/pages\/6028\/revisions\/6872"}],"wp:attachment":[{"href":"https:\/\/centros.unileon.es\/biologia\/wp-json\/wp\/v2\/media?parent=6028"}],"curies":[{"name":"wp","href":"https:\/\/api.w.org\/{rel}","templated":true}]}}