{"id":6026,"date":"2014-05-21T11:09:38","date_gmt":"2014-05-21T11:09:38","guid":{"rendered":"http:\/\/centros.unileon.es\/biologia\/?page_id=6026"},"modified":"2025-12-16T18:23:15","modified_gmt":"2025-12-16T18:23:15","slug":"equipo-decanal","status":"publish","type":"page","link":"https:\/\/centros.unileon.es\/biologia\/equipo-decanal\/","title":{"rendered":"Equipo Decanal"},"content":{"rendered":"<div align=\"center\">\u00a0<\/div>\r\n<table style=\"width: 100.117%;\">\r\n<tbody>\r\n<tr>\r\n<th style=\"width: 25.9657%; text-align: center;\" align=\"center\">Decana<\/th>\r\n<td style=\"text-align: center; width: 51.7167%;\">\r\n<p>Dra. Laura L\u00f3pez Campano<\/p>\r\n<p style=\"text-align: center;\"><a href=\"mailto:fbidec@unileon.es\">fbidec@unileon.es<\/a><\/p>\r\n<\/td>\r\n<td style=\"width: 94.623%;\">\r\n<p style=\"text-align: center;\">987 29 14 78<\/p>\r\n<p style=\"text-align: center;\">987 29 14 99<\/p>\r\n<\/td>\r\n<\/tr>\r\n<tr>\r\n<th style=\"width: 25.9657%; text-align: center;\" align=\"center\">Vicedecana de Actividad Acad\u00e9mica y Movilidad<\/th>\r\n<td style=\"text-align: center; width: 51.7167%;\">\r\n<p style=\"text-align: center;\">Dra. Ana Isabel Gonz\u00e1lez Cordero<\/p>\r\n<p style=\"text-align: center;\"><a href=\"mailto:ulev1bio@unileon.es\">ulev1bio@unileon.es<\/a><\/p>\r\n<\/td>\r\n<td style=\"width: 94.623%;\">\r\n<p style=\"text-align: center;\">987 29 31 94<\/p>\r\n<p style=\"text-align: center;\">987 29 37 54<\/p>\r\n<\/td>\r\n<\/tr>\r\n<tr>\r\n<th style=\"width: 25.9657%; text-align: center;\" align=\"center\">Vicedecano de Calidad, Extensi\u00f3n Universitaria y Comunicaci\u00f3n<\/th>\r\n<td style=\"width: 51.7167%;\">\r\n<p style=\"text-align: center;\">Dr. Michal Letek Polberg<\/p>\r\n<p style=\"text-align: center;\"><a href=\"mailto:ulev2bio@unileon.es\">ulev2bio@unileon.es<\/a><\/p>\r\n<\/td>\r\n<td style=\"width: 94.623%;\">\r\n<p style=\"text-align: center;\">987 29 15 05<\/p>\r\n<p style=\"text-align: center;\">\u00a0<\/p>\r\n<\/td>\r\n<\/tr>\r\n<tr>\r\n<th style=\"width: 25.9657%; text-align: center;\" align=\"center\">Secretaria Acad\u00e9mica<\/th>\r\n<td style=\"width: 51.7167%;\">\r\n<p style=\"text-align: center;\">Dra. Elena Colmenero Hidalgo<\/p>\r\n<p style=\"text-align: center;\"><a href=\"mailto:ulesbio@unileon.es\">ulesbio@unileon.es<\/a><\/p>\r\n<\/td>\r\n<td style=\"width: 94.623%;\">\r\n<p style=\"text-align: center;\">987 29 14 76<\/p>\r\n<p style=\"text-align: center;\">987 29 14 97<\/p>\r\n<\/td>\r\n<\/tr>\r\n<\/tbody>\r\n<\/table>\r\n<p>&nbsp;<\/p>","protected":false},"excerpt":{"rendered":"<p>\u00a0 Decana Dra. Laura L\u00f3pez Campano fbidec@unileon.es 987 29 14 78 987 29 14 99 Vicedecana de Actividad Acad\u00e9mica y Movilidad Dra. Ana Isabel Gonz\u00e1lez Cordero ulev1bio@unileon.es 987 29 31 94 987 29 37 54 Vicedecano de Calidad, Extensi\u00f3n Universitaria y Comunicaci\u00f3n Dr. Michal Letek Polberg ulev2bio@unileon.es 987 29 15 05 \u00a0 Secretaria Acad\u00e9mica Dra. [&hellip;]<\/p>\n","protected":false},"author":3,"featured_media":0,"parent":0,"menu_order":0,"comment_status":"closed","ping_status":"open","template":"","meta":{"footnotes":""},"class_list":["post-6026","page","type-page","status-publish","hentry"],"_links":{"self":[{"href":"https:\/\/centros.unileon.es\/biologia\/wp-json\/wp\/v2\/pages\/6026","targetHints":{"allow":["GET"]}}],"collection":[{"href":"https:\/\/centros.unileon.es\/biologia\/wp-json\/wp\/v2\/pages"}],"about":[{"href":"https:\/\/centros.unileon.es\/biologia\/wp-json\/wp\/v2\/types\/page"}],"author":[{"embeddable":true,"href":"https:\/\/centros.unileon.es\/biologia\/wp-json\/wp\/v2\/users\/3"}],"replies":[{"embeddable":true,"href":"https:\/\/centros.unileon.es\/biologia\/wp-json\/wp\/v2\/comments?post=6026"}],"version-history":[{"count":17,"href":"https:\/\/centros.unileon.es\/biologia\/wp-json\/wp\/v2\/pages\/6026\/revisions"}],"predecessor-version":[{"id":13439,"href":"https:\/\/centros.unileon.es\/biologia\/wp-json\/wp\/v2\/pages\/6026\/revisions\/13439"}],"wp:attachment":[{"href":"https:\/\/centros.unileon.es\/biologia\/wp-json\/wp\/v2\/media?parent=6026"}],"curies":[{"name":"wp","href":"https:\/\/api.w.org\/{rel}","templated":true}]}}