{"id":5947,"date":"2014-04-30T07:52:04","date_gmt":"2014-04-30T07:52:04","guid":{"rendered":"http:\/\/centros.unileon.es\/biologia\/?page_id=5947"},"modified":"2014-04-30T12:13:34","modified_gmt":"2014-04-30T12:13:34","slug":"iv-jornadas-de-orientacion-profesional-2014","status":"publish","type":"page","link":"https:\/\/centros.unileon.es\/biologia\/iv-jornadas-de-orientacion-profesional-2014\/","title":{"rendered":"IV Jornadas de Orientaci\u00f3n Profesional (2014)"},"content":{"rendered":"Oganizadas por la Fundaci\u00f3n General de la Universidad de Le\u00f3n y de la Empresa (FGULEM) y la Facultad de Ciencias Biol\u00f3gicas y Ambientales de la Universidad de Le\u00f3n\r\n\r\nSe realizaron en los dias 10 de abril y 11 de abril de 2014 en el Aula Magna de la Facultad de Ciencias Biol\u00f3gicas y Ambientales. \r\n\r\n<a href=\"http:\/\/centros.unileon.es\/biologia\/files\/2011\/06\/Jornadas_Orientacion_programa.pdf\">Programa de las Jornadas<\/a>\r\n\r\n\r\n<br \/><br \/> <b><u>Primera Jornada. Perfiles Profesionales<\/u><\/b>\r\n<ul>\r\n<li>D\u00aa. Rosa Villac\u00e9 de Castro<\/li>\r\n\r\n<li>D\u00aa. Mari\u00e1n Fern\u00e1ndez Guti\u00e9rrez<\/li>\r\n\r\n<li>D. Ricardo Sampablo Buezas<\/li>\r\n\r\n<\/ul>\r\n\r\n\r\n<b><u>Segunda Jornada. Formaci\u00f3n y empleo<\/u><\/b>\r\n<ul>\r\n<li>D. Israel Salcedo Gonz\u00e1lez<\/li>\r\n<li><a href=\"http:\/\/centros.unileon.es\/biologia\/files\/2014\/04\/Presentaci\u00f3n-IV-Jornadas-Orientaci\u00f3n-Profesional-ULE-2014.pdf\">D. David Rodr\u00edguez Gonz\u00e1lez<\/a><\/li>\r\n<li>D. H\u00e9ctor Ruiz Villa<\/li>\r\n<li>D. Antonio de Pedro<\/li>\r\n<li><a href=\"http:\/\/centros.unileon.es\/biologia\/files\/2014\/04\/Jornada-OP-Trayectoria-Investigadora1.pdf\">D. Alberto Villena Cort\u00e9s<\/a><\/li>\r\n<li><a href=\"http:\/\/centros.unileon.es\/biologia\/files\/2014\/04\/2013-Presentaci\u00f3n-Corporativa-EN.pdf\">D. Antonio Fern\u00e1ndez Medarde<\/a><\/li>\r\n<li><a href=\"http:\/\/centros.unileon.es\/biologia\/files\/2014\/04\/Presentacion-Centro-tecnologico-Agrovet-2014-Biologicas.pdf\">D. Pablo Fl\u00f3rez Magad\u00e1n<\/a><\/li>\r\n<\/ul>","protected":false},"excerpt":{"rendered":"<p>Oganizadas por la Fundaci\u00f3n General de la Universidad de Le\u00f3n y de la Empresa (FGULEM) y la Facultad de Ciencias Biol\u00f3gicas y Ambientales de la Universidad de Le\u00f3n Se realizaron en los dias 10 de abril y 11 de abril de 2014 en el Aula Magna de la Facultad de Ciencias Biol\u00f3gicas y Ambientales. Programa [&hellip;]<\/p>\n","protected":false},"author":3,"featured_media":0,"parent":0,"menu_order":0,"comment_status":"closed","ping_status":"open","template":"","meta":{"footnotes":""},"class_list":["post-5947","page","type-page","status-publish","hentry"],"_links":{"self":[{"href":"https:\/\/centros.unileon.es\/biologia\/wp-json\/wp\/v2\/pages\/5947","targetHints":{"allow":["GET"]}}],"collection":[{"href":"https:\/\/centros.unileon.es\/biologia\/wp-json\/wp\/v2\/pages"}],"about":[{"href":"https:\/\/centros.unileon.es\/biologia\/wp-json\/wp\/v2\/types\/page"}],"author":[{"embeddable":true,"href":"https:\/\/centros.unileon.es\/biologia\/wp-json\/wp\/v2\/users\/3"}],"replies":[{"embeddable":true,"href":"https:\/\/centros.unileon.es\/biologia\/wp-json\/wp\/v2\/comments?post=5947"}],"version-history":[{"count":8,"href":"https:\/\/centros.unileon.es\/biologia\/wp-json\/wp\/v2\/pages\/5947\/revisions"}],"predecessor-version":[{"id":5965,"href":"https:\/\/centros.unileon.es\/biologia\/wp-json\/wp\/v2\/pages\/5947\/revisions\/5965"}],"wp:attachment":[{"href":"https:\/\/centros.unileon.es\/biologia\/wp-json\/wp\/v2\/media?parent=5947"}],"curies":[{"name":"wp","href":"https:\/\/api.w.org\/{rel}","templated":true}]}}