{"id":5926,"date":"2014-04-29T11:27:51","date_gmt":"2014-04-29T11:27:51","guid":{"rendered":"http:\/\/centros.unileon.es\/biologia\/?page_id=5926"},"modified":"2014-04-30T09:46:09","modified_gmt":"2014-04-30T09:46:09","slug":"iii-jornadas-de-orientacion-profesional-2013","status":"publish","type":"page","link":"https:\/\/centros.unileon.es\/biologia\/iii-jornadas-de-orientacion-profesional-2013\/","title":{"rendered":"III Jornadas de Orientaci\u00f3n Profesional (2013)"},"content":{"rendered":"Oganizadas por la Fundaci\u00f3n General de la Universidad de Le\u00f3n y de la Empresa (FGULEM) y la Facultad de Ciencias Biol\u00f3gicas y Ambientales de la Universidad de Le\u00f3n\r\n\r\nSe realizaron en los dias 11 de abril y 12 de abril de 2013 en el Aula Magna de la Facultad de Ciencias Biol\u00f3gicas y Ambientales \r\n\r\n<a href=\"http:\/\/centros.unileon.es\/biologia\/files\/2011\/10\/Cartel_Jornadas.pdf\">Programa de las Jornadas<\/a>\r\n\r\n\r\n<br \/><br \/> <b><u>Primera Jornada. Perfiles Profesionales<\/u><\/b>\r\n<ul>\r\n<li><a href=\"http:\/\/centros.unileon.es\/biologia\/files\/2014\/04\/COBCYL-Profesi\u00f3n-y-Salidas-profesionales.pdf\">D\u00aa Carolina Vara Malag\u00f3n<\/a><\/li>\r\n\r\n<li><a href=\"http:\/\/centros.unileon.es\/biologia\/files\/2014\/04\/presentacion-fgulem.pdf\">D\u00aa. Rosa Alonso Mateos y D\u00aa. Mari\u00e1n Fern\u00e1ndez Guti\u00e9rrez<\/a><\/li>\r\n\r\n<li><a href=\"http:\/\/centros.unileon.es\/biologia\/files\/2014\/04\/Ricardo_SanPablo.pdf\">D. Ricardo Sampablo Buezas<\/a><\/li>\r\n\r\n<\/ul>\r\n\r\n\r\n<b><u>Segunda Jornada. Formaci\u00f3n y empleo<\/u><\/b>\r\n<ul>\r\n<li><a href=\"http:\/\/centros.unileon.es\/biologia\/files\/2014\/04\/JORNADAS-ORIENTACI\u00d3N-PROFESIONAL.pdf\">D\u00aa. Elena Tejerina Chico<\/a><\/li>\r\n<li><a href=\"http:\/\/centros.unileon.es\/biologia\/files\/2014\/04\/ESTHER.pdf\">D\u00aa. Esther Bahillo Fern\u00e1ndez<\/a><\/li>\r\n<li><a href=\"http:\/\/centros.unileon.es\/biologia\/files\/2014\/04\/Presentaci\u00f3n1-v1.3.pdf\">D\u00aa. Diana Garc\u00eda Miranda de la Puente<\/a><\/li>\r\n<li><a href=\"http:\/\/centros.unileon.es\/biologia\/files\/2014\/04\/SE-CIERRA-UN-CICLO.pdf\">D\u00aa. Paula Garc\u00eda Llamas<\/a><\/li>\r\n<li><a href=\"http:\/\/centros.unileon.es\/biologia\/files\/2014\/04\/REBECA.pdf\">D\u00aa. Rebeca Real Fern\u00e1ndez<\/a><\/li>\r\n<li><a href=\"http:\/\/centros.unileon.es\/biologia\/files\/2014\/04\/Jornada-OP-Trayectoria-Investigadora.pdf\">D. Alberto Villena Cort\u00e9s<\/a><\/li>\r\n<li><a href=\"http:\/\/centros.unileon.es\/biologia\/files\/2014\/04\/Vitatene-DSM-y-Perfiles-Profesionales-en-la-Industria-Alimentaria.pdf\">D. Pedro Mart\u00ednez Mudarra<\/a><\/li>\r\n<li><a href=\"http:\/\/centros.unileon.es\/biologia\/files\/2014\/04\/Perfiles-Profesionales-Consultor\u00eda-Medio-Ambiental.pdf\">D. Alejandro Migu\u00e9lez<\/a><\/li>\r\n<\/ul>","protected":false},"excerpt":{"rendered":"<p>Oganizadas por la Fundaci\u00f3n General de la Universidad de Le\u00f3n y de la Empresa (FGULEM) y la Facultad de Ciencias Biol\u00f3gicas y Ambientales de la Universidad de Le\u00f3n Se realizaron en los dias 11 de abril y 12 de abril de 2013 en el Aula Magna de la Facultad de Ciencias Biol\u00f3gicas y Ambientales Programa [&hellip;]<\/p>\n","protected":false},"author":3,"featured_media":0,"parent":0,"menu_order":0,"comment_status":"closed","ping_status":"open","template":"","meta":{"footnotes":""},"class_list":["post-5926","page","type-page","status-publish","hentry"],"_links":{"self":[{"href":"https:\/\/centros.unileon.es\/biologia\/wp-json\/wp\/v2\/pages\/5926","targetHints":{"allow":["GET"]}}],"collection":[{"href":"https:\/\/centros.unileon.es\/biologia\/wp-json\/wp\/v2\/pages"}],"about":[{"href":"https:\/\/centros.unileon.es\/biologia\/wp-json\/wp\/v2\/types\/page"}],"author":[{"embeddable":true,"href":"https:\/\/centros.unileon.es\/biologia\/wp-json\/wp\/v2\/users\/3"}],"replies":[{"embeddable":true,"href":"https:\/\/centros.unileon.es\/biologia\/wp-json\/wp\/v2\/comments?post=5926"}],"version-history":[{"count":11,"href":"https:\/\/centros.unileon.es\/biologia\/wp-json\/wp\/v2\/pages\/5926\/revisions"}],"predecessor-version":[{"id":5958,"href":"https:\/\/centros.unileon.es\/biologia\/wp-json\/wp\/v2\/pages\/5926\/revisions\/5958"}],"wp:attachment":[{"href":"https:\/\/centros.unileon.es\/biologia\/wp-json\/wp\/v2\/media?parent=5926"}],"curies":[{"name":"wp","href":"https:\/\/api.w.org\/{rel}","templated":true}]}}