{"id":588,"date":"2011-05-04T06:51:35","date_gmt":"2011-05-04T06:51:35","guid":{"rendered":"http:\/\/centros.unileon.es\/biologia\/?page_id=588"},"modified":"2024-05-02T08:38:36","modified_gmt":"2024-05-02T08:38:36","slug":"estudios","status":"publish","type":"page","link":"https:\/\/centros.unileon.es\/biologia\/estudios\/","title":{"rendered":"Otros M\u00e1steres"},"content":{"rendered":"<h2>M\u00e1ster Universitario en Investigaci\u00f3n de la Diversidad Bot\u00e1nica y Zool\u00f3gica<\/h2>\r\n<ul>\r\n\t<li>\r\n<h3><a href=\"https:\/\/www.unileon.es\/estudiantes\/oferta-academica\/masteres\/mu-investigacion-diversidad-botanica-y-zoologica\">Enlace a la Web del M\u00e1ster<br \/>\r\n<\/a><\/h3>\r\n<p style=\"text-align: justify;\"><strong>La Facultad de Ciencias Biol\u00f3gicas y Ambientales no es la responsable Acad\u00e9mica del M\u00e1ster.<\/strong><\/p>\r\n<\/li>\r\n<\/ul>\r\n<div align=\"center\"><a href=\"http:\/\/centros.unileon.es\/biologia\/\">Inicio<\/a><\/div>","protected":false},"excerpt":{"rendered":"<p>M\u00e1ster Universitario en Investigaci\u00f3n de la Diversidad Bot\u00e1nica y Zool\u00f3gica Enlace a la Web del M\u00e1ster La Facultad de Ciencias Biol\u00f3gicas y Ambientales no es la responsable Acad\u00e9mica del M\u00e1ster. Inicio<\/p>\n","protected":false},"author":3,"featured_media":0,"parent":0,"menu_order":0,"comment_status":"closed","ping_status":"open","template":"","meta":{"footnotes":""},"class_list":["post-588","page","type-page","status-publish","hentry"],"_links":{"self":[{"href":"https:\/\/centros.unileon.es\/biologia\/wp-json\/wp\/v2\/pages\/588","targetHints":{"allow":["GET"]}}],"collection":[{"href":"https:\/\/centros.unileon.es\/biologia\/wp-json\/wp\/v2\/pages"}],"about":[{"href":"https:\/\/centros.unileon.es\/biologia\/wp-json\/wp\/v2\/types\/page"}],"author":[{"embeddable":true,"href":"https:\/\/centros.unileon.es\/biologia\/wp-json\/wp\/v2\/users\/3"}],"replies":[{"embeddable":true,"href":"https:\/\/centros.unileon.es\/biologia\/wp-json\/wp\/v2\/comments?post=588"}],"version-history":[{"count":74,"href":"https:\/\/centros.unileon.es\/biologia\/wp-json\/wp\/v2\/pages\/588\/revisions"}],"predecessor-version":[{"id":12344,"href":"https:\/\/centros.unileon.es\/biologia\/wp-json\/wp\/v2\/pages\/588\/revisions\/12344"}],"wp:attachment":[{"href":"https:\/\/centros.unileon.es\/biologia\/wp-json\/wp\/v2\/media?parent=588"}],"curies":[{"name":"wp","href":"https:\/\/api.w.org\/{rel}","templated":true}]}}