{"id":500,"date":"2011-04-08T10:30:32","date_gmt":"2011-04-08T10:30:32","guid":{"rendered":"http:\/\/centros.unileon.es\/biologia\/?page_id=500"},"modified":"2021-10-28T10:28:57","modified_gmt":"2021-10-28T10:28:57","slug":"audit","status":"publish","type":"page","link":"https:\/\/centros.unileon.es\/biologia\/audit\/","title":{"rendered":"Impresos del Sistema de Garant\u00eda Interno de Calidad (SGIC)"},"content":{"rendered":"<h3>Modelos de partes e informes<\/h3>\r\n<p>Una vez cumplimentado el documento, por favor, remitirlo mediante correo electr\u00f3nico a la Unidad Administrativa de la Facultad (a la atenci\u00f3n de Fernando de Blas): <a href=\"mailto:fbiadm@unileon.es\">fbiadm@unileon.es<\/a><\/p>\r\n<table>\r\n<tbody>\r\n<tr>\r\n<td><a href=\"http:\/\/centros.unileon.es\/biologia\/files\/2011\/04\/MODELO-1-y-1-bis-INCIDENCIA-RECLAMACION-SUGERENCIA.pdf\">MODELO 1 y 1 bis INCIDENCIA RECLAMACI\u00d3N SUGERENCIA<\/a><\/td>\r\n<\/tr>\r\n<tr>\r\n<td><a href=\"http:\/\/centros.unileon.es\/biologia\/files\/2011\/04\/MODELO-1-y-1-bis-INCIDENCIA-RECLAMACION-SUGERENCIA.doc\">MODELO 1 y 1 bis INCIDENCIA-RECLAMACION-SUGERENCIA<\/a><\/td>\r\n<\/tr>\r\n<\/tbody>\r\n<\/table>\r\n<table>\r\n<tbody>\r\n<tr>\r\n<td><a href=\"http:\/\/centros.unileon.es\/biologia\/files\/2011\/04\/MODELO-2-PARTE-INCIDENCIAS-DE-CLASE5.pdf\">MODELO 2 PARTE INCIDENCIAS DE CLASE<\/a><\/td>\r\n<\/tr>\r\n<tr>\r\n<td><a href=\"http:\/\/centros.unileon.es\/biologia\/files\/2011\/04\/MODELO-2-PARTE-INCIDENCIAS-DE-CLASE5.doc\">MODELO 2 PARTE INCIDENCIAS DE CLASE<\/a><\/td>\r\n<\/tr>\r\n<\/tbody>\r\n<\/table>\r\n<table>\r\n<tbody>\r\n<tr>\r\n<td><a href=\"http:\/\/centros.unileon.es\/biologia\/files\/2011\/04\/MODELO-4-INFORME-DE-REUNI\u00d3N5.pdf\">MODELO 4 INFORME DE REUNI\u00d3N<\/a><\/td>\r\n<\/tr>\r\n<tr>\r\n<td><a href=\"http:\/\/centros.unileon.es\/biologia\/files\/2011\/04\/MODELO-4-INFORME-DE-REUNI\u00d3N5.doc\">MODELO 4 INFORME DE REUNI\u00d3N<\/a><\/td>\r\n<\/tr>\r\n<\/tbody>\r\n<\/table>\r\n<table>\r\n<tbody>\r\n<tr>\r\n<td><a href=\"http:\/\/centros.unileon.es\/biologia\/files\/2011\/04\/MODELO-5-GESTION-RECURSOS-MATERIALES5.pdf\">MODELO 5 GESTI\u00d3N RECURSOS MATERIALES<\/a><\/td>\r\n<\/tr>\r\n<tr>\r\n<td><a href=\"http:\/\/centros.unileon.es\/biologia\/files\/2011\/04\/MODELO-5-GESTION-RECURSOS-MATERIALES5.doc\">MODELO 5 GESTION RECURSOS MATERIALES<\/a><\/td>\r\n<\/tr>\r\n<\/tbody>\r\n<\/table>","protected":false},"excerpt":{"rendered":"<p>Modelos de partes e informes Una vez cumplimentado el documento, por favor, remitirlo mediante correo electr\u00f3nico a la Unidad Administrativa de la Facultad (a la atenci\u00f3n de Fernando de Blas): fbiadm@unileon.es MODELO 1 y 1 bis INCIDENCIA RECLAMACI\u00d3N SUGERENCIA MODELO 1 y 1 bis INCIDENCIA-RECLAMACION-SUGERENCIA MODELO 2 PARTE INCIDENCIAS DE CLASE MODELO 2 PARTE INCIDENCIAS [&hellip;]<\/p>\n","protected":false},"author":3,"featured_media":0,"parent":0,"menu_order":0,"comment_status":"closed","ping_status":"open","template":"","meta":{"footnotes":""},"class_list":["post-500","page","type-page","status-publish","hentry"],"_links":{"self":[{"href":"https:\/\/centros.unileon.es\/biologia\/wp-json\/wp\/v2\/pages\/500","targetHints":{"allow":["GET"]}}],"collection":[{"href":"https:\/\/centros.unileon.es\/biologia\/wp-json\/wp\/v2\/pages"}],"about":[{"href":"https:\/\/centros.unileon.es\/biologia\/wp-json\/wp\/v2\/types\/page"}],"author":[{"embeddable":true,"href":"https:\/\/centros.unileon.es\/biologia\/wp-json\/wp\/v2\/users\/3"}],"replies":[{"embeddable":true,"href":"https:\/\/centros.unileon.es\/biologia\/wp-json\/wp\/v2\/comments?post=500"}],"version-history":[{"count":56,"href":"https:\/\/centros.unileon.es\/biologia\/wp-json\/wp\/v2\/pages\/500\/revisions"}],"predecessor-version":[{"id":10957,"href":"https:\/\/centros.unileon.es\/biologia\/wp-json\/wp\/v2\/pages\/500\/revisions\/10957"}],"wp:attachment":[{"href":"https:\/\/centros.unileon.es\/biologia\/wp-json\/wp\/v2\/media?parent=500"}],"curies":[{"name":"wp","href":"https:\/\/api.w.org\/{rel}","templated":true}]}}