{"id":4913,"date":"2013-06-07T11:59:08","date_gmt":"2013-06-07T11:59:08","guid":{"rendered":"http:\/\/centros.unileon.es\/biologia\/?page_id=4913"},"modified":"2016-06-01T12:23:02","modified_gmt":"2016-06-01T12:23:02","slug":"la-puesta-en-marcha-de-las-nuevas-titulaciones-en-ciencias-de-la-vida-retos-y-soluciones","status":"publish","type":"page","link":"https:\/\/centros.unileon.es\/biologia\/la-puesta-en-marcha-de-las-nuevas-titulaciones-en-ciencias-de-la-vida-retos-y-soluciones\/","title":{"rendered":"La puesta en marcha de las nuevas titulaciones en Ciencias de la vida: retos y soluciones"},"content":{"rendered":"\r\n\r\n\r\nEste encuentro interuniversitario se celebr\u00f3 en el edificio Central de la Facultad de Ciencias Biol\u00f3gicas y Ambientales, los d\u00edas 19 y 20 de septiembre de 2011.\r\n\r\n&#8211; <a href=\"http:\/\/centros.unileon.es\/biologia\/files\/2011\/10\/Programa-encuentro-interuniversitario-sep-2011.pdf\">Programa encuentro interuniversitario sep 2011<\/a>\r\n&#8211; <a href=\"http:\/\/centros.unileon.es\/biologia\/files\/2011\/10\/presentaci\u00f3nJORNADAS.pdf\">Presentaci\u00f3n Jornadas<\/a>\r\n&#8211; <a href=\"http:\/\/centros.unileon.es\/biologia\/files\/2011\/05\/Resumenes_Encuentro_Interuniversitario.pdf\">Resumenes Encuentro Interuniversitario<\/a>\r\n\r\n\r\n<h4>1- Percepci\u00f3n del profesorado<\/h4>\r\n<ul>\r\n<li><a href=\"http:\/\/centros.unileon.es\/biologia\/files\/2011\/10\/francisca-vaquero.pdf\">Francisca Vaquero<\/a><\/li>\r\n<li><a href=\"http:\/\/centros.unileon.es\/biologia\/files\/2011\/10\/rafael-cernuda.pdf\">Rafael Cernuda<\/a><\/li>\r\n<li><a href=\"http:\/\/centros.unileon.es\/biologia\/files\/2011\/10\/rosario-arevalo.pdf\">Rosario Ar\u00e9valo<\/a><\/li>\r\n<\/ul>\r\n\r\n<h4>2- Percepci\u00f3n de los alumnos<\/h4>\r\n<ul>\r\n<li><a href=\"http:\/\/centros.unileon.es\/biologia\/files\/2011\/10\/estudiantes-ULE.pdf\">Estudiantes ULE<\/a><\/li>\r\n<li><a href=\"http:\/\/centros.unileon.es\/biologia\/files\/2011\/10\/Rosa-Valencia-PAT.pdf\">Rosa Valencia PAT<\/a><\/li>\r\n<\/ul>\r\n\r\n<h4>3- Precepci\u00f3n del PAS<\/h4>\r\n<ul>\r\n<li><a href=\"http:\/\/centros.unileon.es\/biologia\/files\/2011\/10\/Juan-Crespo-UNIOVI.pdf\">Juan Crespo (UNIOVI)<\/a><\/li>\r\n<li><a href=\"http:\/\/centros.unileon.es\/biologia\/files\/2011\/10\/Celia-Saez-ULE.pdf\">Celia Saez (ULE)<\/a><\/li>\r\n<\/ul>\r\n\r\n<h4>4- Verificaci\u00f3n-Acreditaci\u00f3n<\/h4>\r\n<ul>\r\n<li><a href=\"http:\/\/centros.unileon.es\/biologia\/files\/2011\/10\/J-Carlos-Cast\u00e1n-ULE.pdf\">J Carlos Cast\u00e1n (ULE)<\/a><\/li>\r\n<li><a href=\"http:\/\/centros.unileon.es\/biologia\/files\/2011\/10\/Manuel-Manso-USAL.pdf\">Manuel Manso (USAL)<\/a><\/li>\r\n<li><a href=\"http:\/\/centros.unileon.es\/biologia\/files\/2011\/10\/Matilde-Siierra-ULE.pdf\">Matilde Sierra (ULE)<\/a><\/li>\r\n<\/ul>\r\n\r\n<h4>5- Sistemas garant\u00eda calidad<\/h4>\r\n<ul>\r\n<li><a href=\"http:\/\/centros.unileon.es\/biologia\/files\/2011\/10\/Amaya-CastroULE.pdf\">Amaya Castro(ULE)<\/a><\/li>\r\n<li><a href=\"http:\/\/centros.unileon.es\/biologia\/files\/2011\/10\/Jordi-Perez-UPF.pdf\">Jordi Perez (UPF)<\/a><\/li>\r\n<li><a href=\"http:\/\/centros.unileon.es\/biologia\/files\/2011\/10\/Tom\u00e1s-D\u00edaz-UNIOVI.pdf\">Tom\u00e1s D\u00edaz (UNIOVI)<\/a><\/li>\r\n<\/ul>\r\n\r\n<h4>6- TrabajosFinGrados<\/h4>\r\n<ul>\r\n<li><a href=\"http:\/\/centros.unileon.es\/biologia\/files\/2011\/10\/Antonio-Tormo-UCM.pdf\">Antonio Tormo (UCM)<\/a><\/li>\r\n<li><a href=\"http:\/\/centros.unileon.es\/biologia\/files\/2011\/10\/Jos\u00e9-Bella-Aut\u00f3noma-Madrid.pdf\">Jos\u00e9 Bella (Aut\u00f3noma Madrid)<\/a><\/li>\r\n<li><a href=\"http:\/\/centros.unileon.es\/biologia\/files\/2011\/10\/TFG-02-Rata.pdf\">TFG 02 (Rata)<\/a><\/li>\r\n<li><a href=\"http:\/\/centros.unileon.es\/biologia\/files\/2011\/10\/TFG-03-Mosca.pdf\">TFG 03 (Mosca)<\/a><\/li>\r\n<li><a href=\"http:\/\/centros.unileon.es\/biologia\/files\/2011\/10\/TFG-04-Encina.pdf\">TFG 04 (Encina)<\/a><\/li>\r\n<\/ul>\r\n\r\n<h4>7- Formaci\u00f3n profesorado<\/h4>\r\n<ul>\r\n<li><a href=\"http:\/\/centros.unileon.es\/biologia\/files\/2011\/10\/7-formaci\u00f3n-profesorado.pdf\">Formaci\u00f3n profesorado<\/a><\/li>\r\n<\/ul>\r\n\r\n<h4>8- Movilidad-Pr\u00e1cticas empresa<\/h4>\r\n<ul>\r\n<li><a href=\"http:\/\/centros.unileon.es\/biologia\/files\/2011\/10\/Elisa-Miguelez-UNIOVI.pdf\">Elisa Migu\u00e9lez (UNIOVI)<\/a><\/li>\r\n<li><a href=\"http:\/\/centros.unileon.es\/biologia\/files\/2011\/10\/Luis-Felipe-ULE.pdf\">Luis Felipe (ULE)<\/a><\/li>\r\n<\/ul>\r\n\r\n<h4>9- Experiencias-Docentes<\/h4>\r\n<ul>\r\n<li><a href=\"http:\/\/centros.unileon.es\/biologia\/files\/2011\/10\/AmbioCiencias-Jos\u00e9-Luis-ULE.pdf\">AmbioCiencias, Jos\u00e9 Luis (ULE)<\/a><\/li>\r\n<li><a href=\"http:\/\/centros.unileon.es\/biologia\/files\/2011\/10\/Juan-Arg\u00fcelles-UNIOVI.pdf\">Juan Arg\u00fcelles (UNIOVI)<\/a><\/li>\r\n<li><a href=\"http:\/\/centros.unileon.es\/biologia\/files\/2011\/10\/Juan-Pablo-ULE.pdf\">Juan Pablo (ULE)<\/a><\/li>\r\n<li><a href=\"http:\/\/centros.unileon.es\/biologia\/files\/2011\/10\/Luis-Corral-C\u00f3rdoba.pdf\">Luis Corral (C\u00f3rdoba)<\/a><\/li>\r\n<li><a href=\"http:\/\/centros.unileon.es\/biologia\/files\/2011\/10\/Pen\u00e9lope-G-AnguloULE.pdf\">Pen\u00e9lope G-Angulo(ULE)<\/a><\/li>\r\n<\/ul>","protected":false},"excerpt":{"rendered":"<p>Este encuentro interuniversitario se celebr\u00f3 en el edificio Central de la Facultad de Ciencias Biol\u00f3gicas y Ambientales, los d\u00edas 19 y 20 de septiembre de 2011. &#8211; Programa encuentro interuniversitario sep 2011 &#8211; Presentaci\u00f3n Jornadas &#8211; Resumenes Encuentro Interuniversitario 1- Percepci\u00f3n del profesorado Francisca Vaquero Rafael Cernuda Rosario Ar\u00e9valo 2- Percepci\u00f3n de los alumnos Estudiantes [&hellip;]<\/p>\n","protected":false},"author":3,"featured_media":0,"parent":0,"menu_order":0,"comment_status":"closed","ping_status":"closed","template":"","meta":{"footnotes":""},"class_list":["post-4913","page","type-page","status-publish","hentry"],"_links":{"self":[{"href":"https:\/\/centros.unileon.es\/biologia\/wp-json\/wp\/v2\/pages\/4913","targetHints":{"allow":["GET"]}}],"collection":[{"href":"https:\/\/centros.unileon.es\/biologia\/wp-json\/wp\/v2\/pages"}],"about":[{"href":"https:\/\/centros.unileon.es\/biologia\/wp-json\/wp\/v2\/types\/page"}],"author":[{"embeddable":true,"href":"https:\/\/centros.unileon.es\/biologia\/wp-json\/wp\/v2\/users\/3"}],"replies":[{"embeddable":true,"href":"https:\/\/centros.unileon.es\/biologia\/wp-json\/wp\/v2\/comments?post=4913"}],"version-history":[{"count":3,"href":"https:\/\/centros.unileon.es\/biologia\/wp-json\/wp\/v2\/pages\/4913\/revisions"}],"predecessor-version":[{"id":8258,"href":"https:\/\/centros.unileon.es\/biologia\/wp-json\/wp\/v2\/pages\/4913\/revisions\/8258"}],"wp:attachment":[{"href":"https:\/\/centros.unileon.es\/biologia\/wp-json\/wp\/v2\/media?parent=4913"}],"curies":[{"name":"wp","href":"https:\/\/api.w.org\/{rel}","templated":true}]}}