{"id":4763,"date":"2013-05-30T10:27:28","date_gmt":"2013-05-30T10:27:28","guid":{"rendered":"http:\/\/centros.unileon.es\/biologia\/?page_id=4763"},"modified":"2025-09-22T08:30:22","modified_gmt":"2025-09-22T08:30:22","slug":"movilidad-aspectos-generales","status":"publish","type":"page","link":"https:\/\/centros.unileon.es\/biologia\/movilidad-aspectos-generales\/","title":{"rendered":"Aspectos Generales"},"content":{"rendered":"<p style=\"text-align: justify;\"><img decoding=\"async\" style=\"margin: 10px 10px 10px 10px; float: left;\" src=\"http:\/\/centros.unileon.es\/biologia\/files\/2011\/06\/Vidriera-Facutad-DSCF0143-229x300.jpg\" alt=\"\" \/> Los <b>Programas de Movilidad para Estudiantes<\/b> tienen como objetivo la realizaci\u00f3n, por parte de los estudiantes, de estancias en universidades, tanto nacionales como internacionales, con reconocimientos de los estudios realizados en la universidad de destino. De este modo un alumno matriculado en la Universidad de Le\u00f3n (ULE) puede completar sus estudios en otra universidad de tal forma que los estudios realizados durante dicho periodo tengan reconocimiento acad\u00e9mico.<\/p>\r\n<p style=\"text-align: justify;\">Los programas est\u00e1n dirigidos a estudiantes de primer, segundo y tercer ciclo. Proporcionan apoyo econ\u00f3mico para efectuar estancias de formaci\u00f3n acad\u00e9mica en universidades con convenio de reconocimiento acad\u00e9mico pleno de los estudios all\u00ed realizados. Los seleccionados realizan la matr\u00edcula en la Universidad de Le\u00f3n y cursan estudios durante uno o dos semestres en una Universidad asociada.<\/p>\r\n<p style=\"text-align: justify;\">Existen dos tipos de programas de movilidad: programas de movilidad nacional y programas de movilidad internacional. Para cada tipo de movilidad existe un <strong>per\u00edodo de solicitud<\/strong> diferente, que se puede consultar <a href=\"http:\/\/www.unileon.es\/estudiantes\/internacional-movilidad\">aqu\u00ed<\/a>. Durante el periodo de solicitud se organizan sesiones informativas en los diferentes Campus y centros de la Universidad de Le\u00f3n.<\/p>\r\n<p style=\"text-align: justify;\">La documentaci\u00f3n e informaci\u00f3n para los alumnos que disfrutan de los Programas de movilidad de la Facultad, una vez matriculados, se gestiona a trav\u00e9s del Moodle externo de la Universidad (Ariadna).<\/p>\r\n<ul>\r\n\t<li><a href=\"http:\/\/centros.unileon.es\/biologia\/files\/2013\/05\/Requisitos_movilidad_noviembre_2014.pdf\">Requisitos espec\u00edficos para los alumnos de movilidad de las titulaciones de la Facultad de Ciencias Biol\u00f3gicas y Ambientales<\/a><\/li>\r\n<\/ul>\r\n<ul>\r\n\t<li>Responsables de Movilidad Nacional (Programa SICUE) y Movilidad Internacional (Programas ERASMUS y AMICUS):\r\n\r\n<ul>\r\n\t<li>Grado en Biolog\u00eda: <a href=\"mailto:lesaec@unileon.es\">Dr. Luis E. S\u00e1enz de Miera Carnicer<\/a><\/li>\r\n\t<li>Grado en Ciencias Ambientales: <a href=\"mailto:aigonc@unileon.es\">Dra. Ana Isabel Gonz\u00e1lez Cordero<\/a><\/li>\r\n\t<li>Grado en Biotecnolog\u00eda: <a href=\"mailto:mmarm@unileon.es\">Dra. Margarita Marqu\u00e9s Mart\u00ednez<\/a><\/li>\r\n\t<li>Becario de movilidad: <a href=\"mailto:mherng09@estudiantes.unileon.es\">Mar\u00eda Hern\u00e1ndez Gord\u00f3n<\/a><\/li>\r\n<\/ul>\r\n<\/li>\r\n<\/ul>\r\n<div align=\"center\"><a href=\"http:\/\/centros.unileon.es\/biologia\/\">Inicio<\/a><\/div>","protected":false},"excerpt":{"rendered":"<p>Los Programas de Movilidad para Estudiantes tienen como objetivo la realizaci\u00f3n, por parte de los estudiantes, de estancias en universidades, tanto nacionales como internacionales, con reconocimientos de los estudios realizados en la universidad de destino. De este modo un alumno matriculado en la Universidad de Le\u00f3n (ULE) puede completar sus estudios en otra universidad de [&hellip;]<\/p>\n","protected":false},"author":3,"featured_media":0,"parent":0,"menu_order":0,"comment_status":"closed","ping_status":"closed","template":"","meta":{"footnotes":""},"class_list":["post-4763","page","type-page","status-publish","hentry"],"_links":{"self":[{"href":"https:\/\/centros.unileon.es\/biologia\/wp-json\/wp\/v2\/pages\/4763","targetHints":{"allow":["GET"]}}],"collection":[{"href":"https:\/\/centros.unileon.es\/biologia\/wp-json\/wp\/v2\/pages"}],"about":[{"href":"https:\/\/centros.unileon.es\/biologia\/wp-json\/wp\/v2\/types\/page"}],"author":[{"embeddable":true,"href":"https:\/\/centros.unileon.es\/biologia\/wp-json\/wp\/v2\/users\/3"}],"replies":[{"embeddable":true,"href":"https:\/\/centros.unileon.es\/biologia\/wp-json\/wp\/v2\/comments?post=4763"}],"version-history":[{"count":30,"href":"https:\/\/centros.unileon.es\/biologia\/wp-json\/wp\/v2\/pages\/4763\/revisions"}],"predecessor-version":[{"id":13240,"href":"https:\/\/centros.unileon.es\/biologia\/wp-json\/wp\/v2\/pages\/4763\/revisions\/13240"}],"wp:attachment":[{"href":"https:\/\/centros.unileon.es\/biologia\/wp-json\/wp\/v2\/media?parent=4763"}],"curies":[{"name":"wp","href":"https:\/\/api.w.org\/{rel}","templated":true}]}}