{"id":4713,"date":"2013-05-29T07:16:03","date_gmt":"2013-05-29T07:16:03","guid":{"rendered":"http:\/\/centros.unileon.es\/biologia\/?page_id=4713"},"modified":"2025-04-07T15:49:52","modified_gmt":"2025-04-07T15:49:52","slug":"movilidad-internacional","status":"publish","type":"page","link":"https:\/\/centros.unileon.es\/biologia\/movilidad-internacional\/","title":{"rendered":"Movilidad Internacional"},"content":{"rendered":"<p>Existen en nuestro centro dos tipos de programas de movilidad internacional:<\/p>\r\n<h3><b><u>Programa ERASMUS con fines de estudio<\/u><\/b><\/h3>\r\n<p style=\"text-align: justify;\">Es para destinos en universidades europeas con las que la Universidad de Le\u00f3n mantiene convenios bilaterales de movilidad. Est\u00e1 coordinado por la Uni\u00f3n Europea y financiado por la Comisi\u00f3n Europea, Ministerio de Educaci\u00f3n. Es necesario haber superado 48 cr\u00e9ditos. La estancia m\u00ednima es de un trimestre y la m\u00e1xima de un curso acad\u00e9mico completo.\u00a0<\/p>\r\n<p style=\"text-align: justify;\">Podr\u00e1s encontrar m\u00e1s informaci\u00f3n en<br \/>\r\n<a href=\"http:\/\/www.unileon.es\/erasmus\">www.unileon.es\/erasmus<\/a><\/p>\r\n<p style=\"text-align: justify;\">Los alumnos de las tres titulaciones que imparte la Facultad de Ciencias Biol\u00f3gicas y Ambientales pueden solicitar su participaci\u00f3n en el Programa Erasmus.<\/p>\r\n<p style=\"text-align: justify;\">Puedes consultar los destinos espec\u00edficos para cada titulaci\u00f3n en la direcci\u00f3n<br \/>\r\n<a href=\"http:\/\/www.unileon.es\/estudiantes\/internacional-movilidad\/estudiantes\/movilidad-internacional\/erasmus-estudio\/plazas?&amp;sr=7&amp;c=02\">http:\/\/www.unileon.es\/estudiantes\/internacional-movilidad\/estudiantes\/movilidad-internacional\/erasmus-estudio\/plazas?&amp;sr=7&amp;c=02<\/a><\/p>\r\n<h3><b><u>Programa AMICUS<\/u><\/b><\/h3>\r\n<p style=\"text-align: justify;\">Tradicionalmente denominado \u201cDestino Convenio\u201d, sirve para cursar una parte de los estudios en universidades del resto del mundo con las que la Universidad de Le\u00f3n mantiene convenios bilaterales de movilidad. Dispone de financiaci\u00f3n por parte de la Universidad de Le\u00f3n. Es necesario haber superado 48 cr\u00e9ditos y estar en disposici\u00f3n de efectuar matr\u00edcula por un n\u00famero m\u00ednimo de 15 cr\u00e9ditos por semestre de movilidad. La estancia m\u00ednima es de un trimestre y la m\u00e1xima de un curso acad\u00e9mico completo.\u00a0<\/p>\r\n<p style=\"text-align: justify;\">La informaci\u00f3n detallada se puede encontrar en la direcci\u00f3n<br \/>\r\n<a href=\"http:\/\/www.unileon.es\/amicus\">www.unileon.es\/amicus<\/a>.<\/p>\r\n<p style=\"text-align: justify;\">Los alumnos de las tres titulaciones que imparte la Facultad de Ciencias Biol\u00f3gicas y Ambientales pueden solicitar su participaci\u00f3n en el Programa AMICUS, pudiendo consultar los posibles destinos en la direcci\u00f3n<br \/>\r\n<a href=\"https:\/\/www.unileon.es\/files\/destinos%20y%20plazas.pdf\">https:\/\/www.unileon.es\/files\/destinos%20y%20plazas.pdf<\/a><\/p>\r\n<h3><b><u>PROGRAMA ERASMUS PRACTICAS<\/u><\/b><\/h3>\r\n<p style=\"text-align: justify;\">El Programa Erasmus Pr\u00e1cticas est\u00e1 orientado en la realizaci\u00f3n de estancias para realizar pr\u00e1cticas en empresas, centros de investigaci\u00f3n u otras organizaciones. Pueden participar estudiantes de cualquiera de las titulaciones oficiales de la ULE, que hayan superado al menos el 50% de los cr\u00e9ditos, y que est\u00e9n matriculados en el momento de la solicitud y durante el periodo de pr\u00e1cticas. La duraci\u00f3n debe de ser de entre 3 y 12 meses. Est\u00e1n financiadas con una beca mensual. La gesti\u00f3n del Programa lo lleva la Unidad de Relaciones Internacionales, pudi\u00e9ndose consultar las condiciones en la direcci\u00f3n<br \/>\r\n<a href=\"https:\/\/www.unileon.es\/internacional\/estudiantes\/movilidad-internacional-salientes\/erasmus-practicas\">https:\/\/www.unileon.es\/internacional\/estudiantes\/movilidad-internacional-salientes\/erasmus-practicas<\/a><\/p>\r\n<div align=\"center\"><a href=\"http:\/\/centros.unileon.es\/biologia\/\">Inicio<\/a><\/div>","protected":false},"excerpt":{"rendered":"<p>Existen en nuestro centro dos tipos de programas de movilidad internacional: Programa ERASMUS con fines de estudio Es para destinos en universidades europeas con las que la Universidad de Le\u00f3n mantiene convenios bilaterales de movilidad. Est\u00e1 coordinado por la Uni\u00f3n Europea y financiado por la Comisi\u00f3n Europea, Ministerio de Educaci\u00f3n. Es necesario haber superado 48 [&hellip;]<\/p>\n","protected":false},"author":3,"featured_media":0,"parent":0,"menu_order":0,"comment_status":"closed","ping_status":"open","template":"","meta":{"footnotes":""},"class_list":["post-4713","page","type-page","status-publish","hentry"],"_links":{"self":[{"href":"https:\/\/centros.unileon.es\/biologia\/wp-json\/wp\/v2\/pages\/4713","targetHints":{"allow":["GET"]}}],"collection":[{"href":"https:\/\/centros.unileon.es\/biologia\/wp-json\/wp\/v2\/pages"}],"about":[{"href":"https:\/\/centros.unileon.es\/biologia\/wp-json\/wp\/v2\/types\/page"}],"author":[{"embeddable":true,"href":"https:\/\/centros.unileon.es\/biologia\/wp-json\/wp\/v2\/users\/3"}],"replies":[{"embeddable":true,"href":"https:\/\/centros.unileon.es\/biologia\/wp-json\/wp\/v2\/comments?post=4713"}],"version-history":[{"count":10,"href":"https:\/\/centros.unileon.es\/biologia\/wp-json\/wp\/v2\/pages\/4713\/revisions"}],"predecessor-version":[{"id":13028,"href":"https:\/\/centros.unileon.es\/biologia\/wp-json\/wp\/v2\/pages\/4713\/revisions\/13028"}],"wp:attachment":[{"href":"https:\/\/centros.unileon.es\/biologia\/wp-json\/wp\/v2\/media?parent=4713"}],"curies":[{"name":"wp","href":"https:\/\/api.w.org\/{rel}","templated":true}]}}