{"id":4687,"date":"2013-05-28T12:16:28","date_gmt":"2013-05-28T12:16:28","guid":{"rendered":"http:\/\/centros.unileon.es\/biologia\/?page_id=4687"},"modified":"2019-07-16T10:20:10","modified_gmt":"2019-07-16T10:20:10","slug":"practicas-de-empresas-licenciaturas","status":"publish","type":"page","link":"https:\/\/centros.unileon.es\/biologia\/practicas-de-empresas-licenciaturas\/","title":{"rendered":"Pr\u00e1cticas Extracurriculares"},"content":{"rendered":"<p style=\"text-align: justify;\">Los alumnos de Grado y M\u00e1ster tienen la posibilidad de realizar Pr\u00e1cticas Extracurriculares.<strong> La gesti\u00f3n del programa anual de PE extracurriculares de la Universidad le corresponde al COIE<\/strong>. Para m\u00e1s infomaci\u00f3n pinche <a href=\"\/\/coie.unileon.es\/\">aqu\u00ed<\/a>.\u00a0<\/p>\r\n<div align=\"center\"><a href=\"\/\/centros.unileon.es\/biologia\/\">Inicio<\/a><\/div>","protected":false},"excerpt":{"rendered":"<p>Los alumnos de Grado y M\u00e1ster tienen la posibilidad de realizar Pr\u00e1cticas Extracurriculares. La gesti\u00f3n del programa anual de PE extracurriculares de la Universidad le corresponde al COIE. Para m\u00e1s infomaci\u00f3n pinche aqu\u00ed.\u00a0 Inicio<\/p>\n","protected":false},"author":3,"featured_media":0,"parent":0,"menu_order":0,"comment_status":"closed","ping_status":"open","template":"","meta":{"footnotes":""},"class_list":["post-4687","page","type-page","status-publish","hentry"],"_links":{"self":[{"href":"https:\/\/centros.unileon.es\/biologia\/wp-json\/wp\/v2\/pages\/4687","targetHints":{"allow":["GET"]}}],"collection":[{"href":"https:\/\/centros.unileon.es\/biologia\/wp-json\/wp\/v2\/pages"}],"about":[{"href":"https:\/\/centros.unileon.es\/biologia\/wp-json\/wp\/v2\/types\/page"}],"author":[{"embeddable":true,"href":"https:\/\/centros.unileon.es\/biologia\/wp-json\/wp\/v2\/users\/3"}],"replies":[{"embeddable":true,"href":"https:\/\/centros.unileon.es\/biologia\/wp-json\/wp\/v2\/comments?post=4687"}],"version-history":[{"count":13,"href":"https:\/\/centros.unileon.es\/biologia\/wp-json\/wp\/v2\/pages\/4687\/revisions"}],"predecessor-version":[{"id":9520,"href":"https:\/\/centros.unileon.es\/biologia\/wp-json\/wp\/v2\/pages\/4687\/revisions\/9520"}],"wp:attachment":[{"href":"https:\/\/centros.unileon.es\/biologia\/wp-json\/wp\/v2\/media?parent=4687"}],"curies":[{"name":"wp","href":"https:\/\/api.w.org\/{rel}","templated":true}]}}