{"id":448,"date":"2011-04-07T12:34:52","date_gmt":"2011-04-07T12:34:52","guid":{"rendered":"http:\/\/centros.unileon.es\/biologia\/?page_id=448"},"modified":"2025-12-16T18:25:53","modified_gmt":"2025-12-16T18:25:53","slug":"directorio-personal-de-servicios","status":"publish","type":"page","link":"https:\/\/centros.unileon.es\/biologia\/directorio-personal-de-servicios\/","title":{"rendered":"Unidad Administrativa y Conserjer\u00edas de los Centros"},"content":{"rendered":"<div align=\"center\">\r\n<p>&nbsp;<\/p>\r\n<br \/>\r\n<table style=\"width: 100%; height: 294px;\">\r\n<tbody>\r\n<tr style=\"height: 24px;\">\r\n<td style=\"height: 24px; background-color: #dfdfe8;\"><span style=\"color: #800000;\"><strong>Unidad Administrativa (Secretar\u00eda del Centro)<\/strong><\/span><\/td>\r\n<td style=\"height: 24px; background-color: #dfdfe8;\"><span style=\"color: #ff0000;\"><em><strong>\u00a0<\/strong><\/em><\/span><\/td>\r\n<td style=\"height: 24px; background-color: #dfdfe8;\"><span style=\"color: #ff0000;\"><em><strong>\u00a0<\/strong><\/em><\/span><\/td>\r\n<\/tr>\r\n<tr style=\"height: 24px;\">\r\n<td style=\"height: 24px;\" align=\"center\"><span style=\"color: #003366;\"><strong>Nombre<\/strong><\/span><\/td>\r\n<td style=\"height: 24px;\" align=\"center\"><span style=\"color: #003366;\"><strong>e-mail<\/strong><\/span><\/td>\r\n<td style=\"height: 24px;\" align=\"center\"><span style=\"color: #003366;\"><strong>Extensi\u00f3n<\/strong><\/span><\/td>\r\n<\/tr>\r\n<tr style=\"height: 24px;\">\r\n<td style=\"height: 24px;\">D\u00f1a. Eva M\u00aa \u00c1lvarez Balbuena<\/td>\r\n<td style=\"height: 24px;\"><strong><a href=\"mailto:fbiadm@unileon.es\">fbiadm@unileon.es<\/a><\/strong><\/td>\r\n<td style=\"height: 24px;\" align=\"center\">1473<\/td>\r\n<\/tr>\r\n<tr style=\"height: 24px;\">\r\n<td style=\"height: 24px;\">D\u00f1a. Bego\u00f1a Gonz\u00e1lez Robles<\/td>\r\n<td style=\"height: 24px;\"><strong><a href=\"mailto:fbiadm@unileon.es\">fbiadm@unileon.es<\/a><\/strong><\/td>\r\n<td style=\"height: 24px;\" align=\"center\">1474<\/td>\r\n<\/tr>\r\n<tr style=\"height: 24px;\">\r\n<td style=\"height: 24px;\">D. Fernando de Blas Garc\u00eda<\/td>\r\n<td style=\"height: 24px;\"><strong><a href=\"mailto:fbiadm@unileon.es\">fbiadm@unileon.es<\/a><\/strong><\/td>\r\n<td style=\"height: 24px;\" align=\"center\">1475<\/td>\r\n<\/tr>\r\n<tr style=\"height: 24px;\">\r\n<td style=\"height: 24px;\">D\u00f1a. Susana P\u00e9rez Castro<\/td>\r\n<td style=\"height: 24px;\"><strong><a href=\"mailto:fbiadm@unileon.es\">fbiadm@unileon.es<\/a><\/strong><\/td>\r\n<td style=\"height: 24px;\" align=\"center\">1477<\/td>\r\n<\/tr>\r\n<tr style=\"height: 18px;\">\r\n<th style=\"height: 18px;\" colspan=\"3\"><strong><span style=\"color: #800000;\">Conserjer\u00eda del Edificio Central<\/span><\/strong><\/th>\r\n<\/tr>\r\n<tr style=\"height: 24px;\">\r\n<td style=\"height: 24px;\">D\u00f1a. Canori P\u00e9rez Rodr\u00edguez<\/td>\r\n<td style=\"height: 24px;\"><strong><a href=\"mailto:fbicon@unileon.es\">fbicon@unileon.es<\/a><\/strong><\/td>\r\n<td style=\"height: 24px;\" align=\"center\">1472<\/td>\r\n<\/tr>\r\n<tr style=\"height: 24px;\">\r\n<td style=\"height: 24px;\">D\u00f1a. Saray Fern\u00e1ndez Rodr\u00edguez<\/td>\r\n<td style=\"height: 24px;\"><strong><a href=\"mailto:fbicon@unileon.es\">fbicon@unileon.es<\/a><\/strong><\/td>\r\n<td style=\"height: 24px;\" align=\"center\">1472<\/td>\r\n<\/tr>\r\n<tr style=\"height: 24px;\">\r\n<td style=\"height: 24px;\">D\u00f1a. Natalia Mauriz P\u00e9rez<\/td>\r\n<td style=\"height: 24px;\"><strong><a href=\"mailto:fbicon@unileon.es\">fbicon@unileon.es<\/a><\/strong><\/td>\r\n<td style=\"height: 24px;\" align=\"center\">1472<\/td>\r\n<\/tr>\r\n<tr style=\"height: 18px;\">\r\n<th style=\"height: 18px;\" colspan=\"3\"><strong><span style=\"color: #800000;\">Conserjer\u00eda del Edificio Darwin<\/span><\/strong><\/th>\r\n<\/tr>\r\n<tr style=\"height: 24px;\">\r\n<td style=\"height: 24px;\">D\u00f1a. Mercedes Zafrilla Mart\u00ednez<\/td>\r\n<td style=\"height: 24px;\"><strong><a href=\"mailto:fbicon@unileon.es\">fbicon@unileon.es<\/a><\/strong><\/td>\r\n<td style=\"height: 24px;\" align=\"center\">1484<\/td>\r\n<\/tr>\r\n<tr style=\"height: 24px;\">\r\n<td style=\"height: 24px;\">D\u00f1a. Ana Esther Galard Villafa\u00f1e<\/td>\r\n<td style=\"height: 24px;\"><strong><a href=\"mailto:fbicon@unileon.es\">fbicon@unileon.es<\/a><\/strong><\/td>\r\n<td style=\"height: 24px;\" align=\"center\">1484<\/td>\r\n<\/tr>\r\n<tr style=\"height: 18px;\">\r\n<th style=\"height: 18px;\" colspan=\"3\"><strong><span style=\"color: #800000;\">Laboratorios<\/span><\/strong><\/th>\r\n<\/tr>\r\n<tr style=\"height: 24px;\">\r\n<td style=\"height: 24px;\">D. Juli\u00e1n Ruiz Orte<\/td>\r\n<td style=\"height: 24px;\"><strong><a href=\"mailto:gercss@unileon.es\">jruio@unileon.es<\/a><\/strong><\/td>\r\n<td style=\"height: 24px;\" align=\"center\">5023<\/td>\r\n<\/tr>\r\n<\/tbody>\r\n<\/table>\r\n<\/div>\r\n<div align=\"center\"><a href=\"http:\/\/centros.unileon.es\/biologia\/\">Inicio<\/a><\/div>","protected":false},"excerpt":{"rendered":"<p>&nbsp; Unidad Administrativa (Secretar\u00eda del Centro) \u00a0 \u00a0 Nombre e-mail Extensi\u00f3n D\u00f1a. Eva M\u00aa \u00c1lvarez Balbuena fbiadm@unileon.es 1473 D\u00f1a. Bego\u00f1a Gonz\u00e1lez Robles fbiadm@unileon.es 1474 D. Fernando de Blas Garc\u00eda fbiadm@unileon.es 1475 D\u00f1a. Susana P\u00e9rez Castro fbiadm@unileon.es 1477 Conserjer\u00eda del Edificio Central D\u00f1a. Canori P\u00e9rez Rodr\u00edguez fbicon@unileon.es 1472 D\u00f1a. Saray Fern\u00e1ndez Rodr\u00edguez fbicon@unileon.es 1472 D\u00f1a. Natalia [&hellip;]<\/p>\n","protected":false},"author":3,"featured_media":0,"parent":0,"menu_order":0,"comment_status":"closed","ping_status":"open","template":"","meta":{"footnotes":""},"class_list":["post-448","page","type-page","status-publish","hentry"],"_links":{"self":[{"href":"https:\/\/centros.unileon.es\/biologia\/wp-json\/wp\/v2\/pages\/448","targetHints":{"allow":["GET"]}}],"collection":[{"href":"https:\/\/centros.unileon.es\/biologia\/wp-json\/wp\/v2\/pages"}],"about":[{"href":"https:\/\/centros.unileon.es\/biologia\/wp-json\/wp\/v2\/types\/page"}],"author":[{"embeddable":true,"href":"https:\/\/centros.unileon.es\/biologia\/wp-json\/wp\/v2\/users\/3"}],"replies":[{"embeddable":true,"href":"https:\/\/centros.unileon.es\/biologia\/wp-json\/wp\/v2\/comments?post=448"}],"version-history":[{"count":70,"href":"https:\/\/centros.unileon.es\/biologia\/wp-json\/wp\/v2\/pages\/448\/revisions"}],"predecessor-version":[{"id":13440,"href":"https:\/\/centros.unileon.es\/biologia\/wp-json\/wp\/v2\/pages\/448\/revisions\/13440"}],"wp:attachment":[{"href":"https:\/\/centros.unileon.es\/biologia\/wp-json\/wp\/v2\/media?parent=448"}],"curies":[{"name":"wp","href":"https:\/\/api.w.org\/{rel}","templated":true}]}}