{"id":4055,"date":"2013-02-01T11:12:38","date_gmt":"2013-02-01T11:12:38","guid":{"rendered":"http:\/\/centros.unileon.es\/biologia\/?page_id=4055"},"modified":"2013-02-21T08:46:43","modified_gmt":"2013-02-21T08:46:43","slug":"agendas-google-calendar","status":"publish","type":"page","link":"https:\/\/centros.unileon.es\/biologia\/agendas-google-calendar\/","title":{"rendered":"Agendas (Google Calendar)"},"content":{"rendered":"<h3>Tablas de IDs de las Asignaturas de los Grados<\/h3>\r\n<a href=\"http:\/\/centros.unileon.es\/biologia\/wp-content\/blogs.dir\/3\/files\/2013\/02\/ID_GOOGLECALENDAR_Biologia.pdf\">Grado en Biolog\u00eda<\/a>\r\n<a href=\"http:\/\/centros.unileon.es\/biologia\/wp-content\/blogs.dir\/3\/files\/2013\/02\/ID_GOOGLECALENDAR_CCAA.pdf\">Grado en Ciencias Ambientales<\/a>\r\n<a href=\"http:\/\/centros.unileon.es\/biologia\/wp-content\/blogs.dir\/3\/files\/2013\/02\/ID_GOOGLECALENDAR_Biotec.pdf\">Grado en Biotecnolog\u00eda<\/a>\r\n\r\n<h3>Acceso a las Agendas<\/h3>\r\n<div align=\"center\">\r\n<table border=\"1\">\r\n<tr>\r\n<td><form action=\"http:\/\/centros.unileon.es\/biologia\/agendas-de-actividades-grado-en-biologia\/\"><button type=\"submit\"><p>&nbsp;&nbsp;&nbsp;<font color=\"black\"><b>Biolog\u00eda<\/b><\/font>&nbsp;&nbsp;&nbsp;<\/p><\/button><\/form><\/td>\r\n<\/tr>\r\n<tr>\r\n<td><form action=\"http:\/\/centros.unileon.es\/biologia\/agendas-del-grado-en-ciencias-ambientales\/\"><button type=\"submit\"><p>&nbsp;&nbsp;&nbsp;<font color=\"black\"><b>Ciencias Ambientales<\/b><\/font>&nbsp;&nbsp;&nbsp;<\/p><\/button><\/form><\/td>\r\n<\/tr>\r\n\r\n<tr>\r\n<td><form action=\"http:\/\/centros.unileon.es\/biologia\/agendas-grado-en-biotecnologia\/\"><button type=\"submit\"><p>&nbsp;&nbsp;&nbsp;<font color=\"black\"><b>Biotecnolog\u00eda<\/b><\/font>&nbsp;&nbsp;&nbsp;<\/p><\/button><\/form><\/td>\r\n<\/tr>\r\n\r\n<\/table>\r\n<\/div>","protected":false},"excerpt":{"rendered":"<p>Tablas de IDs de las Asignaturas de los Grados Grado en Biolog\u00eda Grado en Ciencias Ambientales Grado en Biotecnolog\u00eda Acceso a las Agendas &nbsp;&nbsp;&nbsp;Biolog\u00eda&nbsp;&nbsp;&nbsp; &nbsp;&nbsp;&nbsp;Ciencias Ambientales&nbsp;&nbsp;&nbsp; &nbsp;&nbsp;&nbsp;Biotecnolog\u00eda&nbsp;&nbsp;&nbsp;<\/p>\n","protected":false},"author":3,"featured_media":0,"parent":0,"menu_order":0,"comment_status":"closed","ping_status":"open","template":"","meta":{"footnotes":""},"class_list":["post-4055","page","type-page","status-publish","hentry"],"_links":{"self":[{"href":"https:\/\/centros.unileon.es\/biologia\/wp-json\/wp\/v2\/pages\/4055","targetHints":{"allow":["GET"]}}],"collection":[{"href":"https:\/\/centros.unileon.es\/biologia\/wp-json\/wp\/v2\/pages"}],"about":[{"href":"https:\/\/centros.unileon.es\/biologia\/wp-json\/wp\/v2\/types\/page"}],"author":[{"embeddable":true,"href":"https:\/\/centros.unileon.es\/biologia\/wp-json\/wp\/v2\/users\/3"}],"replies":[{"embeddable":true,"href":"https:\/\/centros.unileon.es\/biologia\/wp-json\/wp\/v2\/comments?post=4055"}],"version-history":[{"count":13,"href":"https:\/\/centros.unileon.es\/biologia\/wp-json\/wp\/v2\/pages\/4055\/revisions"}],"predecessor-version":[{"id":9288,"href":"https:\/\/centros.unileon.es\/biologia\/wp-json\/wp\/v2\/pages\/4055\/revisions\/9288"}],"wp:attachment":[{"href":"https:\/\/centros.unileon.es\/biologia\/wp-json\/wp\/v2\/media?parent=4055"}],"curies":[{"name":"wp","href":"https:\/\/api.w.org\/{rel}","templated":true}]}}