{"id":3402,"date":"2012-06-05T09:50:38","date_gmt":"2012-06-05T09:50:38","guid":{"rendered":"http:\/\/centros.unileon.es\/biologia\/?page_id=3402"},"modified":"2026-03-12T14:58:48","modified_gmt":"2026-03-12T14:58:48","slug":"trabajo-fin-de-grado","status":"publish","type":"page","link":"https:\/\/centros.unileon.es\/biologia\/trabajo-fin-de-grado\/","title":{"rendered":"Trabajo Fin de Grado"},"content":{"rendered":"<div align=\"center\"><img loading=\"lazy\" decoding=\"async\" src=\"http:\/\/centros.unileon.es\/biologia\/files\/2011\/10\/Foto-3.jpg\" alt=\"\" width=\"400\" height=\"241\" \/><\/div>\r\n<h2>Informaci\u00f3n General<\/h2>\r\n<p><a href=\"https:\/\/bocyl.jcyl.es\/boletines\/2026\/01\/14\/pdf\/BOCYL-D-14012026-8-19.pdf\">Reglamento sobre Trabajos Fin de Grado de la ULE<\/a><br \/>\r\n<a href=\"https:\/\/centros.unileon.es\/biologia\/files\/2022\/05\/Normativa-TFGs_-Ciencias-Biologicas-y-Ambientales_-Junta-de-Facultad-1.pdf\">Normativa sobre Trabajos Fin de Grado de la FCCBA\u00a0<\/a><br \/>\r\n<a href=\"https:\/\/centros.unileon.es\/biologia\/files\/2024\/07\/TFG_normas_presentacion-2023-24-2.pdf\">TFG_normas_presentacion 2023-24<\/a><br \/>\r\n<a href=\"http:\/\/centros.unileon.es\/biologia\/files\/2012\/06\/FCCBA_Aspectos_evaluables_WEB_2014.pdf\">Aspectos evaluables de los trabajos<\/a><\/p>\r\n<h2><span style=\"color: #333333;\">Documentos-Impresos<\/span><\/h2>\r\n<p><a href=\"https:\/\/centros.unileon.es\/biologia\/files\/2025\/04\/FCCBA_TFG_Impreso-1_Propuesta-TFG2025.doc\"><strong>Impreso 1.<\/strong> Propuesta de TFG presentada por un profesor (TFGs Generales)<\/a><br \/>\r\n<strong>Impreso 2.<\/strong> Solicitud de TFG. Listado de preferencias del estudiante &#8211;&gt; ATENCI\u00d3N: ESTE IMPRESO HA SIDO SUSTITUIDO POR UN FORMULARIO AL QUE SE ACCEDE DESDE <a href=\"https:\/\/centros.unileon.es\/biologia\/curso-2025-2026\/\">AQU\u00cd<\/a><br \/>\r\n<a href=\"https:\/\/centros.unileon.es\/biologia\/files\/2025\/04\/FCCBA_TFG_Impreso-3_Propuesta-TFG-especifico2025.doc\"><strong>Impreso 3.<\/strong> Propuesta de TFG presentada por un estudiante (TFGs Espec\u00edficos)<\/a><br \/>\r\n<a href=\"https:\/\/centros.unileon.es\/biologia\/files\/2025\/04\/FCCBA_TFG_Impreso-4_Solicitud-cotutor2025.doc\"><strong>Impreso 4.<\/strong> Solicitud de un segundo tutor<\/a><br \/>\r\n<a href=\"https:\/\/centros.unileon.es\/biologia\/files\/2023\/06\/FCCBA_TFG_Impreso-5_Informe-del-tutor-sobre-la-calidad-y-meritos-del-TFG-2023.doc\"><strong>Impreso 5.<\/strong> Informe del tutor sobre la calidad y m\u00e9ritos del TFG\u00a0<\/a><br \/>\r\n<a href=\"https:\/\/centros.unileon.es\/biologia\/files\/2023\/06\/FCCBA_TFG_Impreso-6_Informe-del-tutor-sobre-la-publicacion-en-abierto-del-TFG-2023.doc\"><strong>Impreso 6.<\/strong> Informe del tutor sobre la publicaci\u00f3n en abierto del TFG<\/a> <br \/>\r\n<a href=\"https:\/\/centros.unileon.es\/biologia\/files\/2023\/06\/FCCBA_TFG_Impreso-7_Informe-del-alumno-sobre-la-publicacion-en-abierto-del-TFG-2023.doc\"><strong>Impreso 7.<\/strong> Informe del alumno sobre la publicaci\u00f3n en abierto del TFG\u00a0<\/a><br \/>\r\n<a href=\"https:\/\/centros.unileon.es\/biologia\/files\/2022\/06\/TFG_Portada_2022.doc\">TFG_Portada_2022<\/a><\/p>\r\n<h2>Comisiones de Evaluaci\u00f3n A\u00f1o 2026<\/h2>\r\n<p><a href=\"https:\/\/centros.unileon.es\/biologia\/files\/2025\/12\/Comisiones-Tribunales-TFG-BIOL-2026.pdf\">Grado en Biolog\u00eda<\/a><\/p>\r\n<p><a href=\"https:\/\/centros.unileon.es\/biologia\/files\/2025\/12\/Comisiones-Tribunales-TFG-BIOTEC-2026.pdf\">Grado en Biotecnolog\u00eda<\/a><\/p>\r\n<p><a href=\"https:\/\/centros.unileon.es\/biologia\/files\/2025\/12\/Comisiones-Tribunales-TFG-CCAA-2026.pdf\">Grado en Ciencias Ambientales y Doble Grado<\/a><\/p>\r\n<h2 style=\"text-align: left;\">Comisi\u00f3n de Trabajos de Fin de Grado<\/h2>\r\n<table style=\"width: 79.177%; height: 234px;\">\r\n<tbody>\r\n<tr style=\"height: 24px;\">\r\n<th style=\"height: 24px;\">Curso 2025-2026<\/th>\r\n<\/tr>\r\n<tr style=\"height: 24px;\">\r\n<td style=\"height: 24px;\">Presidente de la Comisi\u00f3n<\/td>\r\n<td style=\"height: 24px;\">Decana, Dra. Laura L\u00f3pez Campano, o persona en quien delegue<\/td>\r\n<\/tr>\r\n<tr style=\"height: 24px;\">\r\n<td style=\"height: 24px;\">Coordinadora de TFG-Grado en Biolog\u00eda<\/td>\r\n<td style=\"height: 24px;\">Dra. \u00c1ngela Taboada Palomares<\/td>\r\n<\/tr>\r\n<tr style=\"height: 24px;\">\r\n<td style=\"height: 24px;\">Coordinadora de TFG-Grado en Biotecnolog\u00eda<\/td>\r\n<td style=\"height: 24px;\">Dra. Marta Fern\u00e1ndez Riesco<\/td>\r\n<\/tr>\r\n<tr style=\"height: 24px;\">\r\n<td style=\"height: 24px;\">Coordinador de TFG-Grado en Ciencias Ambientales<\/td>\r\n<td style=\"height: 24px;\">Dr. Iv\u00e1n Prieto Aguilar<\/td>\r\n<\/tr>\r\n<tr style=\"height: 24px;\">\r\n<td style=\"height: 24px;\">Alumna del Grado en Biolog\u00eda<\/td>\r\n<td style=\"height: 24px;\">D\u00aa. Mar\u00eda Hern\u00e1ndez Gord\u00f3n (supl. D. Carlos A. Cuenya Duarte)<\/td>\r\n<\/tr>\r\n<tr style=\"height: 24px;\">\r\n<td style=\"height: 24px;\">Alumna del Grado en Biotecnolog\u00eda<\/td>\r\n<td style=\"height: 24px;\">D\u00aa. Yaiza Horna Gonz\u00e1lez (supl. D\u00aa. Luc\u00eda Rej\u00f3n Aguado)<\/td>\r\n<\/tr>\r\n<tr style=\"height: 24px;\">\r\n<td style=\"height: 24px;\">Alumna del Grado en Ciencias Ambientales<\/td>\r\n<td style=\"height: 24px;\">D\u00aa. Mell Isabel Le\u00f3n Acevedo (supl. D\u00aa. Luisanna del Canto Pino)<\/td>\r\n<\/tr>\r\n<tr style=\"height: 18px;\">\r\n<td style=\"height: 18px;\">Responsable de la firma de actas<\/td>\r\n<td style=\"height: 18px;\">Secretaria de Centro, Dra. Elena Colmenero Hidalgo<\/td>\r\n<\/tr>\r\n<tr style=\"height: 24px;\">\r\n<td style=\"height: 24px;\">Personal de administraci\u00f3n de apoyo<\/td>\r\n<td style=\"height: 24px;\">D\u00aa. Bego\u00f1a Gonz\u00e1lez Robles<\/td>\r\n<\/tr>\r\n<\/tbody>\r\n<\/table>\r\n<div align=\"center\"><a href=\"http:\/\/centros.unileon.es\/biologia\/\">Inicio<\/a><\/div>","protected":false},"excerpt":{"rendered":"<p>Informaci\u00f3n General Reglamento sobre Trabajos Fin de Grado de la ULE Normativa sobre Trabajos Fin de Grado de la FCCBA\u00a0 TFG_normas_presentacion 2023-24 Aspectos evaluables de los trabajos Documentos-Impresos Impreso 1. Propuesta de TFG presentada por un profesor (TFGs Generales) Impreso 2. Solicitud de TFG. Listado de preferencias del estudiante &#8211;&gt; ATENCI\u00d3N: ESTE IMPRESO HA SIDO [&hellip;]<\/p>\n","protected":false},"author":3,"featured_media":0,"parent":0,"menu_order":0,"comment_status":"closed","ping_status":"open","template":"","meta":{"footnotes":""},"class_list":["post-3402","page","type-page","status-publish","hentry"],"_links":{"self":[{"href":"https:\/\/centros.unileon.es\/biologia\/wp-json\/wp\/v2\/pages\/3402","targetHints":{"allow":["GET"]}}],"collection":[{"href":"https:\/\/centros.unileon.es\/biologia\/wp-json\/wp\/v2\/pages"}],"about":[{"href":"https:\/\/centros.unileon.es\/biologia\/wp-json\/wp\/v2\/types\/page"}],"author":[{"embeddable":true,"href":"https:\/\/centros.unileon.es\/biologia\/wp-json\/wp\/v2\/users\/3"}],"replies":[{"embeddable":true,"href":"https:\/\/centros.unileon.es\/biologia\/wp-json\/wp\/v2\/comments?post=3402"}],"version-history":[{"count":161,"href":"https:\/\/centros.unileon.es\/biologia\/wp-json\/wp\/v2\/pages\/3402\/revisions"}],"predecessor-version":[{"id":13535,"href":"https:\/\/centros.unileon.es\/biologia\/wp-json\/wp\/v2\/pages\/3402\/revisions\/13535"}],"wp:attachment":[{"href":"https:\/\/centros.unileon.es\/biologia\/wp-json\/wp\/v2\/media?parent=3402"}],"curies":[{"name":"wp","href":"https:\/\/api.w.org\/{rel}","templated":true}]}}