{"id":329,"date":"2011-04-06T12:12:21","date_gmt":"2011-04-06T12:12:21","guid":{"rendered":"http:\/\/centros.unileon.es\/biologia\/?page_id=329"},"modified":"2025-12-16T18:14:45","modified_gmt":"2025-12-16T18:14:45","slug":"equipo-y-organos-de-gobierno","status":"publish","type":"page","link":"https:\/\/centros.unileon.es\/biologia\/equipo-y-organos-de-gobierno\/","title":{"rendered":"Comisiones de Trabajo FCCBA"},"content":{"rendered":"<div style=\"margin-right: 20px;\"><img decoding=\"async\" style=\"width: 600px;\" src=\"\/biologia\/files\/2020\/02\/FCCBA_organigrama2020.png\" alt=\"Organigrama de las Comisiones\" \/><\/div>\r\n<h2 style=\"text-align: left;\" align=\"center\"><span style=\"color: #800000;\"><strong>COMISIONES 2024-2025<\/strong><\/span><\/h2>\r\n<ul>\r\n\t<li style=\"text-align: left;\"><a href=\"https:\/\/centros.unileon.es\/biologia\/files\/2025\/12\/Comision-de-Biblioteca-2025-2026.pdf\">Comisi\u00f3n de Biblioteca 2025-2026<\/a><\/li>\r\n\t<li style=\"text-align: left;\"><a href=\"https:\/\/centros.unileon.es\/biologia\/files\/2025\/12\/Comision-de-coord-BIOLOGIA-2025-2026.pdf\">Comisi\u00f3n de Coordinaci\u00f3n del Grado en Biolog\u00eda 2025-2026<\/a><\/li>\r\n\t<li><a href=\"https:\/\/centros.unileon.es\/biologia\/files\/2025\/12\/Comision-de-coord-Biotecnologia-2025-2026.pdf\">Comisi\u00f3n de Coordinaci\u00f3n del Grado en Biotecnolog\u00eda 2025-2026<\/a><\/li>\r\n\t<li><a href=\"https:\/\/centros.unileon.es\/biologia\/files\/2025\/12\/Comision-de-coord-CCAA-2025-2026.pdf\">Comisi\u00f3n de Coordinaci\u00f3n del Grado en Ciencias Ambientales 2025-2026<\/a><\/li>\r\n\t<li><a href=\"https:\/\/centros.unileon.es\/biologia\/files\/2025\/12\/Comision-de-Practicas-Externas-2025-2026.pdf\">Comisi\u00f3n de Pr\u00e1cticas Externas 2025-2026<\/a><\/li>\r\n\t<li style=\"text-align: left;\"><a href=\"https:\/\/centros.unileon.es\/biologia\/files\/2025\/12\/Comision-de-TFGs-2025-2026.pdf\">Comisi\u00f3n de Trabajo Fin de Grado 2025-2026<\/a><\/li>\r\n\t<li style=\"text-align: left;\"><a href=\"https:\/\/centros.unileon.es\/biologia\/files\/2025\/12\/Comision-de-Movilidad-2025-2026.pdf\">Comisi\u00f3n para Programas de Intercambio 2025-2026<\/a><\/li>\r\n\t<li style=\"text-align: left;\"><a href=\"https:\/\/centros.unileon.es\/biologia\/files\/2025\/12\/Comision-de-Calidad-2025-2026.pdf\">Comisi\u00f3n del Sistema de Garant\u00eda Interna de Calidad 2025-2026<\/a><\/li>\r\n\t<li style=\"text-align: left;\"><a href=\"https:\/\/centros.unileon.es\/biologia\/files\/2025\/12\/Comision-Tecn-Rec-Transferencia-Creditos-2025-2026.pdf\">Comisi\u00f3n T\u00e9cnica de Reconocimiento y Transferencia de Cr\u00e9ditos 2025-2026<\/a><\/li>\r\n\t<li><a href=\"https:\/\/centros.unileon.es\/biologia\/files\/2025\/12\/Comision-de-Premios-Extraordinarios-2025-2026.pdf\">Comisi\u00f3n de Premios Extraordinarios 2025-2026<\/a><\/li>\r\n\t<li><a href=\"https:\/\/centros.unileon.es\/biologia\/files\/2025\/02\/Comision-para-Redes-Sociales-2024-2025.pdf\">Comisi\u00f3n de Comunicaci\u00f3n y Redes Sociales 2024-2025<\/a><\/li>\r\n<\/ul>\r\n<p>&nbsp;<\/p>","protected":false},"excerpt":{"rendered":"<p>COMISIONES 2024-2025 Comisi\u00f3n de Biblioteca 2025-2026 Comisi\u00f3n de Coordinaci\u00f3n del Grado en Biolog\u00eda 2025-2026 Comisi\u00f3n de Coordinaci\u00f3n del Grado en Biotecnolog\u00eda 2025-2026 Comisi\u00f3n de Coordinaci\u00f3n del Grado en Ciencias Ambientales 2025-2026 Comisi\u00f3n de Pr\u00e1cticas Externas 2025-2026 Comisi\u00f3n de Trabajo Fin de Grado 2025-2026 Comisi\u00f3n para Programas de Intercambio 2025-2026 Comisi\u00f3n del Sistema de Garant\u00eda Interna [&hellip;]<\/p>\n","protected":false},"author":3,"featured_media":0,"parent":0,"menu_order":0,"comment_status":"closed","ping_status":"open","template":"","meta":{"footnotes":""},"class_list":["post-329","page","type-page","status-publish","hentry"],"_links":{"self":[{"href":"https:\/\/centros.unileon.es\/biologia\/wp-json\/wp\/v2\/pages\/329","targetHints":{"allow":["GET"]}}],"collection":[{"href":"https:\/\/centros.unileon.es\/biologia\/wp-json\/wp\/v2\/pages"}],"about":[{"href":"https:\/\/centros.unileon.es\/biologia\/wp-json\/wp\/v2\/types\/page"}],"author":[{"embeddable":true,"href":"https:\/\/centros.unileon.es\/biologia\/wp-json\/wp\/v2\/users\/3"}],"replies":[{"embeddable":true,"href":"https:\/\/centros.unileon.es\/biologia\/wp-json\/wp\/v2\/comments?post=329"}],"version-history":[{"count":247,"href":"https:\/\/centros.unileon.es\/biologia\/wp-json\/wp\/v2\/pages\/329\/revisions"}],"predecessor-version":[{"id":13431,"href":"https:\/\/centros.unileon.es\/biologia\/wp-json\/wp\/v2\/pages\/329\/revisions\/13431"}],"wp:attachment":[{"href":"https:\/\/centros.unileon.es\/biologia\/wp-json\/wp\/v2\/media?parent=329"}],"curies":[{"name":"wp","href":"https:\/\/api.w.org\/{rel}","templated":true}]}}