{"id":308,"date":"2011-04-08T10:19:22","date_gmt":"2011-04-08T10:19:22","guid":{"rendered":"http:\/\/centros.unileon.es\/biologia\/?page_id=308"},"modified":"2014-11-30T12:08:26","modified_gmt":"2014-11-30T12:08:26","slug":"ubicacion-2","status":"publish","type":"page","link":"https:\/\/centros.unileon.es\/biologia\/ubicacion-2\/","title":{"rendered":"Ubicaci\u00f3n"},"content":{"rendered":"<div style=\"float: left\"><a href=\"https:\/\/www.google.es\/maps\/place\/Facultad+de+Ciencias+Biol%C3%B3gicas+y+Ambientales,+Campus+Universitario+de+Vegazana,+Universidad+de+Le%C3%B3n\/@42.6125685,-5.5585699,16z\/data=!4m2!3m1!1s0xd37907e277f8d13:0xe9596953f108ddfa\"><img loading=\"lazy\" decoding=\"async\" src=\"http:\/\/centros.unileon.es\/biologia\/files\/2014\/05\/Ubicaci\u00f3n.jpg\" alt=\"Ubicaci\u00f3n\" width=\"300\" height=\"200\" class=\"aligncenter size-full wp-image-6150\" \/><\/a><\/a><\/div>\r\n<div><a href=\"https:\/\/www.google.es\/maps\/@42.609516,-5.558092,3a,75y,15.8h,74.06t\/data=!3m4!1e1!3m2!1s_SigtFaO7ulrF77FjknSDg!2e0\"><img loading=\"lazy\" decoding=\"async\" src=\"http:\/\/centros.unileon.es\/biologia\/files\/2011\/04\/FCCCADarwin2.jpg\" alt=\"OLYMPUS DIGITAL CAMERA\" width=\"300\" height=\"200\" class=\"alignleft size-full wp-image-6154\" \/><\/a><a href=\"https:\/\/www.google.es\/maps\/@42.609516,-5.558092,3a,75y,11.68h,72.61t\/data=!3m4!1e1!3m2!1s_SigtFaO7ulrF77FjknSDg!2e0\"><\/div>\r\n<table width=\"484\">\r\n<tbody>\r\n<tr>\r\n<th width=\"100\">Direcci\u00f3n Postal<\/th>\r\n<td style=\"text-align: center\">UNIVERSIDAD DE LE\u00d3N &#8211; Facultad de Ciencias Biol\u00f3gicas y Ambientales \r\nCampus de Vegazana, s\/n 24071 LE\u00d3N<\/td>\r\n<\/tr>\r\n<tr>\r\n<th width=\"100\">Tel\u00e9fono<\/th>\r\n<td style=\"text-align: center\">987 29 14 73<\/td>\r\n<\/tr>\r\n<tr>\r\n<th width=\"100\">Fax<\/th>\r\n<td style=\"text-align: center\">987 29 14 79<\/td>\r\n<\/tr>\r\n<tr>\r\n<th width=\"100\">Buz\u00f3n electr\u00f3nico<\/th>\r\n<td>\r\n<p style=\"text-align: center\">fbiadm@unileon.es<\/p>\r\n<\/td>\r\n<\/tr>\r\n<\/tbody>\r\n<\/table>\r\n<div align=\"center\"><a href=\"http:\/\/centros.unileon.es\/biologia\/files\/2011\/04\/ubicacion_situacion.jpg\"><\/a><img loading=\"lazy\" decoding=\"async\" class=\"aligncenter size-medium wp-image-513\" src=\"http:\/\/centros.unileon.es\/biologia\/files\/2011\/04\/ubicacion_situacion-279x300.jpg\" alt=\"\" width=\"279\" height=\"300\" srcset=\"https:\/\/centros.unileon.es\/biologia\/files\/2011\/04\/ubicacion_situacion-279x300.jpg 279w, https:\/\/centros.unileon.es\/biologia\/files\/2011\/04\/ubicacion_situacion.jpg 400w\" sizes=\"auto, (max-width: 279px) 100vw, 279px\" \/><\/a><\/div>\r\n<div align=\"center\"><a href=\"http:\/\/centros.unileon.es\/biologia\/\">Inicio<\/a><\/div>","protected":false},"excerpt":{"rendered":"<p>Direcci\u00f3n Postal UNIVERSIDAD DE LE\u00d3N &#8211; Facultad de Ciencias Biol\u00f3gicas y Ambientales Campus de Vegazana, s\/n 24071 LE\u00d3N Tel\u00e9fono 987 29 14 73 Fax 987 29 14 79 Buz\u00f3n electr\u00f3nico fbiadm@unileon.es Inicio<\/p>\n","protected":false},"author":3,"featured_media":0,"parent":0,"menu_order":0,"comment_status":"closed","ping_status":"open","template":"","meta":{"footnotes":""},"class_list":["post-308","page","type-page","status-publish","hentry"],"_links":{"self":[{"href":"https:\/\/centros.unileon.es\/biologia\/wp-json\/wp\/v2\/pages\/308","targetHints":{"allow":["GET"]}}],"collection":[{"href":"https:\/\/centros.unileon.es\/biologia\/wp-json\/wp\/v2\/pages"}],"about":[{"href":"https:\/\/centros.unileon.es\/biologia\/wp-json\/wp\/v2\/types\/page"}],"author":[{"embeddable":true,"href":"https:\/\/centros.unileon.es\/biologia\/wp-json\/wp\/v2\/users\/3"}],"replies":[{"embeddable":true,"href":"https:\/\/centros.unileon.es\/biologia\/wp-json\/wp\/v2\/comments?post=308"}],"version-history":[{"count":52,"href":"https:\/\/centros.unileon.es\/biologia\/wp-json\/wp\/v2\/pages\/308\/revisions"}],"predecessor-version":[{"id":6625,"href":"https:\/\/centros.unileon.es\/biologia\/wp-json\/wp\/v2\/pages\/308\/revisions\/6625"}],"wp:attachment":[{"href":"https:\/\/centros.unileon.es\/biologia\/wp-json\/wp\/v2\/media?parent=308"}],"curies":[{"name":"wp","href":"https:\/\/api.w.org\/{rel}","templated":true}]}}