{"id":30,"date":"2010-10-06T12:51:47","date_gmt":"2010-10-06T12:51:47","guid":{"rendered":"http:\/\/centros.unileon.es\/biologia\/"},"modified":"2020-02-20T17:33:29","modified_gmt":"2020-02-20T17:33:29","slug":"departamentos","status":"publish","type":"page","link":"https:\/\/centros.unileon.es\/biologia\/departamentos\/","title":{"rendered":"Departamentos"},"content":{"rendered":"<p>Estos son los Departamentos de la Universidad que participan en la docencia de nuestras titulaciones:<\/p>\r\n<ul>\r\n\t<li><a href=\"http:\/\/departamentos.unileon.es\/biodiversidad-y-gestion-ambiental\/\">Biodiversidad y Gesti\u00f3n Ambiental<\/a><\/li>\r\n\t<li><a href=\"http:\/\/departamentos.unileon.es\/biologia-molecular\/\">Biolog\u00eda Molecular<\/a><\/li>\r\n\t<li><a href=\"http:\/\/departamentos.unileon.es\/ciencias-biomedicas\/\">Ciencias Biom\u00e9dicas<\/a><\/li>\r\n\t<li><a href=\"http:\/\/departamentos.unileon.es\/derecho-publico\">Derecho P\u00fablico<\/a><\/li>\r\n\t<li><a href=\"http:\/\/departamentos.unileon.es\/direccion-y-economia-de-la-empresa\/\">Direcci\u00f3n y Econom\u00eda de la Empresa<\/a><\/li>\r\n\t<li><a href=\"http:\/\/departamentos.unileon.es\/economia-y-estadistica\">Econom\u00eda y Estad\u00edstica<\/a><\/li>\r\n\t<li><a href=\"http:\/\/departamentos.unileon.es\/geografia-y-geologia\/\">Geograf\u00eda y Geolog\u00eda<\/a><\/li>\r\n\t<li><a href=\"http:\/\/departamentos.unileon.es\/higiene-y-tecnologia-de-los-alimentos\/\">Higiene y Tecnolog\u00eda de los Alimentos<\/a><\/li>\r\n\t<li><a href=\"http:\/\/departamentos.unileon.es\/ingenierias-mecanica-informatica-y-aeroespacial\/\">Ingenier\u00edas Mec\u00e1nica, Inform\u00e1tica y Aeroespacial<\/a><\/li>\r\n\t<li><a href=\"http:\/\/departamentos.unileon.es\/ingenieria-y-ciencias-agrarias\">Ingenier\u00eda y Ciencias Agrarias<\/a><\/li>\r\n\t<li><a href=\"http:\/\/departamentos.unileon.es\/matematicas\/\">Matem\u00e1ticas<\/a><\/li>\r\n\t<li><a href=\"http:\/\/departamentos.unileon.es\/medicina-cirugia-y-anatomia-veterinaria\/\">Medicina, Cirug\u00eda y Anatom\u00eda Veterinaria<\/a><\/li>\r\n\t<li><a href=\"http:\/\/departamentos.unileon.es\/produccion-animal\/\">Producci\u00f3n Animal<\/a><\/li>\r\n\t<li><a href=\"http:\/\/departamentos.unileon.es\/psicologia-sociologia-y-filosofia\/equipo-directivo\/\">Psicolog\u00eda, Sociolog\u00eda y Filosof\u00eda<\/a><\/li>\r\n\t<li><a href=\"http:\/\/departamentos.unileon.es\/quimica-y-fisica-aplicadas\/\">Qu\u00edmica y F\u00edsica Aplicadas<\/a><\/li>\r\n\t<li><a href=\"http:\/\/departamentos.unileon.es\/sanidad-animal\/\">Sanidad Animal<\/a><\/li>\r\n<\/ul>\r\n<p>&nbsp;<\/p>\r\n<div align=\"center\"><a href=\"http:\/\/centros.unileon.es\/biologia\/\">Inicio<\/a><\/div>","protected":false},"excerpt":{"rendered":"<p>Estos son los Departamentos de la Universidad que participan en la docencia de nuestras titulaciones: Biodiversidad y Gesti\u00f3n Ambiental Biolog\u00eda Molecular Ciencias Biom\u00e9dicas Derecho P\u00fablico Direcci\u00f3n y Econom\u00eda de la Empresa Econom\u00eda y Estad\u00edstica Geograf\u00eda y Geolog\u00eda Higiene y Tecnolog\u00eda de los Alimentos Ingenier\u00edas Mec\u00e1nica, Inform\u00e1tica y Aeroespacial Ingenier\u00eda y Ciencias Agrarias Matem\u00e1ticas Medicina, Cirug\u00eda [&hellip;]<\/p>\n","protected":false},"author":1,"featured_media":0,"parent":0,"menu_order":0,"comment_status":"closed","ping_status":"open","template":"","meta":{"footnotes":""},"class_list":["post-30","page","type-page","status-publish","hentry"],"_links":{"self":[{"href":"https:\/\/centros.unileon.es\/biologia\/wp-json\/wp\/v2\/pages\/30","targetHints":{"allow":["GET"]}}],"collection":[{"href":"https:\/\/centros.unileon.es\/biologia\/wp-json\/wp\/v2\/pages"}],"about":[{"href":"https:\/\/centros.unileon.es\/biologia\/wp-json\/wp\/v2\/types\/page"}],"author":[{"embeddable":true,"href":"https:\/\/centros.unileon.es\/biologia\/wp-json\/wp\/v2\/users\/1"}],"replies":[{"embeddable":true,"href":"https:\/\/centros.unileon.es\/biologia\/wp-json\/wp\/v2\/comments?post=30"}],"version-history":[{"count":22,"href":"https:\/\/centros.unileon.es\/biologia\/wp-json\/wp\/v2\/pages\/30\/revisions"}],"predecessor-version":[{"id":9885,"href":"https:\/\/centros.unileon.es\/biologia\/wp-json\/wp\/v2\/pages\/30\/revisions\/9885"}],"wp:attachment":[{"href":"https:\/\/centros.unileon.es\/biologia\/wp-json\/wp\/v2\/media?parent=30"}],"curies":[{"name":"wp","href":"https:\/\/api.w.org\/{rel}","templated":true}]}}