{"id":2658,"date":"2011-11-08T12:54:26","date_gmt":"2011-11-08T12:54:26","guid":{"rendered":"http:\/\/centros.unileon.es\/biologia\/?page_id=2658"},"modified":"2016-02-08T13:08:59","modified_gmt":"2016-02-08T13:08:59","slug":"master-en-investigacion-en-biologia-fundamental-y-biomedicina-estudios","status":"publish","type":"page","link":"https:\/\/centros.unileon.es\/biologia\/master-en-investigacion-en-biologia-fundamental-y-biomedicina-estudios\/","title":{"rendered":"M\u00e1ster en Investigaci\u00f3n en Biolog\u00eda Fundamental y Biomedicina"},"content":{"rendered":"&nbsp;\r\n\r\nEl M\u00e1ster en Investigaci\u00f3n en Biolog\u00eda Fundamental y Biomedicina es una titulaci\u00f3n oficial de la Universidad de Le\u00f3n dirigido a proporcionar formaci\u00f3n especializada y entrenamiento en laboratorios experimentales a las personas que quieren realizar investigaci\u00f3n en \u00e1reas relacionadas con la biolog\u00eda fundamental y la biomedicina.\r\n&nbsp;\r\n<h2>\u00bfPara qu\u00e9 sirve?<\/h2>\r\nEl M\u00e1ster facilita un entrenamiento de trabajo en el laboratorio, experiencia en el manejo de animales de experimentaci\u00f3n, el conocimiento de las t\u00e9cnicas de investigaci\u00f3n actuales en ciencias de la vida, el uso de herramientas bioinform\u00e1ticas y la redacci\u00f3n y exposici\u00f3n de documentos cient\u00edficos.\r\nLa titulaci\u00f3n en este M\u00e1ster permitir\u00e1 el acceso a los puestos de investigaci\u00f3n en los que se exija el periodo de formaci\u00f3n de un programa de doctorado. Este M\u00e1ster permite el acceso directo a la parte experimental de los estudios de doctorado en los programas de posgrado de Biolog\u00eda Molecular y Biomedicina de la Universidad de Le\u00f3n o de algunos programas de doctorado de otras Universidades.\r\n&nbsp;\r\n<h2>\u00bfQui\u00e9n puede cursar este M\u00e1ster?<\/h2>\r\nEl M\u00e1ster puede ser cursado por licenciados y graduados (Real Decreto 1393\/2007) con titulaciones (de 240 ECTS) en Ciencias de la Vida (Biolog\u00eda, Ciencias Ambientales, Bioqu\u00edmica, Biotecnolog\u00eda, Veterinaria, Medicina, etc.).\r\nSe admite un m\u00e1ximo de 20 alumnos para que puedan tener una atenci\u00f3n individualizada.\r\nLa selecci\u00f3n de los alumnos para este M\u00e1ster se realiza en una sola fase, incluyendo los alumnos pre-inscritos en junio y septiembre, una vez finalizado el periodo de pre-inscripci\u00f3n en septiembre.\r\n&nbsp;\r\n<h2>\u00bfD\u00f3nde se estudia?<\/h2>\r\nEl M\u00e1ster en Investigaci\u00f3n en Biolog\u00eda Fundamental y Biomedicina se imparte en las aulas y laboratorios de la Facultad de Ciencias Biol\u00f3gicas y Ambientales de la Universidad de Le\u00f3n. Tambi\u00e9n se realizan visitas y actividades pr\u00e1cticas en otros centros acad\u00e9micos e industriales de Le\u00f3n y Salamanca.\r\n&nbsp;\r\n<h2>\u00bfQu\u00e9 se estudia?<\/h2>\r\nEste M\u00e1ster tiene una duraci\u00f3n de 9 meses (octubre a julio). Los estudiantes deben cursar un m\u00ednimo de 60 ECTS, de los cuales 30 corresponden al Trabajo de Fin de M\u00e1ster y el resto pueden seleccionarse entre las diferentes materias que se ofrecen.\r\nTodas las materias son optativas pero cada proyecto requiere algunas materias obligatorias, consideradas imprescindibles para realizar el proyecto del Trabajo de Fin de M\u00e1ster. Cada estudiante tendr\u00e1 un supervisor\/director de proyecto que actuar\u00e1 tambi\u00e9n de tutor a lo largo del curso.\r\nAntes de formalizar la matr\u00edcula es recomendable que los futuros alumnos contacten con los profesores del Master para elegir su Trabajo Fin de M\u00e1ster.\r\nLa docencia ser\u00e1 presencial y estar\u00e1 soportada en gran parte en la plataforma Moodle institucional (https:\/\/agora.unileon.es) donde se proporcionar\u00e1 informaci\u00f3n complementaria.\r\nEl Trabajo Fin de M\u00e1ster se desarrollar\u00e1 durante todas las ma\u00f1anas (octubre a junio) en el laboratorio del supervisor del proyecto de investigaci\u00f3n.\r\n\r\n<a href=\"http:\/\/www.unileon.es\/estudiantes\/estudiantes-master\/oferta-titulaciones\/mu-metodologia-investigacion-biologia-biomedicina\"><strong>Enlace al Plan de Estudios<\/strong><\/a>\r\n&nbsp;\r\n<h2>Trabajo Fin de M\u00e1ster<\/h2>\r\nEl Trabajo de Fin de M\u00e1ster ser\u00e1 de 30 ECTS. A lo largo del curso cada estudiante realizar\u00e1 un proyecto supervisado por un tutor. Cada proyecto requiere cursos espec\u00edficos para garantizar la adquisici\u00f3n de competencias necesarias para llevarlo a cabo.\r\nLos estudiantes presentar\u00e1n un informe final incluyendo resumen (en espa\u00f1ol y en ingl\u00e9s), introducci\u00f3n, m\u00e9todos, resultados, discusi\u00f3n, conclusiones y bibliograf\u00eda. Los estudiantes realizar\u00e1n una presentaci\u00f3n oral en ingl\u00e9s de su proyecto durante entre 10 y 30 minutos como m\u00e1ximo. Una comisi\u00f3n de profesores (locales e invitados de otras universidades europeas) evaluar\u00e1 la presentaci\u00f3n oral y el informe final. Los estudiantes deber\u00e1n indicar un orden de prioridad para cada uno de los proyectos propuestos. La asignaci\u00f3n de proyecto depender\u00e1 del expediente acad\u00e9mico, licenciatura y experiencia previa del estudiante.\r\n\r\n<a href=\"http:\/\/bocyl.jcyl.es\/boletines\/2011\/05\/19\/pdf\/BOCYL-D-19052011-2.pdf\">Reglamento sobre los Trabajos de Fin de M\u00e1ster de la ULE.<\/a>\r\n\r\n&nbsp;\r\n<h2>Documentos<\/h2>\r\n<a href=\"http:\/\/centros.unileon.es\/biologia\/files\/2016\/01\/Master_IBFB_Triptico.pdf\">Tr\u00edptico del M\u00e1ster<\/a>\r\n<a href=\"http:\/\/seguimiento.calidad.unileon.es\/descargaPublico.php?localizacion=uploads\/FIP_MUIBFB_20140327-214-2-90-2014-03-27-13-28-03.pdf\">Ficha informaci\u00f3n p\u00fablica<\/a>\r\n\r\n\r\n<div align=\"center\"><a href=\"http:\/\/centros.unileon.es\/biologia\/\">Inicio<\/a><\/div>","protected":false},"excerpt":{"rendered":"<p>&nbsp; El M\u00e1ster en Investigaci\u00f3n en Biolog\u00eda Fundamental y Biomedicina es una titulaci\u00f3n oficial de la Universidad de Le\u00f3n dirigido a proporcionar formaci\u00f3n especializada y entrenamiento en laboratorios experimentales a las personas que quieren realizar investigaci\u00f3n en \u00e1reas relacionadas con la biolog\u00eda fundamental y la biomedicina. &nbsp; \u00bfPara qu\u00e9 sirve? El M\u00e1ster facilita un entrenamiento [&hellip;]<\/p>\n","protected":false},"author":3,"featured_media":0,"parent":0,"menu_order":0,"comment_status":"closed","ping_status":"open","template":"","meta":{"footnotes":""},"class_list":["post-2658","page","type-page","status-publish","hentry"],"_links":{"self":[{"href":"https:\/\/centros.unileon.es\/biologia\/wp-json\/wp\/v2\/pages\/2658","targetHints":{"allow":["GET"]}}],"collection":[{"href":"https:\/\/centros.unileon.es\/biologia\/wp-json\/wp\/v2\/pages"}],"about":[{"href":"https:\/\/centros.unileon.es\/biologia\/wp-json\/wp\/v2\/types\/page"}],"author":[{"embeddable":true,"href":"https:\/\/centros.unileon.es\/biologia\/wp-json\/wp\/v2\/users\/3"}],"replies":[{"embeddable":true,"href":"https:\/\/centros.unileon.es\/biologia\/wp-json\/wp\/v2\/comments?post=2658"}],"version-history":[{"count":18,"href":"https:\/\/centros.unileon.es\/biologia\/wp-json\/wp\/v2\/pages\/2658\/revisions"}],"predecessor-version":[{"id":7988,"href":"https:\/\/centros.unileon.es\/biologia\/wp-json\/wp\/v2\/pages\/2658\/revisions\/7988"}],"wp:attachment":[{"href":"https:\/\/centros.unileon.es\/biologia\/wp-json\/wp\/v2\/media?parent=2658"}],"curies":[{"name":"wp","href":"https:\/\/api.w.org\/{rel}","templated":true}]}}