{"id":261,"date":"2011-04-06T08:12:36","date_gmt":"2011-04-06T08:12:36","guid":{"rendered":"http:\/\/centros.unileon.es\/biologia\/?page_id=261"},"modified":"2024-04-18T09:00:56","modified_gmt":"2024-04-18T09:00:56","slug":"bienvenida","status":"publish","type":"page","link":"https:\/\/centros.unileon.es\/biologia\/bienvenida\/","title":{"rendered":"Bienvenida"},"content":{"rendered":"<p>Estimados amigos:<\/p>\r\n<p>Quiero daros la bienvenida a esta nuestra\/vuestra p\u00e1gina web de la Facultad de Ciencias Biol\u00f3gicas y Ambientales de la Universidad de Le\u00f3n, porque est\u00e1 dirigida a todos los que vivimos desde dentro la Facultad, a los que la vivieron en su momento y a los que por primera vez os acerc\u00e1is hasta aqu\u00ed, con la esperanza de que se convierta en un elemento din\u00e1mico, un veh\u00edculo de comunicaci\u00f3n, que nos mantenga siempre en contacto.<\/p>\r\n<p>Los expertos en marketing empresarial dicen que lo esencial de una p\u00e1gina web es: \u201cense\u00f1ar lo que se vende\u201d, \u201cconvencer para que se compre\u201d y \u201cdecir c\u00f3mo comprarlo\u201d. En respuesta a eso, tengo que deciros que aqu\u00ed encontrar\u00e9is informaci\u00f3n detallada sobre nuestros Grados y M\u00e1steres, as\u00ed como de todas aquellas actividades complementarias que permiten ofrecer una formaci\u00f3n integral a los alumnos; que en la Facultad somos protagonistas directos de muchas especialidades, con una important\u00edsima difusi\u00f3n social, ligadas a aspectos b\u00e1sicos y aplicados del medioambiente, la biolog\u00eda molecular, etc., lo que implica que nuestros profesionales est\u00e1n de actualidad, que han sido cruciales en el siglo XX y que lo seguir\u00e1n siendo en el XXI; y que, en ella, por distintos caminos, nos pod\u00e9is encontrar a todos y la manera de uniros o colaborar con nosotros.<\/p>\r\n<p>En resumen, en esta p\u00e1gina descubrir\u00e9is qui\u00e9nes somos, qu\u00e9 hacemos y c\u00f3mo lo hacemos, pero somos conscientes de que con vosotros seremos m\u00e1s, podremos hacer otras cosas y, sin duda, hacerlas mejor. Os esperamos.<\/p>\r\n<p style=\"text-align: left;\">Un cordial saludo.<\/p>\r\n<p style=\"text-align: right;\">Dra. Laura L\u00f3pez Campano<\/p>\r\n<p style=\"text-align: right;\">Decana<\/p>\r\n<p>&nbsp;<\/p>\r\n<div align=\"center\"><a href=\"http:\/\/centros.unileon.es\/biologia\/\">Inicio<\/a><\/div>","protected":false},"excerpt":{"rendered":"<p>Estimados amigos: Quiero daros la bienvenida a esta nuestra\/vuestra p\u00e1gina web de la Facultad de Ciencias Biol\u00f3gicas y Ambientales de la Universidad de Le\u00f3n, porque est\u00e1 dirigida a todos los que vivimos desde dentro la Facultad, a los que la vivieron en su momento y a los que por primera vez os acerc\u00e1is hasta aqu\u00ed, [&hellip;]<\/p>\n","protected":false},"author":3,"featured_media":0,"parent":0,"menu_order":0,"comment_status":"closed","ping_status":"open","template":"","meta":{"footnotes":""},"class_list":["post-261","page","type-page","status-publish","hentry"],"_links":{"self":[{"href":"https:\/\/centros.unileon.es\/biologia\/wp-json\/wp\/v2\/pages\/261","targetHints":{"allow":["GET"]}}],"collection":[{"href":"https:\/\/centros.unileon.es\/biologia\/wp-json\/wp\/v2\/pages"}],"about":[{"href":"https:\/\/centros.unileon.es\/biologia\/wp-json\/wp\/v2\/types\/page"}],"author":[{"embeddable":true,"href":"https:\/\/centros.unileon.es\/biologia\/wp-json\/wp\/v2\/users\/3"}],"replies":[{"embeddable":true,"href":"https:\/\/centros.unileon.es\/biologia\/wp-json\/wp\/v2\/comments?post=261"}],"version-history":[{"count":49,"href":"https:\/\/centros.unileon.es\/biologia\/wp-json\/wp\/v2\/pages\/261\/revisions"}],"predecessor-version":[{"id":1536,"href":"https:\/\/centros.unileon.es\/biologia\/wp-json\/wp\/v2\/pages\/261\/revisions\/1536"}],"wp:attachment":[{"href":"https:\/\/centros.unileon.es\/biologia\/wp-json\/wp\/v2\/media?parent=261"}],"curies":[{"name":"wp","href":"https:\/\/api.w.org\/{rel}","templated":true}]}}