{"id":24,"date":"2010-10-06T12:28:38","date_gmt":"2010-10-06T12:28:38","guid":{"rendered":"http:\/\/centros.unileon.es\/biologia\/"},"modified":"2010-12-03T10:29:11","modified_gmt":"2010-12-03T10:29:11","slug":"planes-de-estudio-y-titulaciones","status":"publish","type":"page","link":"https:\/\/centros.unileon.es\/biologia\/planes-de-estudio-y-titulaciones\/","title":{"rendered":"Planes de Estudio y Titulaciones"},"content":{"rendered":"<p>La Facultad de Ciencias Biol\u00f3gicas y Ambientales imparte en la actualidad tres Grados, tres Licenciaturas y dos m\u00e1steres:<\/p><ul><li><a href=\"http:\/\/centros.unileon.es\/biologia\/planes-de-estudio-y-titulaciones\/grado-en-biologia\/\" target=\"_self\">Grado en Biolog\u00eda<\/a><\/li><li><a href=\"http:\/\/centros.unileon.es\/biologia\/planes-de-estudio-y-titulaciones\/grado-en-ciencias-ambientales\/\" target=\"_self\">Grado en Ciencias Ambientales<\/a><\/li><li><a href=\"http:\/\/centros.unileon.es\/biologia\/planes-de-estudio-y-titulaciones\/grado-en-biotecnologia\/\" target=\"_self\">Grado en Biotecnolog\u00eda<\/a><\/li><li>Licenciatura en Biolog\u00eda<\/li><li>Licenciatura en Ciencias Ambientales<\/li><li>Licenciatura en Biotecnolog\u00eda<\/li><li><a href=\"http:\/\/www.unileon.es\/ficheros\/acceso\/master\/triptico_master_riesgos_naturales.pdf\">Master Universitario en Riesgos Naturales<\/a><\/li><li><a href=\"http:\/\/www.unileon.es\/ficheros\/acceso\/master\/triptico_master_metodologia.pdf\">M\u00e1ster Universitario en Metodolog\u00eda de Investigaci\u00f3n en Biolog\u00eda Fundamental y Biomedicina<\/a><\/li><\/ul><!-- \/CONTENT \"informacion_academica\" -->","protected":false},"excerpt":{"rendered":"<p>La Facultad de Ciencias Biol\u00f3gicas y Ambientales imparte en la actualidad tres Grados, tres Licenciaturas y dos m\u00e1steres:Grado en Biolog\u00edaGrado en Ciencias AmbientalesGrado en Biotecnolog\u00edaLicenciatura en Biolog\u00edaLicenciatura en Ciencias AmbientalesLicenciatura en Biotecnolog\u00edaMaster Universitario en Riesgos NaturalesM\u00e1ster Universitario en Metodolog\u00eda de Investigaci\u00f3n en Biolog\u00eda Fundamental y Biomedicina<\/p>\n","protected":false},"author":1,"featured_media":0,"parent":0,"menu_order":0,"comment_status":"closed","ping_status":"open","template":"","meta":{"footnotes":""},"class_list":["post-24","page","type-page","status-publish","hentry"],"_links":{"self":[{"href":"https:\/\/centros.unileon.es\/biologia\/wp-json\/wp\/v2\/pages\/24","targetHints":{"allow":["GET"]}}],"collection":[{"href":"https:\/\/centros.unileon.es\/biologia\/wp-json\/wp\/v2\/pages"}],"about":[{"href":"https:\/\/centros.unileon.es\/biologia\/wp-json\/wp\/v2\/types\/page"}],"author":[{"embeddable":true,"href":"https:\/\/centros.unileon.es\/biologia\/wp-json\/wp\/v2\/users\/1"}],"replies":[{"embeddable":true,"href":"https:\/\/centros.unileon.es\/biologia\/wp-json\/wp\/v2\/comments?post=24"}],"version-history":[{"count":10,"href":"https:\/\/centros.unileon.es\/biologia\/wp-json\/wp\/v2\/pages\/24\/revisions"}],"predecessor-version":[{"id":26,"href":"https:\/\/centros.unileon.es\/biologia\/wp-json\/wp\/v2\/pages\/24\/revisions\/26"}],"wp:attachment":[{"href":"https:\/\/centros.unileon.es\/biologia\/wp-json\/wp\/v2\/media?parent=24"}],"curies":[{"name":"wp","href":"https:\/\/api.w.org\/{rel}","templated":true}]}}