{"id":2251,"date":"2011-10-10T12:10:53","date_gmt":"2011-10-10T12:10:53","guid":{"rendered":"http:\/\/centros.unileon.es\/biologia\/?page_id=2251"},"modified":"2025-04-07T15:42:20","modified_gmt":"2025-04-07T15:42:20","slug":"movilidad","status":"publish","type":"page","link":"https:\/\/centros.unileon.es\/biologia\/movilidad\/","title":{"rendered":"Movilidad"},"content":{"rendered":"<h3><b><u>MOVILIDAD NACIONAL<\/u><\/b><\/h3>\r\n<p><b>SICUE<\/b><\/p>\r\n<p style=\"text-align: justify;\">Las iniciales SICUE se corresponden al Sistema de Intercambio entre Centros Universitarios Espa\u00f1oles. Para participar es necesario tener como m\u00ednimo 45 cr\u00e9ditos superados en el momento de la solicitud. Las estancias tendr\u00e1n una duraci\u00f3n de un semestre o un curso completo, debiendo cursar un m\u00ednimo de 45 cr\u00e9ditos para curso completo y 24 cr\u00e9ditos en el caso de medio curso. Se solicita al inicio del segundo semestre. El proceso de selecci\u00f3n tiene en cuenta, entre otros datos, la nota media.<\/p>\r\n<p style=\"text-align: justify;\">La informaci\u00f3n detallada se puede encontrar en la direcci\u00f3n<br \/>\r\n<a href=\"http:\/\/www.unileon.es\/sicue\">www.unileon.es\/sicue<\/a>.<\/p>\r\n<p style=\"text-align: justify;\">Los alumnos de las tres titulaciones que imparte la Facultad de Ciencias Biol\u00f3gicas y Ambientales pueden solicitar su participaci\u00f3n en el Programa SICUE, pudiendo consultar los posibles destinos en la direcci\u00f3n:<\/p>\r\n<p><a href=\"https:\/\/centros.unileon.es\/biologia\/files\/2025\/03\/destinos_sicue2025_26.pdf\">destinos_sicue2025_26<\/a><\/p>\r\n<p>&nbsp;<\/p>\r\n<div align=\"center\"><a href=\"http:\/\/centros.unileon.es\/biologia\/\">Inicio<\/a><\/div>","protected":false},"excerpt":{"rendered":"<p>MOVILIDAD NACIONAL SICUE Las iniciales SICUE se corresponden al Sistema de Intercambio entre Centros Universitarios Espa\u00f1oles. Para participar es necesario tener como m\u00ednimo 45 cr\u00e9ditos superados en el momento de la solicitud. Las estancias tendr\u00e1n una duraci\u00f3n de un semestre o un curso completo, debiendo cursar un m\u00ednimo de 45 cr\u00e9ditos para curso completo y [&hellip;]<\/p>\n","protected":false},"author":3,"featured_media":0,"parent":0,"menu_order":0,"comment_status":"closed","ping_status":"open","template":"","meta":{"footnotes":""},"class_list":["post-2251","page","type-page","status-publish","hentry"],"_links":{"self":[{"href":"https:\/\/centros.unileon.es\/biologia\/wp-json\/wp\/v2\/pages\/2251","targetHints":{"allow":["GET"]}}],"collection":[{"href":"https:\/\/centros.unileon.es\/biologia\/wp-json\/wp\/v2\/pages"}],"about":[{"href":"https:\/\/centros.unileon.es\/biologia\/wp-json\/wp\/v2\/types\/page"}],"author":[{"embeddable":true,"href":"https:\/\/centros.unileon.es\/biologia\/wp-json\/wp\/v2\/users\/3"}],"replies":[{"embeddable":true,"href":"https:\/\/centros.unileon.es\/biologia\/wp-json\/wp\/v2\/comments?post=2251"}],"version-history":[{"count":27,"href":"https:\/\/centros.unileon.es\/biologia\/wp-json\/wp\/v2\/pages\/2251\/revisions"}],"predecessor-version":[{"id":6088,"href":"https:\/\/centros.unileon.es\/biologia\/wp-json\/wp\/v2\/pages\/2251\/revisions\/6088"}],"wp:attachment":[{"href":"https:\/\/centros.unileon.es\/biologia\/wp-json\/wp\/v2\/media?parent=2251"}],"curies":[{"name":"wp","href":"https:\/\/api.w.org\/{rel}","templated":true}]}}