{"id":2229,"date":"2011-10-14T10:54:38","date_gmt":"2011-10-14T10:54:38","guid":{"rendered":"http:\/\/centros.unileon.es\/biologia\/?page_id=2229"},"modified":"2025-12-16T18:27:16","modified_gmt":"2025-12-16T18:27:16","slug":"informacion-general-biblioteca","status":"publish","type":"page","link":"https:\/\/centros.unileon.es\/biologia\/informacion-general-biblioteca\/","title":{"rendered":"Informaci\u00f3n general: Biblioteca"},"content":{"rendered":"<p><a name=\"inicio\"><\/a><\/p>\r\n<h4>Inicio<\/h4>\r\n<ul>\r\n\t<li><a href=\"#definicion\">Definici\u00f3n y objetivos<\/a><\/li>\r\n\t<li><a href=\"#estructura\">Estructura<\/a><\/li>\r\n\t<li><a href=\"#ubicacion\">Ubicaci\u00f3n y equipamiento<\/a><\/li>\r\n\t<li><a href=\"#horario\">Horario<\/a><\/li>\r\n\t<li><a href=\"#personal\">Personal y contacto<\/a><\/li>\r\n\t<li><a href=\"#Colecci\u00f3n\">Colecci\u00f3n<\/a><\/li>\r\n<\/ul>\r\n<p><a name=\"definicion\"><\/a><\/p>\r\n<h3>Definici\u00f3n y Objetivos<\/h3>\r\n<p>De acuerdo con el <a href=\"https:\/\/biblioteca.unileon.es\/ld.php?content_id=35197341\">Reglamento de la Biblioteca de la Universidad de Le\u00f3n<\/a> aprobado en Consejo de Gobierno de 14 de febrero de 2024, la Biblioteca se define como un servicio de apoyo al aprendizaje, la docencia, la investigaci\u00f3n y a las actividades relacionadas con el funcionamiento y la gesti\u00f3n de la Universidad en su conjunto. La misi\u00f3n de la Biblioteca es facilitar el acceso y la difusi\u00f3n de los recursos de informaci\u00f3n y colaborar en los procesos de creaci\u00f3n del conocimiento, a fin de contribuir a la consecuci\u00f3n de los objetivos de la Universidad de forma sostenible y socialmente responsable, adapt\u00e1ndose a las cambiantes necesidades de la sociedad en la era digital.<\/p>\r\n<p><a href=\"#inicio\">Inicio<\/a><\/p>\r\n<p><a name=\"estructura\"><\/a><\/p>\r\n<h3><a href=\"https:\/\/biblioteca.unileon.es\/estructura\">Estructura<\/a><\/h3>\r\n<p><a href=\"#inicio\">Inicio<\/a><\/p>\r\n<p><a name=\"ubicacion\"><\/a><\/p>\r\n<h3>Ubicaci\u00f3n y equipamiento<\/h3>\r\n<p>La Biblioteca de la Facultad de Ciencias Biol\u00f3gicas y Ambientales se encuentra en la planta segunda de la Facultad (puerta 323). La superficie total de la misma es de 528 metros cuadrados, incluidos el despacho y el dep\u00f3sito.<\/p>\r\n<p>En total dispone de 172 puestos de lectura distribuidos en dos plantas:<\/p>\r\n<p><a href=\"https:\/\/centros.unileon.es\/biologia\/files\/2024\/08\/Biblioteca.png\"><img loading=\"lazy\" decoding=\"async\" class=\"alignnone wp-image-12626 size-full\" src=\"https:\/\/centros.unileon.es\/biologia\/files\/2024\/08\/Biblioteca.png\" alt=\"\" width=\"659\" height=\"854\" srcset=\"https:\/\/centros.unileon.es\/biologia\/files\/2024\/08\/Biblioteca.png 659w, https:\/\/centros.unileon.es\/biologia\/files\/2024\/08\/Biblioteca-231x300.png 231w\" sizes=\"auto, (max-width: 659px) 100vw, 659px\" \/><\/a><br \/>\r\n\u2022 La planta de acceso cuenta con 72 puestos de lectura, casi todos en \u201cboxes\u201d individuales. En ella se ubican tambi\u00e9n los fondos en acceso abierto, el dep\u00f3sito, 2 ordenadores para la consulta del cat\u00e1logo automatizado y el despacho.<\/p>\r\n<div align=\"center\"><a href=\"http:\/\/centros.unileon.es\/biologia\/files\/2011\/10\/Foto-1.jpg\"><img loading=\"lazy\" decoding=\"async\" class=\"aligncenter size-medium wp-image-2367\" src=\"http:\/\/centros.unileon.es\/biologia\/files\/2011\/10\/Foto-1-300x224.jpg\" alt=\"\" width=\"300\" height=\"224\" srcset=\"https:\/\/centros.unileon.es\/biologia\/files\/2011\/10\/Foto-1-300x224.jpg 300w, https:\/\/centros.unileon.es\/biologia\/files\/2011\/10\/Foto-1.jpg 567w\" sizes=\"auto, (max-width: 300px) 100vw, 300px\" \/><\/a><\/div>\r\n<p>\u2022 La planta primera cuenta con 100 puestos de lectura. Toda la Biblioteca tiene acceso a la red inal\u00e1mbrica.<\/p>\r\n<div align=\"center\"><a href=\"http:\/\/centros.unileon.es\/biologia\/files\/2011\/10\/Foto-2.jpg\"><img loading=\"lazy\" decoding=\"async\" class=\"aligncenter size-medium wp-image-2368\" src=\"http:\/\/centros.unileon.es\/biologia\/files\/2011\/10\/Foto-2-300x224.jpg\" alt=\"\" width=\"300\" height=\"224\" srcset=\"https:\/\/centros.unileon.es\/biologia\/files\/2011\/10\/Foto-2-300x224.jpg 300w, https:\/\/centros.unileon.es\/biologia\/files\/2011\/10\/Foto-2.jpg 567w\" sizes=\"auto, (max-width: 300px) 100vw, 300px\" \/><\/a><\/div>\r\n<p><a href=\"#inicio\">Inicio<\/a><\/p>\r\n<p><a name=\"horario\"><\/a><\/p>\r\n<h3>Horario<\/h3>\r\n<p>La Biblioteca permanece abierta de lunes a viernes de 8:10 a 20:50 h. En per\u00edodos especiales (Navidad, Semana Santa, vacaciones de verano, fiestas locales, etc.) los horarios se anunciar\u00e1n con antelaci\u00f3n<br \/>\r\n<a href=\"https:\/\/biblioteca.unileon.es\/horarios\">Horario general<\/a> de todas las Bibliotecas de la Universidad.<\/p>\r\n<p><a href=\"#inicio\">Inicio<\/a><\/p>\r\n<p><a name=\"personal\"><\/a><\/p>\r\n<h3>Personal y contacto<\/h3>\r\n<p><u>Personal<\/u><\/p>\r\n<table>\r\n<tbody>\r\n<tr>\r\n<th align=\"center\">Ayudante de Biblioteca:<\/th>\r\n<td style=\"text-align: center;\">Silvia Mart\u00ednez Mart\u00ednez<br \/>\r\n<a href=\"mailto:bufbi@unileon.es\">bufbi@unileon.es<\/a><\/td>\r\n<td>\r\n<p style=\"text-align: center;\">987 29 14 96<\/p>\r\n<\/td>\r\n<\/tr>\r\n<tr>\r\n<th align=\"center\">T\u00e9cnico de Biblioteca<\/th>\r\n<td style=\"text-align: center;\">\r\n<p style=\"text-align: center;\">Ana Mar\u00eda del R\u00edo Cambero<\/p>\r\n<p style=\"text-align: center;\"><a href=\"mailto:bufbi1@unileon.es\">bufbi1@unileon.es<\/a><\/p>\r\n<\/td>\r\n<td>\r\n<p style=\"text-align: center;\">987 29 14 96<\/p>\r\n<\/td>\r\n<\/tr>\r\n<tr>\r\n<th align=\"center\">T\u00e9cnico de Biblioteca<\/th>\r\n<td>\r\n<p style=\"text-align: center;\">Teresa Donis Ca\u00f1\u00f3n<\/p>\r\n<p style=\"text-align: center;\"><a href=\"mailto:bufbi2@unileon.es\">bufbi2@unileon.es<\/a><\/p>\r\n<\/td>\r\n<td>\r\n<p style=\"text-align: center;\">987 29 14 96<\/p>\r\n<p>987 29 33 24<\/p>\r\n<\/td>\r\n<\/tr>\r\n<tr>\r\n<th align=\"center\">T\u00e9cnico de Biblioteca<\/th>\r\n<td>\r\n<p style=\"text-align: center;\">Germ\u00e1n Fern\u00e1ndez Rom\u00e1n<\/p>\r\n<p style=\"text-align: center;\"><a href=\"mailto:bufbi3@unileon.es\">bufbi3@unileon.es<\/a><\/p>\r\n<\/td>\r\n<td>\r\n<p style=\"text-align: center;\">987 29 14 96<\/p>\r\n<p>987 29 33 24<\/p>\r\n<\/td>\r\n<\/tr>\r\n<tr>\r\n<th>Direcci\u00f3n de contacto<\/th>\r\n<td style=\"text-align: center;\" colspan=\"2\">Universidad de Le\u00f3n.<br \/>\r\nFacultad de Ciencias Biol\u00f3gicas y Ambientales.<br \/>\r\nBiblioteca.<br \/>\r\nCampus de Vegazana, s\/n<br \/>\r\n24071 LE\u00d3N<\/td>\r\n<\/tr>\r\n<\/tbody>\r\n<\/table>\r\n<p><a name=\"Colecci\u00f3n\"><\/a><\/p>\r\n<h3>Colecci\u00f3n<\/h3>\r\n<p>El acceso a la colecci\u00f3n bibliogr\u00e1fica se realiza mediante la consulta del <a href=\"https:\/\/buc-ule.primo.exlibrisgroup.com\/discovery\/search?vid=34BUC_ULE:VU1&amp;lang=es\">Cat\u00e1logo colectivo automatizado (OPAC)<\/a> del que forman parte todos los recursos bibliogr\u00e1ficos de la Universidad independientemente de su ubicaci\u00f3n o soporte. En la Sala se encuentran disponibles en libre acceso las obras de bibliograf\u00eda recomendada para la preparaci\u00f3n de las distintas asignaturas. Desde <a href=\"https:\/\/buc-ule.alma.exlibrisgroup.com\/leganto\/readinglist\/searchlists?fromSaml=true&amp;auth=SAML\">aqu\u00ed<\/a>\u00a0 podr\u00e1s acceder a todo el material recomendado para el curso. Tambi\u00e9n se ha recopilado una selecci\u00f3n de recursos web relacionados con las materias impartidas en la Facultad. Se encuentra disponible en la secci\u00f3n <a href=\"https:\/\/biblioteca.unileon.es\/guiastematicas\">Gu\u00edas tem\u00e1ticas<\/a> de la p\u00e1gina web de la Biblioteca, m\u00e1s informaci\u00f3n en el <a href=\"https:\/\/bibliotecas.unileon.es\/ciencias-biologicas-ambientales\/\">blog de la biblioteca de la Facultad<\/a>.<\/p>\r\n<p><a href=\"#inicio\">Inicio<\/a><\/p>\r\n<div align=\"center\"><a href=\"http:\/\/centros.unileon.es\/biologia\/\">P\u00e1gina de Inicio<\/a><\/div>\r\n<p>&nbsp;<\/p>","protected":false},"excerpt":{"rendered":"<p>Inicio Definici\u00f3n y objetivos Estructura Ubicaci\u00f3n y equipamiento Horario Personal y contacto Colecci\u00f3n Definici\u00f3n y Objetivos De acuerdo con el Reglamento de la Biblioteca de la Universidad de Le\u00f3n aprobado en Consejo de Gobierno de 14 de febrero de 2024, la Biblioteca se define como un servicio de apoyo al aprendizaje, la docencia, la investigaci\u00f3n [&hellip;]<\/p>\n","protected":false},"author":3,"featured_media":0,"parent":0,"menu_order":0,"comment_status":"closed","ping_status":"open","template":"","meta":{"footnotes":""},"class_list":["post-2229","page","type-page","status-publish","hentry"],"_links":{"self":[{"href":"https:\/\/centros.unileon.es\/biologia\/wp-json\/wp\/v2\/pages\/2229","targetHints":{"allow":["GET"]}}],"collection":[{"href":"https:\/\/centros.unileon.es\/biologia\/wp-json\/wp\/v2\/pages"}],"about":[{"href":"https:\/\/centros.unileon.es\/biologia\/wp-json\/wp\/v2\/types\/page"}],"author":[{"embeddable":true,"href":"https:\/\/centros.unileon.es\/biologia\/wp-json\/wp\/v2\/users\/3"}],"replies":[{"embeddable":true,"href":"https:\/\/centros.unileon.es\/biologia\/wp-json\/wp\/v2\/comments?post=2229"}],"version-history":[{"count":41,"href":"https:\/\/centros.unileon.es\/biologia\/wp-json\/wp\/v2\/pages\/2229\/revisions"}],"predecessor-version":[{"id":13441,"href":"https:\/\/centros.unileon.es\/biologia\/wp-json\/wp\/v2\/pages\/2229\/revisions\/13441"}],"wp:attachment":[{"href":"https:\/\/centros.unileon.es\/biologia\/wp-json\/wp\/v2\/media?parent=2229"}],"curies":[{"name":"wp","href":"https:\/\/api.w.org\/{rel}","templated":true}]}}