{"id":189,"date":"2010-12-03T10:40:00","date_gmt":"2010-12-03T10:40:00","guid":{"rendered":"http:\/\/centros.unileon.es\/biologia\/"},"modified":"2026-03-11T13:16:51","modified_gmt":"2026-03-11T13:16:51","slug":"practicas-de-empresas","status":"publish","type":"page","link":"https:\/\/centros.unileon.es\/biologia\/practicas-de-empresas\/","title":{"rendered":"Pr\u00e1cticas Externas"},"content":{"rendered":"<div align=\"center\"><img loading=\"lazy\" decoding=\"async\" src=\"\/\/centros.unileon.es\/biologia\/files\/2011\/04\/DSCN0959-300x225.jpg\" alt=\"\" width=\"300\" height=\"225\" \/><\/div>\r\n<h2>Informaci\u00f3n General<\/h2>\r\n<p style=\"text-align: justify;\">Los alumnos de Grado tienen en su plan de estudios (4\u00ba curso) unas asignaturas optativas denominadas \u00abPr\u00e1cticas Externas curriculares\u201d (PEc) cuyo desarrollo se realizar\u00e1 de acuerdo con la normativa espec\u00edfica de la Facultad.<\/p>\r\n<p><strong>Para el curso 26-27 en el Grado en Biotecnolog\u00eda, solo se oferta la asignatura de PEI<\/strong><\/p>\r\n<p><a href=\"\/\/centros.unileon.es\/biologia\/files\/2010\/12\/PE_BOE_2014.pdf\">Real Decreto 592\/2014, de 11 de julio, por el que se regulan las pr\u00e1cticas acad\u00e9micas externas de los estudiantes universitario (BOE 30-07-2014)<\/a><br \/>\r\n<a href=\"https:\/\/centros.unileon.es\/biologia\/files\/2025\/03\/Reglamento_de_practicas_ULe_08-05-24.pdf\">Reglamento de la ULE sobre Pr\u00e1cticas Externas (08-05-2024)<\/a><\/p>\r\n<h3><br \/>\r\n<a href=\"https:\/\/centros.unileon.es\/biologia\/files\/2025\/04\/Normativa_PE-FCCBA_10042025.pdf\">Normativa sobre Pr\u00e1cticas Externas de la Fac. Ciencias Biol\u00f3gicas y Ambientales (10-04-2025)<\/a><\/h3>\r\n<p><a href=\"https:\/\/centros.unileon.es\/biologia\/files\/2023\/11\/Como-solicitar-numero-Seguridad-Social.pdf\">Como solicitar numero Seguridad Social<\/a><\/p>\r\n<h3><a href=\"https:\/\/centros.unileon.es\/biologia\/files\/2026\/03\/Presentacion-PE-alumnos-26_27.pdf\">Presentaci\u00f3n PE curso 26-27<\/a><\/h3>\r\n<h2>Asignaci\u00f3n de PE de la Facultad curso 25-26<\/h2>\r\n<p>Adjudicaci\u00f3n DEFINITIVA de PE Ofertadas<\/p>\r\n<p>Listado de Ofertas de la Facultad disponibles<\/p>\r\n<h2>Memoria Final<\/h2>\r\n<p><a href=\"https:\/\/centros.unileon.es\/biologia\/files\/2025\/07\/Memoria-final-PE_2025-1.docx\">Memoria-final-PE_2025<\/a><\/p>\r\n<h3><a href=\"https:\/\/centros.unileon.es\/biologia\/files\/2026\/01\/Rubrica-evaluacion-MF-PE_2026.pdf\">Rubrica evaluaci\u00f3n Memoria PE 2026<\/a><\/h3>\r\n<p>&nbsp;<\/p>\r\n<p style=\"text-align: justify;\" align=\"center\">El Coordinador de\u00a0 PE de la Facultad iniciar\u00e1 el programa anual de PE en febrero, poni\u00e9ndose en contacto con las empresas y entidades que colaboran con el centro para solicitarles plazas. Las plazas ofertadas ser\u00e1n asignadas a aquellos estudiantes que cumplan los requisitos de matr\u00edcula tras la convocatoria de febrero del a\u00f1o en curso. El estudiante podr\u00e1 realizar la pr\u00e1ctica una vez que se haya matriculado de la asignatura en julio o septiembre, bien durante los meses de verano o bien a lo largo del siguiente curso acad\u00e9mico, en periodos y horarios que deber\u00e1n ser compatibles con el resto de sus actividades acad\u00e9micas.\u00a0\u00a0<\/p>\r\n<h4 style=\"text-align: justify;\" align=\"center\"><a href=\"\/\/centros.unileon.es\/biologia\/\">Inicio<\/a><\/h4>","protected":false},"excerpt":{"rendered":"<p>Informaci\u00f3n General Los alumnos de Grado tienen en su plan de estudios (4\u00ba curso) unas asignaturas optativas denominadas \u00abPr\u00e1cticas Externas curriculares\u201d (PEc) cuyo desarrollo se realizar\u00e1 de acuerdo con la normativa espec\u00edfica de la Facultad. Para el curso 26-27 en el Grado en Biotecnolog\u00eda, solo se oferta la asignatura de PEI Real Decreto 592\/2014, de [&hellip;]<\/p>\n","protected":false},"author":17,"featured_media":0,"parent":0,"menu_order":0,"comment_status":"closed","ping_status":"open","template":"","meta":{"footnotes":""},"class_list":["post-189","page","type-page","status-publish","hentry"],"_links":{"self":[{"href":"https:\/\/centros.unileon.es\/biologia\/wp-json\/wp\/v2\/pages\/189","targetHints":{"allow":["GET"]}}],"collection":[{"href":"https:\/\/centros.unileon.es\/biologia\/wp-json\/wp\/v2\/pages"}],"about":[{"href":"https:\/\/centros.unileon.es\/biologia\/wp-json\/wp\/v2\/types\/page"}],"author":[{"embeddable":true,"href":"https:\/\/centros.unileon.es\/biologia\/wp-json\/wp\/v2\/users\/17"}],"replies":[{"embeddable":true,"href":"https:\/\/centros.unileon.es\/biologia\/wp-json\/wp\/v2\/comments?post=189"}],"version-history":[{"count":232,"href":"https:\/\/centros.unileon.es\/biologia\/wp-json\/wp\/v2\/pages\/189\/revisions"}],"predecessor-version":[{"id":13533,"href":"https:\/\/centros.unileon.es\/biologia\/wp-json\/wp\/v2\/pages\/189\/revisions\/13533"}],"wp:attachment":[{"href":"https:\/\/centros.unileon.es\/biologia\/wp-json\/wp\/v2\/media?parent=189"}],"curies":[{"name":"wp","href":"https:\/\/api.w.org\/{rel}","templated":true}]}}