{"id":18,"date":"2010-10-06T12:23:52","date_gmt":"2010-10-06T12:23:52","guid":{"rendered":"http:\/\/centros.unileon.es\/biologia\/"},"modified":"2010-12-03T10:24:41","modified_gmt":"2010-12-03T10:24:41","slug":"ubicacion","status":"publish","type":"page","link":"https:\/\/centros.unileon.es\/biologia\/ubicacion\/","title":{"rendered":"Ubicaci\u00f3n e Informaci\u00f3n de Contacto"},"content":{"rendered":"<table align=\"center\">\r\n<tbody>\r\n<tr>\r\n<th width=\"167\" align=\"center\">P\u00e1gina Web del Centro<\/th>\r\n<td>\r\n<a href=\"http:\/\/biologia.unileon.es\/\">http:\/\/biologia.unileon.es\/<\/a><\/td>\r\n<\/tr>\r\n<tr>\r\n<th align=\"center\">Direcci\u00f3n Postal<\/th>\r\n<td align=\"center\">UNIVERSIDAD\r\nDE LE\u00d3N\r\n\r\nFacultad de Ciencias\r\n\r\nBiol\u00f3gicas y Ambientales\r\n\r\nCampus de Vegazana, s\/n\r\n\r\n24071 LE\u00d3N<\/td>\r\n<\/tr>\r\n<tr>\r\n<th align=\"center\">Tel\u00e9fono<\/th>\r\n<td align=\"center\">\r\n987 29 14 73<\/td>\r\n<\/tr>\r\n<tr>\r\n<th align=\"center\">FAX<\/th>\r\n<td align=\"center\">\r\n987 29 14 79<\/td>\r\n<\/tr>\r\n<tr>\r\n<th align=\"center\">Buz\u00f3n electr\u00f3nico<\/th>\r\n<td align=\"center\">\r\n\u00a0\r\n<a href=\"mailto:fbiadm@unileon.es\">fbiadm@unileon.es<\/a><\/td>\r\n<\/tr>\r\n<\/tbody>\r\n<\/table>\r\n<a href=\"http:\/\/centros.unileon.es\/biologia\/files\/2010\/12\/ubicacion_situacion.jpg\"><img loading=\"lazy\" decoding=\"async\" class=\"aligncenter size-medium wp-image-176\" src=\"http:\/\/centros.unileon.es\/biologia\/files\/2010\/12\/ubicacion_situacion-279x300.jpg\" alt=\"\" width=\"279\" height=\"300\" srcset=\"https:\/\/centros.unileon.es\/biologia\/files\/2010\/12\/ubicacion_situacion-279x300.jpg 279w, https:\/\/centros.unileon.es\/biologia\/files\/2010\/12\/ubicacion_situacion.jpg 400w\" sizes=\"auto, (max-width: 279px) 100vw, 279px\" \/><\/a>","protected":false},"excerpt":{"rendered":"<p>P\u00e1gina Web del Centro http:\/\/biologia.unileon.es\/ Direcci\u00f3n Postal UNIVERSIDAD DE LE\u00d3N Facultad de Ciencias Biol\u00f3gicas y Ambientales Campus de Vegazana, s\/n 24071 LE\u00d3N Tel\u00e9fono 987 29 14 73 FAX 987 29 14 79 Buz\u00f3n electr\u00f3nico \u00a0 fbiadm@unileon.es<\/p>\n","protected":false},"author":1,"featured_media":0,"parent":0,"menu_order":0,"comment_status":"closed","ping_status":"open","template":"","meta":{"footnotes":""},"class_list":["post-18","page","type-page","status-publish","hentry"],"_links":{"self":[{"href":"https:\/\/centros.unileon.es\/biologia\/wp-json\/wp\/v2\/pages\/18","targetHints":{"allow":["GET"]}}],"collection":[{"href":"https:\/\/centros.unileon.es\/biologia\/wp-json\/wp\/v2\/pages"}],"about":[{"href":"https:\/\/centros.unileon.es\/biologia\/wp-json\/wp\/v2\/types\/page"}],"author":[{"embeddable":true,"href":"https:\/\/centros.unileon.es\/biologia\/wp-json\/wp\/v2\/users\/1"}],"replies":[{"embeddable":true,"href":"https:\/\/centros.unileon.es\/biologia\/wp-json\/wp\/v2\/comments?post=18"}],"version-history":[{"count":9,"href":"https:\/\/centros.unileon.es\/biologia\/wp-json\/wp\/v2\/pages\/18\/revisions"}],"predecessor-version":[{"id":64,"href":"https:\/\/centros.unileon.es\/biologia\/wp-json\/wp\/v2\/pages\/18\/revisions\/64"}],"wp:attachment":[{"href":"https:\/\/centros.unileon.es\/biologia\/wp-json\/wp\/v2\/media?parent=18"}],"curies":[{"name":"wp","href":"https:\/\/api.w.org\/{rel}","templated":true}]}}