{"id":1404,"date":"2011-06-06T09:17:54","date_gmt":"2011-06-06T09:17:54","guid":{"rendered":"http:\/\/centros.unileon.es\/biologia\/?page_id=1404"},"modified":"2020-02-12T15:42:07","modified_gmt":"2020-02-12T15:42:07","slug":"instalaciones","status":"publish","type":"page","link":"https:\/\/centros.unileon.es\/biologia\/instalaciones\/","title":{"rendered":"Instalaciones"},"content":{"rendered":"<p style=\"text-align: justify;\">La Facultad de Ciencias Biol\u00f3gicas y Ambientales est\u00e1 compuesta de por dos edificios diferentes, el edificio de la Facultad de Biol\u00f3gicas y Ambientales propiamente dicho, y otro edificio de m\u00e1s reciente creaci\u00f3n, llamado Edificio Darwin.<br \/>\r\nPara acceder a las instalaciones de cualquiera de los dos edificios deberemos pinchar sobre la imagen del edificio que queramos visitar.<\/p>\r\n<div align=\"center\">\r\n<h2>Facultad de Ciencias Biol\u00f3gicas y Ambientales<\/h2>\r\n<div align=\"center\">\r\n<p><a href=\"http:\/\/centros.unileon.es\/biologia\/edificio-central\/\"><img loading=\"lazy\" decoding=\"async\" class=\"aligncenter size-medium wp-image-1405\" src=\"http:\/\/centros.unileon.es\/biologia\/files\/2011\/06\/FCCCA-Main.jpg\" alt=\"\" width=\"425\" height=\"228\" \/><\/a><\/p>\r\n<h2>Edificio Darwin<\/h2>\r\n<div align=\"center\">\r\n<p><a href=\"http:\/\/centros.unileon.es\/biologia\/edificio-darwin\/\"><img loading=\"lazy\" decoding=\"async\" class=\"aligncenter size-full wp-image-1548\" src=\"http:\/\/centros.unileon.es\/biologia\/files\/2011\/06\/FCCCA-Darwin.jpg\" alt=\"\" width=\"425\" height=\"228\" \/><\/a><\/p>\r\n<div align=\"center\"><a href=\"http:\/\/centros.unileon.es\/biologia\/\">Inicio<\/a><\/div>\r\n<\/div>\r\n<\/div>\r\n<\/div>","protected":false},"excerpt":{"rendered":"<p>La Facultad de Ciencias Biol\u00f3gicas y Ambientales est\u00e1 compuesta de por dos edificios diferentes, el edificio de la Facultad de Biol\u00f3gicas y Ambientales propiamente dicho, y otro edificio de m\u00e1s reciente creaci\u00f3n, llamado Edificio Darwin. Para acceder a las instalaciones de cualquiera de los dos edificios deberemos pinchar sobre la imagen del edificio que queramos [&hellip;]<\/p>\n","protected":false},"author":3,"featured_media":0,"parent":0,"menu_order":0,"comment_status":"closed","ping_status":"open","template":"","meta":{"footnotes":""},"class_list":["post-1404","page","type-page","status-publish","hentry"],"_links":{"self":[{"href":"https:\/\/centros.unileon.es\/biologia\/wp-json\/wp\/v2\/pages\/1404","targetHints":{"allow":["GET"]}}],"collection":[{"href":"https:\/\/centros.unileon.es\/biologia\/wp-json\/wp\/v2\/pages"}],"about":[{"href":"https:\/\/centros.unileon.es\/biologia\/wp-json\/wp\/v2\/types\/page"}],"author":[{"embeddable":true,"href":"https:\/\/centros.unileon.es\/biologia\/wp-json\/wp\/v2\/users\/3"}],"replies":[{"embeddable":true,"href":"https:\/\/centros.unileon.es\/biologia\/wp-json\/wp\/v2\/comments?post=1404"}],"version-history":[{"count":30,"href":"https:\/\/centros.unileon.es\/biologia\/wp-json\/wp\/v2\/pages\/1404\/revisions"}],"predecessor-version":[{"id":9730,"href":"https:\/\/centros.unileon.es\/biologia\/wp-json\/wp\/v2\/pages\/1404\/revisions\/9730"}],"wp:attachment":[{"href":"https:\/\/centros.unileon.es\/biologia\/wp-json\/wp\/v2\/media?parent=1404"}],"curies":[{"name":"wp","href":"https:\/\/api.w.org\/{rel}","templated":true}]}}