{"id":1393,"date":"2011-06-03T11:35:13","date_gmt":"2011-06-03T11:35:13","guid":{"rendered":"http:\/\/centros.unileon.es\/biologia\/?page_id=1393"},"modified":"2026-04-07T10:56:38","modified_gmt":"2026-04-07T10:56:38","slug":"master-riesgos-naturales","status":"publish","type":"page","link":"https:\/\/centros.unileon.es\/biologia\/master-riesgos-naturales\/","title":{"rendered":"M\u00e1ster Universitario en Riesgos Naturales"},"content":{"rendered":"<div align=\"center\">\u00a0<\/div>\r\n<div align=\"center\"><a href=\"https:\/\/centros.unileon.es\/biologia\/files\/2022\/10\/Imagen1.jpg\"><img loading=\"lazy\" decoding=\"async\" class=\"alignnone wp-image-11491 \" src=\"https:\/\/centros.unileon.es\/biologia\/files\/2022\/10\/Imagen1.jpg\" alt=\"\" width=\"570\" height=\"403\" \/><\/a><\/div>\r\n<div align=\"center\">\u00a0<\/div>\r\n<h2><strong><span style=\"color: #800000;\">Informaci\u00f3n General sobre el M\u00e1ster\u00a0<\/span><\/strong><\/h2>\r\n<p><a href=\"https:\/\/www.unileon.es\/estudiantes\/oferta-academica\/masteres\/mu-riesgos-naturales\"><strong>Perfil de ingreso, salidas profesionales, Plan de Estudios, etc.<\/strong><\/a><\/p>\r\n<h2><strong><span style=\"color: #800000;\">Informaci\u00f3n Acad\u00e9mica Curso 2025\/2026<\/span><\/strong><\/h2>\r\n<ul>\r\n\t<li><a href=\"https:\/\/centros.unileon.es\/biologia\/files\/2023\/10\/MEMORIA_RIESGOS_NATURALES_2023-407-2-88-2023-01-19-16-37-23.pdf\">Memoria de Verificaci\u00f3n<\/a><\/li>\r\n\t<li><strong><a href=\"\/\/www.unileon.es\/estudiantes\/estudiantes-master\/oferta-titulaciones\/mu-riesgos-naturales\/plan-estudios\">Plan de Estudios y Gu\u00edas Docentes (hacer Click en este enlace)<\/a><\/strong><\/li>\r\n<!--\r\n\t\r\n\t\r\n\t\r\n\t<li><a href=\"https:\/\/centros.unileon.es\/biologia\/files\/2023\/10\/Folleto-MU-Riesgos-Naturales-optimizado2023.pdf\">Tr\u00edptico informativo<\/a><\/li>\r\n\r\n\r\n\r\n-->\r\n\t<li><a href=\"https:\/\/www.unileon.es\/ficheros\/estudiantes\/tripticos\/masteres\/folleto_master_riesgos_naturales_20260109.pdf\">Tr\u00edptico Informativo<\/a><\/li>\r\n\t<li>\r\n<p>Tutora del PAT: Dra. Leonor Calvo Galv\u00e1n<\/p>\r\n<\/li>\r\n\t<li>Coordinadora del M\u00e1ster Universitario en Riesgos Naturales 2024\/2025:<\/li>\r\n<\/ul>\r\n<h4 style=\"text-align: justify;\"><strong>\u00a0 \u00a0 \u00a0 \u00a0 Dra. Montserrat Ferrer Juli\u00e1<\/strong><\/h4>\r\n<table class=\"directory\" style=\"width: 92.1875%; height: 79px;\">\r\n<tbody>\r\n<tr>\r\n<th>Correo<\/th>\r\n<td><a href=\"mailto:mferj@unileon.es\">mferj@unileon.es<\/a><\/td>\r\n<\/tr>\r\n<tr>\r\n<td colspan=\"2\">Edificio Facultad de Ciencias Biol\u00f3gicas. Geograf\u00eda y Geolog\u00eda. Geodin\u00e1mica Externa.<\/td>\r\n<\/tr>\r\n<\/tbody>\r\n<\/table>\r\n<h3><strong>Comisi\u00f3n Acad\u00e9mica del M\u00e1ster 2025\/2026<\/strong><\/h3>\r\n<ul>\r\n\t<li style=\"font-weight: 400;\">Dra. Laura L\u00f3pez Campano (Sra. Decana)<\/li>\r\n\t<li style=\"font-weight: 400;\">Dra. Montserrat Ferrer Juli\u00e1 (coordinadora del M\u00e1ster y coordinadora de pr\u00e1cticas en empresas)<\/li>\r\n\t<li style=\"font-weight: 400;\">Dra. Leonor Calvo Galv\u00e1n (coordinadora suplente del M\u00e1ster,\u00a0 coordinadora del m\u00f3dulo D y tutora en el PAT)<\/li>\r\n\t<li style=\"font-weight: 400;\">Dra. \u00c1ngela Taboada Palomares (coordinadora del m\u00f3dulo A)<\/li>\r\n\t<li style=\"font-weight: 400;\">Dr. Pablo Valenzuela Mendiz\u00e1bal (coordinador del m\u00f3dulo B)<\/li>\r\n\t<li style=\"font-weight: 400;\">Dr. Jos\u00e9 Luis Marcos Men\u00e9ndez (coordinador del m\u00f3dulo C)<\/li>\r\n\t<li style=\"font-weight: 400;\">Dr. Andr\u00e9s Merino Suances (coordinador del m\u00f3dulo E, TFM)<\/li>\r\n\t<li style=\"font-weight: 400;\">D\u00f1a. Ana Reguero Vaquero (Alumna)<\/li>\r\n\t<li>D. V\u00edctor Castro Robles (Alumno)<\/li>\r\n<\/ul>\r\n<h2><strong><span style=\"color: #800000;\">Agenda\u00a0<\/span><\/strong><\/h2>\r\n<p><strong>Las aulas reservadas para la impartici\u00f3n de las clases del M\u00e1ster son la<span style=\"color: #800000;\"> D.3.3 y la D.3.4<\/span> del edificio Darwin<\/strong><\/p>\r\n<p><iframe loading=\"lazy\" style=\"border-width: 0;\" src=\"\/\/www.google.com\/calendar\/embed?title=Master%20Riesgos%20Naturales&amp;mode=WEEK&amp;height=400&amp;wkst=2&amp;bgcolor=%23FFFFFF&amp;src=horario.mrn.ule%40gmail.com&amp;color=%232952A3&amp;src=nvunfrt0hno4jh4rrsl3s3rvoc%40group.calendar.google.com&amp;color=%23182C57&amp;src=4sqls7lqh55m2r2q6cfbkfu9t8%40group.calendar.google.com&amp;color=%231B887A&amp;src=g60bjho8fl0rv6g3m3esj4j3eg%40group.calendar.google.com&amp;color=%23125A12&amp;src=qavk0vamh773okrgge2c265dko%40group.calendar.google.com&amp;color=%2329527A&amp;src=387p233ahtgeumpnu3sk3q5i00%40group.calendar.google.com&amp;color=%23711616&amp;src=a8b5tm7bgdc4nq2mbn09tiqv40%40group.calendar.google.com&amp;color=%23B1365F&amp;src=es.spain%23holiday%40group.v.calendar.google.com&amp;color=%23875509&amp;src=fsj9dnk6ob4j2dhf93d87eeblc%40group.calendar.google.com&amp;color=%23182C57&amp;src=sf4n75t3grii8v5g7mf2p1puec%40group.calendar.google.com&amp;color=%23333333&amp;src=139ebdtstnbedtembpluhef2ls%40group.calendar.google.com&amp;color=%232952A3&amp;src=5prcp3k801l3cr5c5jh2uqnt34%40group.calendar.google.com&amp;color=%23333333&amp;src=p22ut43bdlss9da9im3qbpsv40%40group.calendar.google.com&amp;color=%235229A3&amp;src=2vktq9aauv7bjba16m92g6sim4%40group.calendar.google.com&amp;color=%238C500B&amp;src=3m9c7jd2h0j7frgv4gf03lvmn0%40group.calendar.google.com&amp;color=%235F6B02&amp;src=dq5d0ujh1itl74u489r8l3niv4%40group.calendar.google.com&amp;color=%23AB8B00&amp;src=3rjiv0lg7e5pf69573fli6l2uc%40group.calendar.google.com&amp;color=%23711616&amp;src=uqrri0h62co4iiltrbdd9bk270%40group.calendar.google.com&amp;color=%2342104A&amp;src=53686bbjjtsrs784cu17toa3ls%40group.calendar.google.com&amp;color=%238D6F47&amp;src=350qv8jmnea739t0hfett2ni40%40group.calendar.google.com&amp;color=%23182C57&amp;src=auvdi70l3btiihj6g9s5kbmrmc%40group.calendar.google.com&amp;color=%23AB8B00&amp;src=mq59iueevrhbd314976vnbaddo%40group.calendar.google.com&amp;color=%232F6309&amp;src=2f81tj1f83st07o78n082vqg9s%40group.calendar.google.com&amp;color=%2323164E&amp;src=b72b5bbnfqpcjjtd9s28ng5mqc%40group.calendar.google.com&amp;color=%23691426&amp;src=9lqts4u3bb8uu1a82ol6v0ud2g%40group.calendar.google.com&amp;color=%23B1365F&amp;ctz=Europe%2FMadrid\" width=\"600\" height=\"400\" frameborder=\"0\" scrolling=\"no\"><span data-mce-type=\"bookmark\" style=\"display: inline-block; width: 0px; overflow: hidden; line-height: 0;\" class=\"mce_SELRES_start\">\ufeff<\/span><\/iframe><\/p>\r\n<h2><strong><span style=\"color: #800000;\">Trabajos Fin de M\u00e1ster (TFM)<\/span><\/strong><\/h2>\r\n<h3><strong>Normativa<\/strong><\/h3>\r\n<p><a href=\"https:\/\/centros.unileon.es\/biologia\/files\/2020\/02\/REGLAMENTO-TFM-2019-BOCYL.pdf\">REGLAMENTO TFM 2019 (BOCYL)<\/a><\/p>\r\n<p><a href=\"https:\/\/centros.unileon.es\/biologia\/files\/2022\/09\/TFM-Normas-para-elaboracion-y-defensa-v.2022.pdf\">Normas de elaboraci\u00f3n y defensa de los TFM (2022)<\/a><\/p>\r\n<p><a href=\"https:\/\/centros.unileon.es\/biologia\/files\/2026\/04\/MRN_TFM_Criterios_evaluacion-3-1.pdf\">Criterios de evaluaci\u00f3n 2026<\/a><\/p>\r\n<h3><strong>Impresos<\/strong><\/h3>\r\n<p><a href=\"\/\/centros.unileon.es\/biologia\/files\/2011\/06\/MRN_TFM_-Informe_tutor.doc\">Informe del tutor<\/a><\/p>\r\n<p><a href=\"https:\/\/centros.unileon.es\/biologia\/files\/2019\/10\/TFM-Solicitud-de-un-segundo-tutor-acad\u00e9mico.doc\">Solicitud de un segundo tutor acad\u00e9mico<\/a><\/p>\r\n<div align=\"center\">\r\n<h3 style=\"text-align: left;\"><strong>Informaci\u00f3n Acad\u00e9mica TFM Curso 2025-2026<\/strong><\/h3>\r\n<\/div>\r\n<p><a href=\"https:\/\/centros.unileon.es\/biologia\/files\/2025\/11\/0a.-TFM-Areas-tematicas-y-tutores-2025-2026.pdf\">TFM \u2013 \u00c1reas tem\u00e1ticas y tutores 2025-2026<\/a><\/p>\r\n<p><a href=\"https:\/\/centros.unileon.es\/biologia\/files\/2026\/04\/Tutores_TFMs_25-26-1.pdf\">TFM &#8211; Asignaci\u00f3n de tutores 2025-26<\/a><\/p>\r\n<p><a href=\"https:\/\/centros.unileon.es\/biologia\/files\/2025\/11\/TFM-Fechas-deposito-y-defensa-2025-26.pdf\">TFM &#8211; Fechas dep\u00f3sito y defensa 2025-26<\/a><\/p>\r\n<p><a href=\"https:\/\/centros.unileon.es\/biologia\/files\/2025\/11\/Tribunales_MRN_2025-2026.pdf\">TFM &#8211; Composici\u00f3n de la Comisi\u00f3n Evaluadora 2025-26<\/a><\/p>\r\n<p align=\"center\">\u00a0<\/p>\r\n<div align=\"center\">\u00a0<\/div>\r\n<div align=\"center\"><br \/>\r\n<br \/>\r\n<span style=\"color: #0000ff;\"><strong><a style=\"color: #0000ff;\" href=\"https:\/\/masterriesgosnaturales.unileon.es\/\">P\u00e1gina web del M\u00e1ster<\/a><\/strong><\/span><br \/>\r\n<br \/>\r\n<\/div>\r\n<div align=\"center\"><a href=\"\/\/centros.unileon.es\/biologia\/\">Inicio<\/a><\/div>\r\n<p>&nbsp;<\/p>","protected":false},"excerpt":{"rendered":"<p>\u00a0 \u00a0 Informaci\u00f3n General sobre el M\u00e1ster\u00a0 Perfil de ingreso, salidas profesionales, Plan de Estudios, etc. Informaci\u00f3n Acad\u00e9mica Curso 2025\/2026 Memoria de Verificaci\u00f3n Plan de Estudios y Gu\u00edas Docentes (hacer Click en este enlace) Tr\u00edptico Informativo Tutora del PAT: Dra. Leonor Calvo Galv\u00e1n Coordinadora del M\u00e1ster Universitario en Riesgos Naturales 2024\/2025: \u00a0 \u00a0 \u00a0 \u00a0 [&hellip;]<\/p>\n","protected":false},"author":3,"featured_media":0,"parent":0,"menu_order":0,"comment_status":"closed","ping_status":"open","template":"","meta":{"footnotes":""},"class_list":["post-1393","page","type-page","status-publish","hentry"],"_links":{"self":[{"href":"https:\/\/centros.unileon.es\/biologia\/wp-json\/wp\/v2\/pages\/1393","targetHints":{"allow":["GET"]}}],"collection":[{"href":"https:\/\/centros.unileon.es\/biologia\/wp-json\/wp\/v2\/pages"}],"about":[{"href":"https:\/\/centros.unileon.es\/biologia\/wp-json\/wp\/v2\/types\/page"}],"author":[{"embeddable":true,"href":"https:\/\/centros.unileon.es\/biologia\/wp-json\/wp\/v2\/users\/3"}],"replies":[{"embeddable":true,"href":"https:\/\/centros.unileon.es\/biologia\/wp-json\/wp\/v2\/comments?post=1393"}],"version-history":[{"count":184,"href":"https:\/\/centros.unileon.es\/biologia\/wp-json\/wp\/v2\/pages\/1393\/revisions"}],"predecessor-version":[{"id":13551,"href":"https:\/\/centros.unileon.es\/biologia\/wp-json\/wp\/v2\/pages\/1393\/revisions\/13551"}],"wp:attachment":[{"href":"https:\/\/centros.unileon.es\/biologia\/wp-json\/wp\/v2\/media?parent=1393"}],"curies":[{"name":"wp","href":"https:\/\/api.w.org\/{rel}","templated":true}]}}