{"id":13227,"date":"2025-09-18T10:29:25","date_gmt":"2025-09-18T10:29:25","guid":{"rendered":"https:\/\/centros.unileon.es\/biologia\/?page_id=13227"},"modified":"2025-09-25T10:46:30","modified_gmt":"2025-09-25T10:46:30","slug":"normativa","status":"publish","type":"page","link":"https:\/\/centros.unileon.es\/biologia\/normativa\/","title":{"rendered":"Informaci\u00f3n y normativa"},"content":{"rendered":"<div class=\"F9yp7e ikZYwf LgNcQe\" dir=\"auto\" role=\"heading\" aria-level=\"1\">\u00a0<\/div>\r\n<div class=\"cBGGJ OIC90c\" dir=\"auto\">\r\n<div style=\"text-align: justify;\">\r\n<p style=\"text-align: justify;\">Las <strong>pr\u00e1cticas de campo<\/strong> son actividades desarrolladas a lo largo del curso acad\u00e9mico fuera de las aulas y laboratorios de la Facultad. Su objetivo es facilitar que los estudiantes se familiaricen con las t\u00e9cnicas m\u00e1s comunes de observaci\u00f3n, adquisici\u00f3n, an\u00e1lisis e interpretaci\u00f3n <em>in situ<\/em> de procesos, datos y muestras, de tal manera que sean capaces de comprender mejor los procesos biol\u00f3gicos y ambientales y sepan integrarlos con los conocimientos te\u00f3ricos y las evidencias experimentales obtenidos en las clases te\u00f3ricas y en el laboratorio. Para ello, uno de los principales recursos con los que cuenta la Facultad es la <strong>gran riqueza natural de la provincia de Leo\u0301n<\/strong>. El entorno de nuestro Centro se caracteriza por la gran diversidad y calidad de su patrimonio natural, aspecto que se refleja en el importante n\u00famero de Espacios Naturales Protegidos declarados en la provincia, que cuenta con un Parque Nacional, un Parque Regional, un Parque Natural y 7 Reservas de la Biosfera.<\/p>\r\n<p style=\"text-align: justify;\">Tambi\u00e9n se incluyen en estas actividades fuera del aula las <strong>visitas a instalaciones industriales, empresas, museos, centros de investigaci\u00f3n, etc<\/strong>. que son de inter\u00e9s para la formaci\u00f3n de nuestros estudiantes.<\/p>\r\n\r\nAdem\u00e1s de estas pr\u00e1cticas de campo o visitas incluidas en los Planes Docentes de las asignaturas de nuestras titulaciones, con frecuencia los Grupos de Investigaci\u00f3n o de Innovaci\u00f3n Docente de la Facultad organizan <strong>actividades fuera del campus<\/strong> en las que estudiantes de nuestros grados participan activamente (talleres en centros educativos o en otras entidades, jornadas de divulgaci\u00f3n de las ciencias, etc.), mejorando sus competencias transversales.\u00a0<\/div>\r\n<\/div>","protected":false},"excerpt":{"rendered":"<p>\u00a0 Las pr\u00e1cticas de campo son actividades desarrolladas a lo largo del curso acad\u00e9mico fuera de las aulas y laboratorios de la Facultad. Su objetivo es facilitar que los estudiantes se familiaricen con las t\u00e9cnicas m\u00e1s comunes de observaci\u00f3n, adquisici\u00f3n, an\u00e1lisis e interpretaci\u00f3n in situ de procesos, datos y muestras, de tal manera que sean [&hellip;]<\/p>\n","protected":false},"author":3,"featured_media":0,"parent":0,"menu_order":0,"comment_status":"closed","ping_status":"closed","template":"","meta":{"footnotes":""},"class_list":["post-13227","page","type-page","status-publish","hentry"],"_links":{"self":[{"href":"https:\/\/centros.unileon.es\/biologia\/wp-json\/wp\/v2\/pages\/13227","targetHints":{"allow":["GET"]}}],"collection":[{"href":"https:\/\/centros.unileon.es\/biologia\/wp-json\/wp\/v2\/pages"}],"about":[{"href":"https:\/\/centros.unileon.es\/biologia\/wp-json\/wp\/v2\/types\/page"}],"author":[{"embeddable":true,"href":"https:\/\/centros.unileon.es\/biologia\/wp-json\/wp\/v2\/users\/3"}],"replies":[{"embeddable":true,"href":"https:\/\/centros.unileon.es\/biologia\/wp-json\/wp\/v2\/comments?post=13227"}],"version-history":[{"count":5,"href":"https:\/\/centros.unileon.es\/biologia\/wp-json\/wp\/v2\/pages\/13227\/revisions"}],"predecessor-version":[{"id":13253,"href":"https:\/\/centros.unileon.es\/biologia\/wp-json\/wp\/v2\/pages\/13227\/revisions\/13253"}],"wp:attachment":[{"href":"https:\/\/centros.unileon.es\/biologia\/wp-json\/wp\/v2\/media?parent=13227"}],"curies":[{"name":"wp","href":"https:\/\/api.w.org\/{rel}","templated":true}]}}