{"id":13104,"date":"2025-06-06T09:42:21","date_gmt":"2025-06-06T09:42:21","guid":{"rendered":"https:\/\/centros.unileon.es\/biologia\/?page_id=13104"},"modified":"2026-03-23T12:02:50","modified_gmt":"2026-03-23T12:02:50","slug":"curso-2025-2026","status":"publish","type":"page","link":"https:\/\/centros.unileon.es\/biologia\/curso-2025-2026\/","title":{"rendered":"Curso 2025-2026"},"content":{"rendered":"<h2><strong>ASIGNACI\u00d3N <span style=\"color: #000000;\">DEFINITIVA<\/span>\u00a0DE TFGs FEBRERO (2025\/2026)<\/strong><\/h2>\r\n<p><a href=\"https:\/\/centros.unileon.es\/biologia\/files\/2026\/03\/BIOLOGIA-Adjudicacion-DEFIN-TFG-FEBRERO.pdf\">Adjudicaci\u00f3n DEFINITIVA de TFG GRADO EN BIOLOG\u00cdA<\/a><\/p>\r\n<p><a href=\"https:\/\/centros.unileon.es\/biologia\/files\/2026\/03\/CIENCIAS-AMB-Adjudicacion-DEFINIT-TFG-FEBRERO.pdf\">Adjudicaci\u00f3n DEFINITIVA de TFG GRADO EN CCAA Y DG<\/a><\/p>\r\n<p><a href=\"https:\/\/centros.unileon.es\/biologia\/files\/2026\/03\/BIOTECNOLOGIA-Adjudicacion-DEFINIT-TFG-FEBRERO.pdf\">Adjudicaci\u00f3n DEFINITIVA de TFG GRADO EN BIOTECNOLOG\u00cdA<\/a><\/p>\r\n<h2>\u00a0<\/h2>\r\n<h2><strong>Calendario de Adjudicaci\u00f3n de TFGs FEBRERO (2025\/2026)<\/strong><\/h2>\r\n<table style=\"width: 100%;\">\r\n<tbody>\r\n<tr>\r\n<td style=\"width: 13.75%;\"><strong>27 febrero a 4 marzo<\/strong><\/td>\r\n<td style=\"width: 85.1389%;\">\r\n<p><strong><span style=\"color: #ff0000;\">ESTE PLAZO DE SOLICITUD DE TFGs SE HA CERRADO<\/span>. Consulta en Secretar\u00eda del Decanato si necesitas gestionar tu TFG.<\/strong><\/p>\r\n<p><strong>\u00a1ESTUDIANTE!<\/strong> RELLENA ESTE FORMULARIO\u00a0para presentar tu solicitud de TFG General (de entre los disponibles) o de TFG Espec\u00edfico. Pero antes revisa lo siguiente:<\/p>\r\n<ul>\r\n\t<li>Si solicitas un <strong>tema del listado general<\/strong>, consulta antes los temas disponibles en los pdfs debajo de esta tabla, y apunta el n\u00famero de los que te interesen por orden de preferencia<\/li>\r\n\t<li>Si solicitas un <strong>tema espec\u00edfico<\/strong>, prepara antes el impreso 3 y, si vas a tener un cotutor, tambi\u00e9n el impreso 4. Gu\u00e1rdalos como pdf (si necesitas ambos impresos, \u00fanelos en un \u00fanico pdf). Los impresos est\u00e1n disponibles <a href=\"https:\/\/centros.unileon.es\/biologia\/trabajo-fin-de-grado\/\">aqu\u00ed<\/a>.\u00a0<\/li>\r\n<\/ul>\r\n<p><strong>\u00a1\u00a1\u00a1ATENCI\u00d3N!!!<\/strong> Debes utilizar el correo institucional (&#8212;@estudiantes.unileon.es) para que tu solicitud quede bien grabada en el formulario.<\/p>\r\n<p>Para cualquier consulta o duda, pasa por Secretar\u00eda de la Facultad.<\/p>\r\n<\/td>\r\n<\/tr>\r\n<tr>\r\n<td style=\"width: 13.75%;\"><strong>11 marzo<\/strong><\/td>\r\n<td style=\"width: 85.1389%;\">Asignaci\u00f3n provisional de los TFGs y publicaci\u00f3n en la web de la Facultad<\/td>\r\n<\/tr>\r\n<tr>\r\n<td style=\"width: 13.75%;\"><strong>12-13 marzo<\/strong><\/td>\r\n<td style=\"width: 85.1389%;\">Presentaci\u00f3n de posibles solicitudes de cambio de tutor o tema de TFG o inclusi\u00f3n de segundo tutor<\/td>\r\n<\/tr>\r\n<tr>\r\n<td style=\"width: 13.75%;\"><strong>23 marzo<br \/>\r\n<\/strong><\/td>\r\n<td style=\"width: 85.1389%;\">Asignaci\u00f3n definitiva de los TFGs y publicaci\u00f3n en la web de la Facultad<\/td>\r\n<\/tr>\r\n<\/tbody>\r\n<\/table>\r\n<p>&nbsp;<\/p>\r\n<h1><strong>OFERTA DE TFGs GENERALES (2025\/2026)<\/strong><\/h1>\r\n<p><strong>TFGs GENERALES BIOLOG\u00cdA FEBRERO 2026<\/strong><\/p>\r\n<p><a href=\"https:\/\/centros.unileon.es\/biologia\/files\/2025\/10\/Listado-temas-TFG-FEBRERO-BIOLOGIA-2025-2026.pdf\">Listados TFG generales plazo febrero<\/a><a href=\"https:\/\/centros.unileon.es\/biologia\/files\/2025\/10\/Listado-temas-TFG-FEBRERO-BIOLOGIA-2025-2026.pdf\"> \u2013 Biolog\u00eda 2025-2026<\/a><\/p>\r\n<p><a href=\"https:\/\/centros.unileon.es\/biologia\/files\/2025\/06\/TFG_B_unidos_2025-2026.pdf\">Propuestas detalladas TFG Biolog\u00eda 2025-2026<\/a><\/p>\r\n<p><strong>TFGs GENERALES BIOTECNOLOG\u00cdA FEBRERO 2026<\/strong><\/p>\r\n<p><a href=\"https:\/\/centros.unileon.es\/biologia\/files\/2025\/10\/Listado-temas-TFG-FEBRERO-BIOTECNOLOGIA-2025-2026.pdf\">Listados TFG generales plazo febrero \u2013 Biotecnolog\u00eda 2025-2026<\/a><\/p>\r\n<p><a href=\"https:\/\/centros.unileon.es\/biologia\/files\/2025\/06\/TFG_BT_unidos_2025-2026.pdf\">Propuestas detalladas TFG Biotecnolog\u00eda 2025-2026<\/a><\/p>\r\n<p><strong>TFGs GENERALES CIENCIAS AMBIENTALES FEBRERO 2026<\/strong><\/p>\r\n<p><a href=\"https:\/\/centros.unileon.es\/biologia\/files\/2025\/10\/Listado-temas-TFG-FEBRERO-CC-AA-y-DG-2025-2026.pdf\">Listados TFG generales plazo febrero \u2013 CC. AA. y D.G. 2025-2026<\/a><\/p>\r\n<p><a href=\"https:\/\/centros.unileon.es\/biologia\/files\/2025\/06\/TFG_CA_unidos_2025-2026.pdf\">Propuestas detalladas TFG CC.AA. y D.G. 2025-2026<\/a><\/p>\r\n<p>&nbsp;<\/p>\r\n<h2><span style=\"color: #000000;\"><strong>Lectura de TFGs Febrero 2026<\/strong><\/span><\/h2>\r\n<h4>Para solicitar esta convocatoria hay que presentar el impreso de solicitud en la Unidad Administrativa del Centro\u00a0<strong>del 16 al 20 de febrero<\/strong>.<\/h4>\r\n<p><a href=\"https:\/\/centros.unileon.es\/biologia\/files\/2026\/01\/solicitud_convocatoria_febrero_TFG_2025_26.doc\">Solicitud_convocatoria_FEBRERO TFG_2025_26<\/a><\/p>\r\n<h2>Convocatoria Extraordinaria Febrero 2026<\/h2>\r\n<div align=\"center\">\r\n<table>\r\n<tbody>\r\n<tr>\r\n<th>Febrero<\/th>\r\n<th colspan=\"2\">Convocatoria Extraordinaria<\/th>\r\n<\/tr>\r\n<tr>\r\n<td rowspan=\"2\">\r\n<p>&nbsp;<\/p>\r\n<p>&nbsp;<\/p>\r\n<p>&nbsp;<\/p>\r\n<p>&nbsp;<\/p>\r\n<p><strong>24 de febrero &#8211; 25\u00a0 de febrero\u00a0 (a las 14:00 horas)<\/strong><\/p>\r\n<\/td>\r\n<td><strong>ESTUDIANTE<\/strong><\/td>\r\n<td><strong>TUTOR<\/strong><\/td>\r\n<\/tr>\r\n<tr>\r\n<td>\r\n<p>-Realizar\u00e1 la <strong>SOLICITUD Y EL DEP\u00d3SITO del TFG<\/strong>\u00a0en la Plataforma de la Universidad de Le\u00f3n \u201cSolicitud y dep\u00f3sito de TFGs\/TFM\u201d:<\/p>\r\n<p>\u00a0<a href=\"https:\/\/tfg.unileon.es\/home\">https:\/\/tfg.unileon.es\/home<\/a><\/p>\r\n<p>-Enviar\u00e1 a la Unidad Administrativa \u00a0<strong>(fbiadm@unileon.es)<\/strong>\u00a0el\u00a0<strong>Informe del alumno sobre la publicaci\u00f3n en abierto (Impreso 7).<\/strong><\/p>\r\n<p>&nbsp;<\/p>\r\n<p>\u00a1<strong>Atenci\u00f3n!<\/strong> Si se marca el TFG como \u00abCONFIDENCIAL\u00bb al hacer la solicitud del dep\u00f3sito, es necesario justificarlo mediante un escrito espec\u00edfico firmado por el tutor (que NO es el Impreso de publicaci\u00f3n en abierto)<\/p>\r\n<\/td>\r\n<td>\r\n<p>\u2013<strong>INFORME DEL TUTOR SOBRE LA CALIDAD Y M\u00c9RITOS DEL TFG (Impreso 5).<\/strong><\/p>\r\n<p>\u2013<strong>INFORME DEL TUTOR SOBRE LA PUBLICACI\u00d3N EN ABIERTO (Impreso 6).<\/strong><\/p>\r\n<p>Estos impresos, que deben estar tambi\u00e9n firmados por el segundo tutor,\u00a0<strong>se suben en un \u00fanico archivo pdf en la Plataforma<\/strong>\u00a0de la Universidad de Le\u00f3n \u201cSolicitud y dep\u00f3sito de TFGs\/TFM\u201d:<\/p>\r\n<p><a href=\"https:\/\/tfg.unileon.es\/home\">https:\/\/tfg.unileon.es\/home<\/a><\/p>\r\n<p>Firma mediante portafirmas (informe de firmas)<\/p>\r\n<p>-Deber\u00e1 estar atento a su mail institucional para\u00a0<strong>ACEPTAR el dep\u00f3sito del TFG del alumno al que tutoriza.<\/strong><\/p>\r\n<\/td>\r\n<\/tr>\r\n<tr>\r\n<td><strong>3-4 de marzo\u00a0<\/strong><\/td>\r\n<td colspan=\"2\"><strong>Acto de defensa del TFG ante la Comisi\u00f3n de Evaluaci\u00f3n correspondiente. Publicaci\u00f3n de las actas provisionales<\/strong><\/td>\r\n<\/tr>\r\n<tr>\r\n<td><strong>6 de marzo<\/strong><\/td>\r\n<td colspan=\"2\"><strong>Revisi\u00f3n de calificaciones y Cierre de actas<\/strong><\/td>\r\n<\/tr>\r\n<\/tbody>\r\n<\/table>\r\n<\/div>\r\n<h2 align=\"center\">\u00a0<\/h2>\r\n<h2 align=\"center\"><span style=\"color: #000000;\"><strong>Lectura de TFGs conv. extraordinaria Diciembre 2025<\/strong><\/span><\/h2>\r\n<h4>Para solicitar esta convocatoria hay que presentar el impreso de solicitud en la Unidad Administrativa del Centro\u00a0<strong>del 3 al 10 de noviembre de 2025<\/strong>.<\/h4>\r\n<h4><a href=\"https:\/\/centros.unileon.es\/biologia\/files\/2025\/10\/solicitud_convocatoria_diciembre2025_26.doc\">Impreso solicitud convocatoria TFG diciembre 2025<\/a><\/h4>\r\n<h2>Convocatoria Extraordinaria Diciembre 2025<\/h2>\r\n<div align=\"center\">\r\n<table>\r\n<tbody>\r\n<tr>\r\n<th>Diciembre<\/th>\r\n<th colspan=\"2\">Convocatoria<\/th>\r\n<\/tr>\r\n<tr>\r\n<td rowspan=\"2\">\r\n<p>&nbsp;<\/p>\r\n<p>&nbsp;<\/p>\r\n<p>&nbsp;<\/p>\r\n<p>&nbsp;<\/p>\r\n<p><strong>9 de diciembre &#8211; 10 de diciembre\u00a0 (a las 14:00 horas)<br \/>\r\n<\/strong><\/p>\r\n<\/td>\r\n<td><strong>ESTUDIANTE<\/strong><\/td>\r\n<td><strong>TUTOR<\/strong><\/td>\r\n<\/tr>\r\n<tr>\r\n<td>\r\n<p>Realizar\u00e1 la\u00a0<strong>SOLICITUD Y EL DEP\u00d3SITO del TFG<\/strong>\u00a0en la Plataforma de la Universidad de Le\u00f3n \u201cSolicitud y dep\u00f3sito de TFGs\/TFM\u201d:<\/p>\r\n<p>\u00a0<a href=\"https:\/\/tfg.unileon.es\/home\">https:\/\/tfg.unileon.es\/home<\/a><\/p>\r\n<p>&nbsp;<\/p>\r\n<p>-Enviar\u00e1 a la Unidad Administrativa \u00a0<strong>(fbiadm@unileon.es)<\/strong>\u00a0el\u00a0<strong>Informe del alumno sobre la publicaci\u00f3n en abierto (Impreso 7).<\/strong><\/p>\r\n<p>Si se marca el TFG como \u00abCONFIDENCIAL\u00bb es necesario justificarlo mediante un escrito espec\u00edfico firmado por el tutor (No es lo mismo que el Impreso de publicaci\u00f3n en abierto)<\/p>\r\n<\/td>\r\n<td>\r\n<p>&nbsp;<\/p>\r\n<p>\u2013<strong>INFORME DEL TUTOR SOBRE LA CALIDAD Y M\u00c9RITOS DEL TFG (Impreso 5).<\/strong><\/p>\r\n<p>\u2013<strong>INFORME DEL TUTOR SOBRE LA PUBLICACI\u00d3N EN ABIERTO (Impreso 6).<\/strong><\/p>\r\n<p>Estos impresos, que deben estar tambi\u00e9n firmados por el segundo tutor,\u00a0<strong>se suben en <span style=\"color: #ff00ff;\">un \u00fanico archivo pdf<\/span> en la Plataforma<\/strong>\u00a0de la Universidad de Le\u00f3n \u201cSolicitud y dep\u00f3sito de TFGs\/TFM\u201d:<\/p>\r\n<p><a href=\"https:\/\/tfg.unileon.es\/home\">https:\/\/tfg.unileon.es\/home<\/a><\/p>\r\n<p>Firma mediante portafirmas (informe de firmas)<\/p>\r\n<p>-Deber\u00e1 estar atento a su mail institucional para\u00a0<strong>ACEPTAR el dep\u00f3sito del TFG del alumno al que tutoriza.<\/strong>\u00a0<\/p>\r\n<\/td>\r\n<\/tr>\r\n<tr>\r\n<td><strong>16 o 17 de diciembre<br \/>\r\n<\/strong><\/td>\r\n<td colspan=\"2\"><strong>Acto de defensa del TFG ante la Comisi\u00f3n de Evaluaci\u00f3n. Publicaci\u00f3n de las actas provisionales<\/strong><\/td>\r\n<\/tr>\r\n<tr>\r\n<td><strong>19 de diciembre<br \/>\r\n<\/strong><\/td>\r\n<td colspan=\"2\"><strong>Revisi\u00f3n de calificaciones y Cierre de Actas<\/strong><\/td>\r\n<\/tr>\r\n<\/tbody>\r\n<\/table>\r\n<\/div>\r\n<p>&nbsp;<\/p>\r\n<h2><strong>ASIGNACI\u00d3N DEFINITIVA DE TFGs SEPTIEMBRE (para realizar durante el curso 2025\/2026)<\/strong><\/h2>\r\n<p><a href=\"https:\/\/centros.unileon.es\/biologia\/files\/2025\/09\/SEPT-25-BIOLOGIA-listado-adjudicaciones_26sept25.pdf\">Adjudicaci\u00f3n\u00a0 de TFG_GRADO EN BIOLOG\u00cdA<\/a><\/p>\r\n<p><a href=\"https:\/\/centros.unileon.es\/biologia\/files\/2025\/09\/SEPT-25-BIOTEC-listado-adjudicaciones_26sept25.pdf\">Adjudicaci\u00f3n de TFG_GRADO EN BIOTECNOLOG\u00cdA<\/a><\/p>\r\n<p><a href=\"https:\/\/centros.unileon.es\/biologia\/files\/2025\/09\/SEPT-25-CCAA-listado-adjudicaciones_26sept25.pdf\">Adjudicaci\u00f3n de TFG_GRADO EN CIENCIAS AMBIENTALES y DG<\/a><\/p>\r\n<p>&nbsp;<\/p>\r\n<h2><strong>Calendario RESUMEN de asignaci\u00f3n de los TFGs (2025\/2026)<\/strong><\/h2>\r\n<table style=\"width: 100.002%; height: 376px;\" width=\"0\">\r\n<tbody>\r\n<tr style=\"height: 80px;\">\r\n<td style=\"width: 12.7685%; height: 80px;\">\r\n<p><strong>12 de junio<\/strong><\/p>\r\n<\/td>\r\n<td style=\"width: 86.2768%; height: 80px;\">\r\n<p>Publicaci\u00f3n en esta p\u00e1gina de la Oferta de TFGs Generales (listados encima de este calendario)<\/p>\r\n<\/td>\r\n<\/tr>\r\n<tr style=\"height: 216px;\">\r\n<td style=\"width: 12.7685%; height: 216px;\">\r\n<p><strong>23 de junio &#8211; 9 julio<\/strong><\/p>\r\n<\/td>\r\n<td style=\"width: 86.2768%; height: 216px;\">\r\n<p><strong>\u00a1ESTUDIANTES!<\/strong>\u00a0Presentaci\u00f3n de las solicitudes de TFG Generales (<strong>Impreso 2<\/strong>) o TFG Espec\u00edficos (<strong>Impreso 3<\/strong>) con\u00a0 firma manuscrita o con el informe de firmas de Portafirmas. Los impresos est\u00e1n disponibles en el apartado \u00abNormativa &amp; Impresos\u00bb<\/p>\r\n<p>Para ello se debe remitir el impreso correspondiente a la Secretar\u00eda del centro por correo electr\u00f3nico (fbiadm@unileon.es), indicando en el asunto del mensaje y en el nombre del archivo: TFG_Grado_Apellidos_Nombre.<\/p>\r\n<\/td>\r\n<\/tr>\r\n<tr style=\"height: 80px;\">\r\n<td style=\"width: 12.7685%; height: 80px;\">\r\n<p><strong>24 de julio<\/strong><\/p>\r\n<\/td>\r\n<td style=\"width: 86.2768%; height: 80px;\">\r\n<p>Publicaci\u00f3n de la <strong>asignaci\u00f3n provisional<\/strong> de los TFGs en esta web<\/p>\r\n<\/td>\r\n<\/tr>\r\n<tr>\r\n<td style=\"width: 12.7685%;\">\r\n<p><strong>17-19 septiembre<\/strong><\/p>\r\n<\/td>\r\n<td style=\"width: 86.2768%;\">\r\n<p>Presentaci\u00f3n de posibles solicitudes de renuncia de TFG asignado, cambio de tutor o tema de TFG, inclusi\u00f3n de segundos tutores, repesca de estudiantes que no hayan podido solicitar tema en julio<\/p>\r\n<\/td>\r\n<\/tr>\r\n<tr>\r\n<td style=\"width: 12.7685%;\">\r\n<p><strong>29 de septiembre<\/strong><\/p>\r\n<\/td>\r\n<td style=\"width: 86.2768%;\">\r\n<p>Publicaci\u00f3n de la <strong>asignaci\u00f3n definitiva<\/strong> de los TFGs en esta web.<\/p>\r\n<\/td>\r\n<\/tr>\r\n<\/tbody>\r\n<\/table>\r\n<h3>Criterios de asignaci\u00f3n:<\/h3>\r\n<p>Para la asignaci\u00f3n de los TFGs Generales se considerar\u00e1 la nota media del expediente acad\u00e9mico. La asignaci\u00f3n de los TFGs espec\u00edficos propuestos por un estudiante y que tengan el visto bueno del tutor y del Departamento ser\u00e1 autom\u00e1tica.<\/p>","protected":false},"excerpt":{"rendered":"<p>ASIGNACI\u00d3N DEFINITIVA\u00a0DE TFGs FEBRERO (2025\/2026) Adjudicaci\u00f3n DEFINITIVA de TFG GRADO EN BIOLOG\u00cdA Adjudicaci\u00f3n DEFINITIVA de TFG GRADO EN CCAA Y DG Adjudicaci\u00f3n DEFINITIVA de TFG GRADO EN BIOTECNOLOG\u00cdA \u00a0 Calendario de Adjudicaci\u00f3n de TFGs FEBRERO (2025\/2026) 27 febrero a 4 marzo ESTE PLAZO DE SOLICITUD DE TFGs SE HA CERRADO. Consulta en Secretar\u00eda del Decanato [&hellip;]<\/p>\n","protected":false},"author":3,"featured_media":0,"parent":0,"menu_order":0,"comment_status":"closed","ping_status":"closed","template":"","meta":{"footnotes":""},"class_list":["post-13104","page","type-page","status-publish","hentry"],"_links":{"self":[{"href":"https:\/\/centros.unileon.es\/biologia\/wp-json\/wp\/v2\/pages\/13104","targetHints":{"allow":["GET"]}}],"collection":[{"href":"https:\/\/centros.unileon.es\/biologia\/wp-json\/wp\/v2\/pages"}],"about":[{"href":"https:\/\/centros.unileon.es\/biologia\/wp-json\/wp\/v2\/types\/page"}],"author":[{"embeddable":true,"href":"https:\/\/centros.unileon.es\/biologia\/wp-json\/wp\/v2\/users\/3"}],"replies":[{"embeddable":true,"href":"https:\/\/centros.unileon.es\/biologia\/wp-json\/wp\/v2\/comments?post=13104"}],"version-history":[{"count":41,"href":"https:\/\/centros.unileon.es\/biologia\/wp-json\/wp\/v2\/pages\/13104\/revisions"}],"predecessor-version":[{"id":13545,"href":"https:\/\/centros.unileon.es\/biologia\/wp-json\/wp\/v2\/pages\/13104\/revisions\/13545"}],"wp:attachment":[{"href":"https:\/\/centros.unileon.es\/biologia\/wp-json\/wp\/v2\/media?parent=13104"}],"curies":[{"name":"wp","href":"https:\/\/api.w.org\/{rel}","templated":true}]}}