{"id":12494,"date":"2024-06-12T06:58:14","date_gmt":"2024-06-12T06:58:14","guid":{"rendered":"https:\/\/centros.unileon.es\/biologia\/?page_id=12494"},"modified":"2025-07-21T10:12:47","modified_gmt":"2025-07-21T10:12:47","slug":"curso-2024-2025","status":"publish","type":"page","link":"https:\/\/centros.unileon.es\/biologia\/curso-2024-2025\/","title":{"rendered":"Curso 2024-2025"},"content":{"rendered":"<h2>Septiembre de 2025<\/h2>\r\n<div align=\"center\">\r\n<table>\r\n<tbody>\r\n<tr>\r\n<th>Septiembre<\/th>\r\n<th colspan=\"2\">Convocatoria<\/th>\r\n<\/tr>\r\n<tr>\r\n<td rowspan=\"2\">\r\n<p>&nbsp;<\/p>\r\n<p>&nbsp;<\/p>\r\n<p>&nbsp;<\/p>\r\n<p>&nbsp;<\/p>\r\n<p><strong>8-10 de septiembre\u00a0 a las 14:00 horas<br \/>\r\n<\/strong><\/p>\r\n<\/td>\r\n<td><strong>ESTUDIANTE<\/strong><\/td>\r\n<td><strong>TUTOR<\/strong><\/td>\r\n<\/tr>\r\n<tr>\r\n<td>\r\n<p>Realizar\u00e1 la\u00a0<strong>SOLICITUD Y EL DEP\u00d3SITO del TFG<\/strong>\u00a0en la Plataforma de la Universidad de Le\u00f3n \u201cSolicitud y dep\u00f3sito de TFGs\/TFM\u201d:<\/p>\r\n<p>\u00a0<a href=\"https:\/\/tfg.unileon.es\/home\">https:\/\/tfg.unileon.es\/home<\/a><\/p>\r\n<p>&nbsp;<\/p>\r\n<p>-Enviar\u00e1 a la Unidad Administrativa \u00a0<strong>(fbiadm@unileon.es)<\/strong>\u00a0el\u00a0<strong>Informe del alumno sobre la publicaci\u00f3n en abierto (Impreso 7).<\/strong><\/p>\r\n<p>Si se marca el TFG como \u00abCONFIDENCIAL\u00bb es necesario justificarlo mediante un escrito espec\u00edfico firmado por el tutor (No es lo mismo que el Impreso de publicaci\u00f3n en abierto)<\/p>\r\n<\/td>\r\n<td>\r\n<p>\u2013<strong>INFORME DEL TUTOR SOBRE LA CALIDAD Y M\u00c9RITOS DEL TFG (Impreso 5).<\/strong><\/p>\r\n<p>\u2013<strong>INFORME DEL TUTOR SOBRE LA PUBLICACI\u00d3N EN ABIERTO (Impreso 6).<\/strong><\/p>\r\n<p>Estos impresos, que deben estar tambi\u00e9n firmados por el segundo tutor,\u00a0<strong>se suben en un \u00fanico archivo pdf en la Plataforma<\/strong>\u00a0de la Universidad de Le\u00f3n \u201cSolicitud y dep\u00f3sito de TFGs\/TFM\u201d:<\/p>\r\n<p><a href=\"https:\/\/tfg.unileon.es\/home\">https:\/\/tfg.unileon.es\/home<\/a><\/p>\r\n<p>Firma mediante portafirmas (informe de firmas)<\/p>\r\n<p>-Deber\u00e1 estar atento a su mail institucional para\u00a0<strong>ACEPTAR el dep\u00f3sito del TFG del alumno al que tutoriza.<\/strong><\/p>\r\n<\/td>\r\n<\/tr>\r\n<tr>\r\n<td><strong>16-17 de septiembre<br \/>\r\n<\/strong><\/td>\r\n<td colspan=\"2\"><strong>Acto de defensa del TFG ante la Comisi\u00f3n de Evaluaci\u00f3n. Publicaci\u00f3n de las actas provisionales.<\/strong><\/td>\r\n<\/tr>\r\n<tr>\r\n<td><strong>19 de septiembre<br \/>\r\n<\/strong><\/td>\r\n<td colspan=\"2\"><strong>Revisi\u00f3n de calificaciones y Cierre de Actas<br \/>\r\n<\/strong><\/td>\r\n<\/tr>\r\n<\/tbody>\r\n<\/table>\r\n<\/div>\r\n<p>&nbsp;<\/p>\r\n<h2>Julio de 2025\u00a0 2\u00aa lectura<\/h2>\r\n<div align=\"center\">\r\n<table>\r\n<tbody>\r\n<tr>\r\n<th>Julio<\/th>\r\n<th colspan=\"2\">Convocatoria<\/th>\r\n<\/tr>\r\n<tr>\r\n<td rowspan=\"2\">\r\n<p>&nbsp;<\/p>\r\n<p>&nbsp;<\/p>\r\n<p>&nbsp;<\/p>\r\n<p>&nbsp;<\/p>\r\n<p><strong>7-9 de julio\u00a0 a las 14:00 horas<br \/>\r\n<\/strong><\/p>\r\n<\/td>\r\n<td><strong>ESTUDIANTE<\/strong><\/td>\r\n<td><strong>TUTOR<\/strong><\/td>\r\n<\/tr>\r\n<tr>\r\n<td>\r\n<p>Realizar\u00e1 la\u00a0<strong>SOLICITUD Y EL DEP\u00d3SITO del TFG<\/strong>\u00a0en la Plataforma de la Universidad de Le\u00f3n \u201cSolicitud y dep\u00f3sito de TFGs\/TFM\u201d:<\/p>\r\n<p>\u00a0<a href=\"https:\/\/tfg.unileon.es\/home\">https:\/\/tfg.unileon.es\/home<\/a><\/p>\r\n<p>&nbsp;<\/p>\r\n<p>-Enviar\u00e1 a la Unidad Administrativa \u00a0<strong>(fbiadm@unileon.es)<\/strong>\u00a0el\u00a0<strong>Informe del alumno sobre la publicaci\u00f3n en abierto (Impreso 7).<\/strong><\/p>\r\n<p>Si se marca el TFG como \u00abCONFIDENCIAL\u00bb es necesario justificarlo mediante un escrito espec\u00edfico firmado por el tutor (No es lo mismo que el Impreso de publicaci\u00f3n en abierto)<\/p>\r\n<\/td>\r\n<td>\r\n<p>\u2013<strong>INFORME DEL TUTOR SOBRE LA CALIDAD Y M\u00c9RITOS DEL TFG (Impreso 5).<\/strong><\/p>\r\n<p>\u2013<strong>INFORME DEL TUTOR SOBRE LA PUBLICACI\u00d3N EN ABIERTO (Impreso 6).<\/strong><\/p>\r\n<p>Estos impresos, que deben estar tambi\u00e9n firmados por el segundo tutor,\u00a0<strong>se suben en un \u00fanico archivo pdf en la Plataforma<\/strong>\u00a0de la Universidad de Le\u00f3n \u201cSolicitud y dep\u00f3sito de TFGs\/TFM\u201d:<\/p>\r\n<p><a href=\"https:\/\/tfg.unileon.es\/home\">https:\/\/tfg.unileon.es\/home<\/a><\/p>\r\n<p>Firma mediante portafirmas (informe de firmas)<\/p>\r\n<p>-Deber\u00e1 estar atento a su mail institucional para\u00a0<strong>ACEPTAR el dep\u00f3sito del TFG del alumno al que tutoriza.<\/strong><\/p>\r\n<\/td>\r\n<\/tr>\r\n<tr>\r\n<td><strong>16-17 de julio<br \/>\r\n<\/strong><\/td>\r\n<td colspan=\"2\"><strong>Acto de defensa del TFG ante la Comisi\u00f3n de Evaluaci\u00f3n. Publicaci\u00f3n de las actas provisionales.<\/strong><\/td>\r\n<\/tr>\r\n<tr>\r\n<td><strong>21 de julio<br \/>\r\n<\/strong><\/td>\r\n<td colspan=\"2\"><strong>Revisi\u00f3n de calificaciones y Cierre de Actas<br \/>\r\n<\/strong><\/td>\r\n<\/tr>\r\n<\/tbody>\r\n<\/table>\r\n<\/div>\r\n<h2>\u00a0<\/h2>\r\n<h2>Julio de 2025\u00a0 1\u00aa lectura<\/h2>\r\n<div align=\"center\">\r\n<table>\r\n<tbody>\r\n<tr>\r\n<th>Julio<\/th>\r\n<th colspan=\"2\">Convocatoria<\/th>\r\n<\/tr>\r\n<tr>\r\n<td rowspan=\"2\">\r\n<p>&nbsp;<\/p>\r\n<p>&nbsp;<\/p>\r\n<p>&nbsp;<\/p>\r\n<p>&nbsp;<\/p>\r\n<p><strong>20-25 de junio\u00a0 a las 14:00 horas<br \/>\r\n<\/strong><\/p>\r\n<\/td>\r\n<td><strong>ESTUDIANTE<\/strong><\/td>\r\n<td><strong>TUTOR<\/strong><\/td>\r\n<\/tr>\r\n<tr>\r\n<td>\r\n<p>Realizar\u00e1 la\u00a0<strong>SOLICITUD Y EL DEP\u00d3SITO del TFG<\/strong>\u00a0en la Plataforma de la Universidad de Le\u00f3n \u201cSolicitud y dep\u00f3sito de TFGs\/TFM\u201d:<\/p>\r\n<p>\u00a0<a href=\"https:\/\/tfg.unileon.es\/home\">https:\/\/tfg.unileon.es\/home<\/a><\/p>\r\n<p>&nbsp;<\/p>\r\n<p>-Enviar\u00e1 a la Unidad Administrativa \u00a0<strong>(fbiadm@unileon.es)<\/strong>\u00a0el\u00a0<strong>Informe del alumno sobre la publicaci\u00f3n en abierto (Impreso 7).<\/strong><\/p>\r\n<p>Si se marca el TFG como \u00abCONFIDENCIAL\u00bb es necesario justificarlo mediante un escrito espec\u00edfico firmado por el tutor (No es lo mismo que el Impreso de publicaci\u00f3n en abierto)<\/p>\r\n<\/td>\r\n<td>\r\n<p>\u2013<strong>INFORME DEL TUTOR SOBRE LA CALIDAD Y M\u00c9RITOS DEL TFG (Impreso 5).<\/strong><\/p>\r\n<p>\u2013<strong>INFORME DEL TUTOR SOBRE LA PUBLICACI\u00d3N EN ABIERTO (Impreso 6).<\/strong><\/p>\r\n<p>Estos impresos, que deben estar tambi\u00e9n firmados por el segundo tutor,\u00a0<strong>se suben en un \u00fanico archivo pdf en la Plataforma<\/strong>\u00a0de la Universidad de Le\u00f3n \u201cSolicitud y dep\u00f3sito de TFGs\/TFM\u201d:<\/p>\r\n<p><a href=\"https:\/\/tfg.unileon.es\/home\">https:\/\/tfg.unileon.es\/home<\/a><\/p>\r\n<p>Firma mediante portafirmas (informe de firmas)<\/p>\r\n<p>-Deber\u00e1 estar atento a su mail institucional para\u00a0<strong>ACEPTAR el dep\u00f3sito del TFG del alumno al que tutoriza.<\/strong><\/p>\r\n<\/td>\r\n<\/tr>\r\n<tr>\r\n<td><strong>3 de julio<br \/>\r\n<\/strong><\/td>\r\n<td colspan=\"2\">\r\n<p><strong>Acto de defensa del TFG ante la Comisi\u00f3n de Evaluaci\u00f3n.\u00a0<\/strong><\/p>\r\n<\/td>\r\n<\/tr>\r\n<tr>\r\n<td><strong>21 de julio<br \/>\r\n<\/strong><\/td>\r\n<td colspan=\"2\"><strong>Revisi\u00f3n de calificaciones y Cierre de Actas<br \/>\r\n<\/strong><\/td>\r\n<\/tr>\r\n<\/tbody>\r\n<\/table>\r\n<\/div>\r\n<h2>\u00a0<\/h2>\r\n<h2><strong>ASIGNACI\u00d3N DEFINITIVA DE TFGs FEBRERO (2024\/2025)<\/strong><\/h2>\r\n<p><a href=\"https:\/\/centros.unileon.es\/biologia\/files\/2025\/03\/4-BIOLOGIA-Adjudicacion-DEFINITIVA-TFG-FEBRERO.pdf\">Adjudicaci\u00f3n DEFINITIVA de TFG GRADO EN BIOLOG\u00cdA<\/a><\/p>\r\n<p><a href=\"https:\/\/centros.unileon.es\/biologia\/files\/2025\/03\/4-BIOTECNOLOGIA-Adjudicacion-DEFINITIVA-TFG-FEBRERO.pdf\">Adjudicaci\u00f3n DEFINITIVA de TFG_GRADO EN BIOTECNOLOG\u00cdA<\/a><\/p>\r\n<p><a href=\"https:\/\/centros.unileon.es\/biologia\/files\/2025\/03\/4-CCAA-Adjudicacion-DEFINITIVA-TFG-FEBRERO.pdf\">Adjudicaci\u00f3n DEFINITIVA de TFG CC.AA y DG<\/a><\/p>\r\n<h2>\u00a0<\/h2>\r\n<h2><strong>Calendario de Adjudicaci\u00f3n de TFGs FEBRERO (2024\/2025)<\/strong><\/h2>\r\n<table style=\"width: 100%;\">\r\n<tbody>\r\n<tr>\r\n<td style=\"width: 14.6763%;\"><strong>28 Febrero a 5 marzo<\/strong><\/td>\r\n<td style=\"width: 84.1727%;\">\r\n<p><strong>\u00a1ESTUDIANTES!<\/strong> Presentaci\u00f3n de las solicitudes de TFG Generales disponibles (<strong>Impreso 2<\/strong>) o TFG Espec\u00edficos (<strong>Impreso 3<\/strong>) debidamente firmadas.<\/p>\r\n<p>\u2013 Remitir a la Secretar\u00eda del centro por correo electr\u00f3nico (fbiadm@unileon.es), indicando en el asunto del mensaje: TFG_Grado_Apellidos_Nombre.<\/p>\r\n<\/td>\r\n<\/tr>\r\n<tr>\r\n<td style=\"width: 14.6763%;\"><strong>11 Marzo<\/strong><\/td>\r\n<td style=\"width: 84.1727%;\">Asignaci\u00f3n provisional de los TFGs y publicaci\u00f3n en la web de la Facultad.<\/td>\r\n<\/tr>\r\n<tr>\r\n<td style=\"width: 14.6763%;\"><strong>12-14 Marzo<\/strong><\/td>\r\n<td style=\"width: 84.1727%;\">Presentaci\u00f3n de posibles solicitudes de cambio de tutor o tema de TFG o inclusi\u00f3n de segundo tutor.<\/td>\r\n<\/tr>\r\n<tr>\r\n<td style=\"width: 14.6763%;\"><strong>21 Marzo<br \/>\r\n<\/strong><\/td>\r\n<td style=\"width: 84.1727%;\">Asignaci\u00f3n definitiva de los TFGs y publicaci\u00f3n en la web de la Facultad.<\/td>\r\n<\/tr>\r\n<\/tbody>\r\n<\/table>\r\n<p>&nbsp;<\/p>\r\n<h2><strong>OFERTA DE TFGs GENERALES (2024\/2025)<\/strong><\/h2>\r\n<p><strong>TFGS GENERALES PROPUESTOS PARA BIOLOG\u00cdA<\/strong><\/p>\r\n<p><a href=\"https:\/\/centros.unileon.es\/biologia\/files\/2024\/10\/2-Listado-TFG-Biologia-2024-2025-Vacantes-para-febrero-2025.pdf\">Listados TFG febrero \u2013 Biolog\u00eda 2024-2025<\/a><\/p>\r\n<p><a href=\"https:\/\/centros.unileon.es\/biologia\/files\/2024\/06\/TFG_B_unidos_2024-2025.pdf\">Propuestas detalladas TFG Biolog\u00eda 2024-2025<\/a><\/p>\r\n<p><strong>TFGS GENERALES PROPUESTOS PARA BIOTECNOLOG\u00cdA<\/strong><\/p>\r\n<p><a href=\"https:\/\/centros.unileon.es\/biologia\/files\/2024\/10\/2-Listado-TFG-Biotecnologia-2024-2025-Vacantes-para-febrero-2025.pdf\">Listados TFG febrero \u2013 Biotecnolog\u00eda 2024-2025<\/a><\/p>\r\n<p><a href=\"https:\/\/centros.unileon.es\/biologia\/files\/2024\/06\/TFG_BT_unidos_2024-2025.pdf\">Propuestas detalladas TFG Biotecnolog\u00eda 2024-2025<\/a><\/p>\r\n<p><strong>TFGS GENERALES PROPUESTOS PARA CIENCIAS AMBIENTALES<\/strong><\/p>\r\n<p><a href=\"https:\/\/centros.unileon.es\/biologia\/files\/2024\/10\/2-Listado-TFG-CC.-AA.-y-D.G.-2024-2025-Vacantes-para-febrero-2025.pdf\">Listados TFG febrero \u2013 CC. AA. y D.G. 2024-2025<\/a><\/p>\r\n<p><a href=\"https:\/\/centros.unileon.es\/biologia\/files\/2024\/06\/TFG_CA_unidos_2024-2025.pdf\">Propuestas detalladas TFG CC.AA. y D.G. 2024-2025<\/a><\/p>\r\n<p>&nbsp;<\/p>\r\n<h1><strong>Lectura de TFGs Febrero 2025<\/strong><\/h1>\r\n<h4><span style=\"color: #ff00ff;\">Para solicitar esta convocatoria hay que presentar el impreso de solicitud en la Unidad Administrativa del Centro\u00a0<strong>del 17 al 21 de febrero<\/strong>.<\/span><\/h4>\r\n<p><a href=\"https:\/\/centros.unileon.es\/biologia\/files\/2025\/02\/solicitud_convocatoria_FEBRERO-JULIO-TFG_TFM2024_25.docx\">Solicitud_convocatoria_FEBRERO TFG_2024_25<\/a><\/p>\r\n<h2>Convocatoria Extraordinaria Febrero 2025<\/h2>\r\n<div align=\"center\">\r\n<table>\r\n<tbody>\r\n<tr>\r\n<th>Febrero<\/th>\r\n<th colspan=\"2\">Convocatoria Extraordinaria<\/th>\r\n<\/tr>\r\n<tr>\r\n<td rowspan=\"2\">\r\n<p>&nbsp;<\/p>\r\n<p>&nbsp;<\/p>\r\n<p>&nbsp;<\/p>\r\n<p>&nbsp;<\/p>\r\n<p><strong>del 26 al 27\u00a0 de febrero\u00a0 a las 14:00 horas\u00a0<\/strong><\/p>\r\n<\/td>\r\n<td><strong>ESTUDIANTE<\/strong><\/td>\r\n<td><strong>TUTOR<\/strong><\/td>\r\n<\/tr>\r\n<tr>\r\n<td>\r\n<p>Realizar\u00e1 la\u00a0<strong>SOLICITUD Y EL DEP\u00d3SITO del TFG<\/strong>\u00a0en la Plataforma de la Universidad de Le\u00f3n \u201cSolicitud y dep\u00f3sito de TFGs\/TFM\u201d:<\/p>\r\n<p>\u00a0<a href=\"https:\/\/tfg.unileon.es\/home\">https:\/\/tfg.unileon.es\/home<\/a><\/p>\r\n<p>&nbsp;<\/p>\r\n<p>-Enviar\u00e1 a la Unidad Administrativa \u00a0<strong>(fbiadm@unileon.es)<\/strong>\u00a0el\u00a0<strong>Informe del alumno sobre la publicaci\u00f3n en abierto (Impreso 7).<\/strong><\/p>\r\n<p>Si se marca el TFG como \u00abCONFIDENCIAL\u00bb es necesario justificarlo mediante un escrito espec\u00edfico firmado por el tutor (No es lo mismo que el Impreso de publicaci\u00f3n en abierto)<\/p>\r\n<\/td>\r\n<td>\r\n<p>\u2013<strong>INFORME DEL TUTOR SOBRE LA CALIDAD Y M\u00c9RITOS DEL TFG (Impreso 5).<\/strong><\/p>\r\n<p>\u2013<strong>INFORME DEL TUTOR SOBRE LA PUBLICACI\u00d3N EN ABIERTO (Impreso 6).<\/strong><\/p>\r\n<p>Estos impresos, que deben estar tambi\u00e9n firmados por el segundo tutor,\u00a0<strong>se suben en un \u00fanico archivo pdf en la Plataforma<\/strong>\u00a0de la Universidad de Le\u00f3n \u201cSolicitud y dep\u00f3sito de TFGs\/TFM\u201d:<\/p>\r\n<p><a href=\"https:\/\/tfg.unileon.es\/home\">https:\/\/tfg.unileon.es\/home<\/a><\/p>\r\n<p>Firma mediante portafirmas (informe de firmas)<\/p>\r\n<p>-Deber\u00e1 estar atento a su mail institucional para\u00a0<strong>ACEPTAR el dep\u00f3sito del TFG del alumno al que tutoriza.<\/strong><\/p>\r\n<\/td>\r\n<\/tr>\r\n<tr>\r\n<td><strong>10-11 de marzo\u00a0<\/strong><\/td>\r\n<td colspan=\"2\"><strong>Acto de defensa del TFG ante la Comisi\u00f3n de Evaluaci\u00f3n. Publicaci\u00f3n de las actas provisionales<\/strong><\/td>\r\n<\/tr>\r\n<tr>\r\n<td><strong>14 de marzo<\/strong><\/td>\r\n<td colspan=\"2\"><strong>Revisi\u00f3n de calificaciones y Cierre de actas<\/strong><\/td>\r\n<\/tr>\r\n<\/tbody>\r\n<\/table>\r\n<\/div>\r\n<div align=\"center\">\u00a0<\/div>\r\n<h2 align=\"center\"><strong>Lectura de TFGs Diciembre 2024<\/strong><\/h2>\r\n<h4>Para solicitar esta convocatoria hay que presentar el impreso de solicitud en la Unidad Administrativa del Centro\u00a0<strong>del 1 al 8 de noviembre<\/strong>.<\/h4>\r\n<h4><a href=\"https:\/\/centros.unileon.es\/biologia\/files\/2024\/10\/solicitud_convocatoria_diciembre2024_25.pdf\">Impreso solicitud convocatoria TFG diciembre 24<\/a><\/h4>\r\n<h2>Convocatoria Extraordinaria Diciembre 2024<\/h2>\r\n<div align=\"center\">\r\n<table>\r\n<tbody>\r\n<tr>\r\n<th>Diciembre<\/th>\r\n<th colspan=\"2\">Convocatoria<\/th>\r\n<\/tr>\r\n<tr>\r\n<td rowspan=\"2\">\r\n<p>&nbsp;<\/p>\r\n<p>&nbsp;<\/p>\r\n<p>&nbsp;<\/p>\r\n<p>&nbsp;<\/p>\r\n<p><strong>10 de diciembre &#8211; 11 de diciembre\u00a0 (a las 14:00 horas)<br \/>\r\n<\/strong><\/p>\r\n<\/td>\r\n<td><strong>ESTUDIANTE<\/strong><\/td>\r\n<td><strong>TUTOR<\/strong><\/td>\r\n<\/tr>\r\n<tr>\r\n<td>\r\n<p>Realizar\u00e1 la\u00a0<strong>SOLICITUD Y EL DEP\u00d3SITO del TFG<\/strong>\u00a0en la Plataforma de la Universidad de Le\u00f3n \u201cSolicitud y dep\u00f3sito de TFGs\/TFM\u201d:<\/p>\r\n<p>\u00a0<a href=\"https:\/\/tfg.unileon.es\/home\">https:\/\/tfg.unileon.es\/home<\/a><\/p>\r\n<p>&nbsp;<\/p>\r\n<p>-Enviar\u00e1 a la Unidad Administrativa \u00a0<strong>(fbiadm@unileon.es)<\/strong>\u00a0el\u00a0<strong>Informe del alumno sobre la publicaci\u00f3n en abierto (Impreso 7).<\/strong><\/p>\r\n<p>Si se marca el TFG como \u00abCONFIDENCIAL\u00bb es necesario justificarlo mediante un escrito espec\u00edfico firmado por el tutor (No es lo mismo que el Impreso de publicaci\u00f3n en abierto)<\/p>\r\n<\/td>\r\n<td>\r\n<p>&nbsp;<\/p>\r\n<p>\u2013<strong>INFORME DEL TUTOR SOBRE LA CALIDAD Y M\u00c9RITOS DEL TFG (Impreso 5).<\/strong><\/p>\r\n<p>\u2013<strong>INFORME DEL TUTOR SOBRE LA PUBLICACI\u00d3N EN ABIERTO (Impreso 6).<\/strong><\/p>\r\n<p>Estos impresos, que deben estar tambi\u00e9n firmados por el segundo tutor,\u00a0<strong>se suben en un \u00fanico archivo pdf en la Plataforma<\/strong>\u00a0de la Universidad de Le\u00f3n \u201cSolicitud y dep\u00f3sito de TFGs\/TFM\u201d:<\/p>\r\n<p><a href=\"https:\/\/tfg.unileon.es\/home\">https:\/\/tfg.unileon.es\/home<\/a><\/p>\r\n<p>Firma mediante portafirmas (informe de firmas)<\/p>\r\n<p>-Deber\u00e1 estar atento a su mail institucional para\u00a0<strong>ACEPTAR el dep\u00f3sito del TFG del alumno al que tutoriza.<\/strong>\u00a0<\/p>\r\n<\/td>\r\n<\/tr>\r\n<tr>\r\n<td><strong>17 o 18 de diciembre<br \/>\r\n<\/strong><\/td>\r\n<td colspan=\"2\"><strong>Acto de defensa del TFG ante la Comisi\u00f3n de Evaluaci\u00f3n. Publicaci\u00f3n de las actas provisionales<\/strong><\/td>\r\n<\/tr>\r\n<tr>\r\n<td><strong>20 de diciembre<br \/>\r\n<\/strong><\/td>\r\n<td colspan=\"2\"><strong>Revisi\u00f3n de calificaciones y Cierre de Actas<\/strong><\/td>\r\n<\/tr>\r\n<\/tbody>\r\n<\/table>\r\n<\/div>\r\n<p>&nbsp;<\/p>\r\n<p><strong><u>SEPTIEMBRE 2024: Plazo para solicitudes de cambio de tema de TFG\u00a0<\/u><\/strong><strong><u>(justificadas y con el acuerdo del tutor), inclusi\u00f3n de segundo tutor, y nuevas solicitudes de quienes no lo hayan hecho en la asignaci\u00f3n de julio.\u00a0<\/u><\/strong><\/p>\r\n<h3><strong>Calendario de Adjudicaci\u00f3n de TFGs (2024\/2025)<\/strong><\/h3>\r\n<table>\r\n<tbody>\r\n<tr>\r\n<td>18-20 Septiembre<\/td>\r\n<td>Presentaci\u00f3n de posibles solicitudes de cambio de tutor o tema de TFG.<\/td>\r\n<\/tr>\r\n<tr>\r\n<td>26 Septiembre<\/td>\r\n<td>Asignaci\u00f3n definitiva de los TFGs y publicaci\u00f3n en la web de la Facultad.<\/td>\r\n<\/tr>\r\n<\/tbody>\r\n<\/table>\r\n<h2>\u00a0<\/h2>\r\n<h2><strong>ASIGNACI\u00d3N DEFINITIVA DE TFGs SEPTIEMBRE (2024\/2025)<\/strong><\/h2>\r\n<p><a href=\"https:\/\/centros.unileon.es\/biologia\/files\/2024\/10\/Adjudicacion-definitiva-TFG-Biologia-sept24.pdf\">Adjudicaci\u00f3n\u00a0 de TFG_GRADO EN BIOLOG\u00cdA<\/a><\/p>\r\n<p><a href=\"https:\/\/centros.unileon.es\/biologia\/files\/2024\/10\/Adjudicacion-definitiva-TFG-Biotecnologia-sept24-1.pdf\">Adjudicaci\u00f3n de TFG_GRADO EN BIOTECNOLOG\u00cdA<\/a><\/p>\r\n<p><a href=\"https:\/\/centros.unileon.es\/biologia\/files\/2024\/10\/Adjudicacion-definitiva-TFG-CC.AA-y-DG-sept24.pdf\">Adjudicaci\u00f3n de TFG_GRADO EN CIENCIAS AMBIENTALES y DG<\/a><\/p>\r\n<h2><strong>OFERTA DE TFGs GENERALES (2024\/2025)<\/strong><\/h2>\r\n<p><strong>TFGS GENERALES PROPUESTOS PARA BIOLOG\u00cdA<\/strong><\/p>\r\n<p><a href=\"https:\/\/centros.unileon.es\/biologia\/files\/2024\/10\/2-Listado-TFG-Biologia-2024-2025-Vacantes-para-febrero-2025.pdf\">Listados TFG febrero \u2013 Biolog\u00eda 2024-2025<\/a><\/p>\r\n<p><a href=\"https:\/\/centros.unileon.es\/biologia\/files\/2024\/06\/TFG_B_unidos_2024-2025.pdf\">Propuestas detalladas TFG Biolog\u00eda 2024-2025<\/a><\/p>\r\n<p><strong>TFGS GENERALES PROPUESTOS PARA BIOTECNOLOG\u00cdA<\/strong><\/p>\r\n<p><a href=\"https:\/\/centros.unileon.es\/biologia\/files\/2024\/10\/2-Listado-TFG-Biotecnologia-2024-2025-Vacantes-para-febrero-2025.pdf\">Listados TFG febrero \u2013 Biotecnolog\u00eda 2024-2025<\/a><\/p>\r\n<p><a href=\"https:\/\/centros.unileon.es\/biologia\/files\/2024\/06\/TFG_BT_unidos_2024-2025.pdf\">Propuestas detalladas TFG Biotecnolog\u00eda 2024-2025<\/a><\/p>\r\n<p><strong>TFGS GENERALES PROPUESTOS PARA CIENCIAS AMBIENTALES<\/strong><\/p>\r\n<p><a href=\"https:\/\/centros.unileon.es\/biologia\/files\/2024\/10\/2-Listado-TFG-CC.-AA.-y-D.G.-2024-2025-Vacantes-para-febrero-2025.pdf\">Listados TFG febrero \u2013 CC. AA. y D.G. 2024-2025<\/a><\/p>\r\n<p><a href=\"https:\/\/centros.unileon.es\/biologia\/files\/2024\/06\/TFG_CA_unidos_2024-2025.pdf\">Propuestas detalladas TFG CC.AA. y D.G. 2024-2025<\/a><\/p>\r\n<p>&nbsp;<\/p>\r\n<h2><strong>Calendario RESUMEN de asignaci\u00f3n de los TFGs (2024\/2025)<\/strong><\/h2>\r\n<table width=\"0\">\r\n<tbody>\r\n<tr>\r\n<td>\r\n<p><strong>10 de Junio<\/strong><\/p>\r\n<\/td>\r\n<td>\r\n<p>Publicaci\u00f3n en la p\u00e1gina web de la Facultad de:<br \/>\r\n-Oferta de TFGs Generales.<\/p>\r\n<\/td>\r\n<\/tr>\r\n<tr>\r\n<td>\r\n<p><strong>26 de Junio-11 Julio<\/strong><\/p>\r\n<\/td>\r\n<td>\r\n<p><strong>\u00a1ESTUDIANTES!<\/strong>\u00a0Presentaci\u00f3n de las solicitudes de TFG Generales (<strong>Impreso 2<\/strong>) o TFG Espec\u00edficos (<strong>Impreso 3<\/strong>) con\u00a0 firma manuscrita o con el informe de firmas de Portafirmas. Los impresos est\u00e1n disponibles en el apartado \u00abNormativa &amp; Impresos\u00bb<\/p>\r\n<p>Para ello se deben remitir el impreso correspondiente a la Secretar\u00eda del centro por correo electr\u00f3nico (fbiadm@unileon.es), indicando en el asunto del mensaje y en el nombre del archivo: TFG_Grado_Apellidos_Nombre.<\/p>\r\n<\/td>\r\n<\/tr>\r\n<tr>\r\n<td>\r\n<p><strong>24 de Julio<\/strong><\/p>\r\n<\/td>\r\n<td>\r\n<p>Asignaci\u00f3n provisional de los TFGs y publicaci\u00f3n en la web de la Facultad.<\/p>\r\n<\/td>\r\n<\/tr>\r\n<\/tbody>\r\n<\/table>\r\n<h2>Criterios de asignaci\u00f3n<\/h2>\r\n<p>Para la asignaci\u00f3n de los TFGs Generales se considerar\u00e1 la nota media del expediente acad\u00e9mico. La asignaci\u00f3n de los TFGs espec\u00edficos propuestos por un estudiante y que tengan el visto bueno del tutor y del Departamento ser\u00e1 autom\u00e1tica.<\/p>","protected":false},"excerpt":{"rendered":"<p>Septiembre de 2025 Septiembre Convocatoria &nbsp; &nbsp; &nbsp; &nbsp; 8-10 de septiembre\u00a0 a las 14:00 horas ESTUDIANTE TUTOR Realizar\u00e1 la\u00a0SOLICITUD Y EL DEP\u00d3SITO del TFG\u00a0en la Plataforma de la Universidad de Le\u00f3n \u201cSolicitud y dep\u00f3sito de TFGs\/TFM\u201d: \u00a0https:\/\/tfg.unileon.es\/home &nbsp; -Enviar\u00e1 a la Unidad Administrativa \u00a0(fbiadm@unileon.es)\u00a0el\u00a0Informe del alumno sobre la publicaci\u00f3n en abierto (Impreso 7). Si [&hellip;]<\/p>\n","protected":false},"author":3,"featured_media":0,"parent":0,"menu_order":0,"comment_status":"closed","ping_status":"closed","template":"","meta":{"footnotes":""},"class_list":["post-12494","page","type-page","status-publish","hentry"],"_links":{"self":[{"href":"https:\/\/centros.unileon.es\/biologia\/wp-json\/wp\/v2\/pages\/12494","targetHints":{"allow":["GET"]}}],"collection":[{"href":"https:\/\/centros.unileon.es\/biologia\/wp-json\/wp\/v2\/pages"}],"about":[{"href":"https:\/\/centros.unileon.es\/biologia\/wp-json\/wp\/v2\/types\/page"}],"author":[{"embeddable":true,"href":"https:\/\/centros.unileon.es\/biologia\/wp-json\/wp\/v2\/users\/3"}],"replies":[{"embeddable":true,"href":"https:\/\/centros.unileon.es\/biologia\/wp-json\/wp\/v2\/comments?post=12494"}],"version-history":[{"count":31,"href":"https:\/\/centros.unileon.es\/biologia\/wp-json\/wp\/v2\/pages\/12494\/revisions"}],"predecessor-version":[{"id":13135,"href":"https:\/\/centros.unileon.es\/biologia\/wp-json\/wp\/v2\/pages\/12494\/revisions\/13135"}],"wp:attachment":[{"href":"https:\/\/centros.unileon.es\/biologia\/wp-json\/wp\/v2\/media?parent=12494"}],"curies":[{"name":"wp","href":"https:\/\/api.w.org\/{rel}","templated":true}]}}