{"id":1167,"date":"2011-05-30T08:28:29","date_gmt":"2011-05-30T08:28:29","guid":{"rendered":"http:\/\/centros.unileon.es\/biologia\/?page_id=1167"},"modified":"2013-11-20T18:40:49","modified_gmt":"2013-11-20T18:40:49","slug":"licenciatura-en-biologia-informacion","status":"publish","type":"page","link":"https:\/\/centros.unileon.es\/biologia\/licenciatura-en-biologia-informacion\/","title":{"rendered":"Licenciatura en Biolog\u00eda: Informaci\u00f3n."},"content":{"rendered":"<h2>Programas de Asignaturas<\/h2>\r\n<div align=\"center\">\r\n<table>\r\n<tbody>\r\n<tr>\r\n<th colspan=\"2\" align=\"center\"><span style=\"color: #0101df\"> \u00a0 \u00a0 \u00a0 \u00a0 \u00a0 \u00a0 \u00a0 \u00a0 \u00a0 \u00a0 \u00a0 \u00a0 \u00a0 \u00a0 \u00a0 \u00a0 \u00a0 \u00a0 \u00a0 \u00a0 \u00a0 \u00a0 \u00a0 \u00a0 Cuarto curso \u00a0 \u00a0 \u00a0 \u00a0 \u00a0 \u00a0 \u00a0 \u00a0 \u00a0 \u00a0 \u00a0 \u00a0 \u00a0 \u00a0 \u00a0 \u00a0 \u00a0 \u00a0 \u00a0 \u00a0 \u00a0 \u00a0 \u00a0 \u00a0 <\/span><\/th>\r\n<\/tr>\r\n<tr bgcolor=\"#0101df\">\r\n<th><span style=\"color: #0080ff\">1<sup>er<\/sup> Cuatrimestre &#8211; Asignaturas \u00a0 \u00a0 \u00a0 \u00a0 \u00a0 \u00a0 \u00a0 \u00a0 <\/span><\/th>\r\n<th><span style=\"color: #0080ff\">Tipo\r\nasignatura<\/span><\/th>\r\n<\/tr>\r\n<tr>\r\n<td><a href=\"http:\/\/www.unileon.es\/estudiantes\/estudios\/oferta-de-estudios20112012?id=0203133&amp;curso=2011\">Fundamentos de antropolog\u00eda aplicada<\/a><\/td>\r\n<td>Troncal<\/td>\r\n<\/tr>\r\n<tr>\r\n<td><a href=\"http:\/\/www.unileon.es\/estudiantes\/estudios\/oferta-de-estudios20112012?id=0203134&amp;curso=2011\">Fundamentos de biolog\u00eda celular aplicada<\/a><\/td>\r\n<td>Troncal<\/td>\r\n<\/tr>\r\n<tr>\r\n<td><a href=\"http:\/\/www.unileon.es\/estudiantes\/estudios\/oferta-de-estudios20112012?id=0203135&amp;curso=2011\">Fundamentos de bioqu\u00edmica y\r\nbiolog\u00eda molecular aplicada<\/a><\/td>\r\n<td>Troncal<\/td>\r\n<\/tr>\r\n<tr>\r\n<td><a href=\"http:\/\/www.unileon.es\/estudiantes\/estudios\/oferta-de-estudios20112012?id=0203136&amp;curso=2011\">Fundamentos de gen\u00e9tica aplicada<\/a><\/td>\r\n<td>Troncal<\/td>\r\n<\/tr>\r\n<tr>\r\n<td><a href=\"http:\/\/www.unileon.es\/estudiantes\/estudios\/oferta-de-estudios20112012?id=0203137&amp;curso=2011\">Fundamentos de microbiolog\u00eda aplicada<\/a><\/td>\r\n<td>Troncal<\/td>\r\n<\/tr>\r\n<tr bgcolor=\"#0101df\">\r\n<th><span style=\"color: #0080ff\">2<sup>o<\/sup> Cuatrimestre &#8211; Asignaturas <\/span><\/th>\r\n<th><\/th>\r\n<\/tr>\r\n<tr>\r\n<td><a href=\"http:\/\/www.unileon.es\/estudiantes\/estudios\/oferta-de-estudios20112012?id=0203138&amp;curso=2011\">Fundamentos de bot\u00e1nica aplicada<\/a><\/td>\r\n<td>Troncal<\/td>\r\n<\/tr>\r\n<tr>\r\n<td><a href=\"http:\/\/www.unileon.es\/estudiantes\/estudios\/oferta-de-estudios20112012?id=0203139&amp;curso=2011\">Fundamentos de ecolog\u00eda aplicada<\/a><\/td>\r\n<td>Troncal<\/td>\r\n<\/tr>\r\n<tr>\r\n<td><a href=\"http:\/\/www.unileon.es\/estudiantes\/estudios\/oferta-de-estudios20112012?id=0203140&amp;curso=2011\">Fundamentos de fisiolog\u00eda animal aplicada<\/a><\/td>\r\n<td>Troncal<\/td>\r\n<\/tr>\r\n<tr>\r\n<td><a href=\"http:\/\/www.unileon.es\/estudiantes\/estudios\/oferta-de-estudios20112012?id=0203141&amp;curso=2011\">Fundamentos de fisiolog\u00eda vegetal aplicada<\/a><\/td>\r\n<td>Troncal<\/td>\r\n<\/tr>\r\n<tr>\r\n<td><a href=\"http:\/\/www.unileon.es\/estudiantes\/estudios\/oferta-de-estudios20112012?id=0203142&amp;curso=2011\">Fundamentos de zoolog\u00eda aplicada<\/a><\/td>\r\n<td>Troncal<\/td>\r\n<\/tr>\r\n<\/tbody>\r\n<\/table>\r\n<table>\r\n<tbody>\r\n<tr>\r\n<th colspan=\"2\" align=\"center\"><span style=\"color: #0101df\"> \u00a0 \u00a0 \u00a0 \u00a0 \u00a0 \u00a0 \u00a0 \u00a0 \u00a0 \u00a0 \u00a0 \u00a0 \u00a0 \u00a0 \u00a0 \u00a0 \u00a0 \u00a0 \u00a0 \u00a0 \u00a0 \u00a0 \u00a0 \u00a0 Quinto curso \u00a0 \u00a0 \u00a0 \u00a0 \u00a0 \u00a0 \u00a0 \u00a0 \u00a0 \u00a0 \u00a0 \u00a0 \u00a0 \u00a0 \u00a0 \u00a0 \u00a0 \u00a0 \u00a0 \u00a0 \u00a0 \u00a0 \u00a0 \u00a0 <\/span><\/th>\r\n<\/tr>\r\n<tr bgcolor=\"#0101df\">\r\n<th><span style=\"color: #0080ff\">1<sup>er<\/sup> Cuatrimestre &#8211; Asignaturas \u00a0 \u00a0 \u00a0 \u00a0 \u00a0 \u00a0 \u00a0 \u00a0 <\/span><\/th>\r\n<th><span style=\"color: #0080ff\">Tipo\r\nasignatura<\/span><\/th>\r\n<\/tr>\r\n<tr>\r\n<td><a href=\"http:\/\/www.unileon.es\/estudiantes\/estudios\/oferta-de-estudios20112012?id=0203143&amp;curso=2011\">Cartograf\u00eda del medio natural<\/a><\/td>\r\n<td>Optativa<\/td>\r\n<\/tr>\r\n<tr>\r\n<td><a href=\"http:\/\/www.unileon.es\/estudiantes\/estudios\/oferta-de-estudios20112012?id=0203144&amp;curso=2011\">Entomolog\u00eda aplicada<\/a><\/td>\r\n<td>Optativa<\/td>\r\n<\/tr>\r\n<tr>\r\n<td><a href=\"http:\/\/www.unileon.es\/estudiantes\/estudios\/oferta-de-estudios20112012?id=0203145&amp;curso=2011\">Etolog\u00eda<\/a><\/td>\r\n<td>Optativa<\/td>\r\n<\/tr>\r\n<tr>\r\n<td><a href=\"http:\/\/www.unileon.es\/estudiantes\/estudios\/oferta-de-estudios20112012?id=0203146&amp;curso=2011\">Fisiolog\u00eda ambiental de las plantas<\/a><\/td>\r\n<td>Optativa<\/td>\r\n<\/tr>\r\n<tr>\r\n<td><a href=\"http:\/\/www.unileon.es\/estudiantes\/estudios\/oferta-de-estudios20112012?id=0203147&amp;curso=2011\">Fitosociolog\u00eda<\/a><\/td>\r\n<td>Optativa<\/td>\r\n<\/tr>\r\n<tr>\r\n<td><a href=\"http:\/\/www.unileon.es\/estudiantes\/estudios\/oferta-de-estudios20112012?id=0203148&amp;curso=2011\">Gesti\u00f3n de ecosistemas<\/a><\/td>\r\n<td>Optativa<\/td>\r\n<\/tr>\r\n<tr>\r\n<td><a href=\"http:\/\/www.unileon.es\/estudiantes\/estudios\/oferta-de-estudios20112012?id=0203149&amp;curso=2011\">Introducci\u00f3n a la filosof\u00eda de la biologia:\r\nconeptos metedol\u00f3gicos y ontol\u00f3gicos<\/a><\/td>\r\n<td>Optativa<\/td>\r\n<\/tr>\r\n<tr>\r\n<td><a href=\"http:\/\/www.unileon.es\/estudiantes\/estudios\/oferta-de-estudios20112012?id=0203150&amp;curso=2011\">Proyectos en biolog\u00eda<\/a><\/td>\r\n<td>Optativa<\/td>\r\n<\/tr>\r\n<tr>\r\n<td><a href=\"http:\/\/www.unileon.es\/estudiantes\/estudios\/oferta-de-estudios20112012?id=0203151&amp;curso=2011\">Taxonom\u00eda y evoluci\u00f3n vegetal<\/a><\/td>\r\n<td>Optativa<\/td>\r\n<\/tr>\r\n<tr>\r\n<td><a href=\"http:\/\/www.unileon.es\/estudiantes\/estudios\/oferta-de-estudios20112012?id=0203152&amp;curso=2011\">Zoogeograf\u00eda general y aplicada<\/a><\/td>\r\n<td>Optativa<\/td>\r\n<\/tr>\r\n<tr>\r\n<td><a href=\"http:\/\/www.unileon.es\/estudiantes\/estudios\/oferta-de-estudios20112012?id=0203165&amp;curso=2011\">Biolog\u00eda del desallorro<\/a><\/td>\r\n<td>Optativa<\/td>\r\n<\/tr>\r\n<tr>\r\n<td><a href=\"http:\/\/www.unileon.es\/estudiantes\/estudios\/oferta-de-estudios20112012?id=0203166&amp;curso=2011\">Enzimolog\u00eda<\/a><\/td>\r\n<td>Optativa<\/td>\r\n<\/tr>\r\n<tr>\r\n<td><a href=\"http:\/\/www.unileon.es\/estudiantes\/estudios\/oferta-de-estudios20112012?id=0203167&amp;curso=2011\">Fisiopatolog\u00eda<\/a><\/td>\r\n<td>Optativa<\/td>\r\n<\/tr>\r\n<tr>\r\n<td><a href=\"http:\/\/www.unileon.es\/estudiantes\/estudios\/oferta-de-estudios20112012?id=0203168&amp;curso=2011\">Gen\u00e9tica humana<\/a><\/td>\r\n<td>Optativa<\/td>\r\n<\/tr>\r\n<tr>\r\n<td><a href=\"http:\/\/www.unileon.es\/estudiantes\/estudios\/oferta-de-estudios20112012?id=0203169&amp;curso=2011\">Metabol\u00edsmo secundario vegetal<\/a><\/td>\r\n<td>Optativa<\/td>\r\n<\/tr>\r\n<tr>\r\n<td><a href=\"http:\/\/www.unileon.es\/estudiantes\/estudios\/oferta-de-estudios20112012?id=0203170&amp;curso=2011\">Microbiolog\u00eda industrial y biotecnolog\u00eda<\/a><\/td>\r\n<td>Optativa<\/td>\r\n<\/tr>\r\n<tr>\r\n<td><a href=\"http:\/\/www.unileon.es\/estudiantes\/estudios\/oferta-de-estudios20112012?id=0203171&amp;curso=2011\">Neurobiolog\u00eda<\/a><\/td>\r\n<td>Optativa<\/td>\r\n<\/tr>\r\n<tr bgcolor=\"#0101df\">\r\n<th><span style=\"color: #0080ff\">2<sup>o<\/sup> Cuatrimestre &#8211; Asignaturas <\/span><\/th>\r\n<th><\/th>\r\n<\/tr>\r\n<tr>\r\n<td><a href=\"http:\/\/www.unileon.es\/estudiantes\/estudios\/oferta-de-estudios20112012?id=0203153&amp;curso=2011\">Complemento de an\u00e1lisis estad\u00edstico<\/a><\/td>\r\n<td>Optativa<\/td>\r\n<\/tr>\r\n<tr>\r\n<td><a href=\"http:\/\/www.unileon.es\/estudiantes\/estudios\/oferta-de-estudios20112012?id=0203154&amp;curso=2011\">Ecosistemas terrestres<\/a><\/td>\r\n<td>Optativa<\/td>\r\n<\/tr>\r\n<tr>\r\n<td><a href=\"http:\/\/www.unileon.es\/estudiantes\/estudios\/oferta-de-estudios20112012?id=0203155&amp;curso=2011\">Filogenia y taxonomia animal<\/a><\/td>\r\n<td>Optativa<\/td>\r\n<\/tr>\r\n<tr>\r\n<td><a href=\"http:\/\/www.unileon.es\/estudiantes\/estudios\/oferta-de-estudios20112012?id=0203156&amp;curso=2011\">Fisiolog\u00eda adaptativa<\/a><\/td>\r\n<td>Optativa<\/td>\r\n<\/tr>\r\n<tr>\r\n<td><a href=\"http:\/\/www.unileon.es\/estudiantes\/estudios\/oferta-de-estudios20112012?id=0203157&amp;curso=2011\">Fitogeograf\u00eda<\/a><\/td>\r\n<td>Optativa<\/td>\r\n<\/tr>\r\n<tr>\r\n<td><a href=\"http:\/\/www.unileon.es\/estudiantes\/estudios\/oferta-de-estudios20112012?id=0203158&amp;curso=2011\">Geograf\u00eda ambiental<\/a><\/td>\r\n<td>Optativa<\/td>\r\n<\/tr>\r\n<tr>\r\n<td><a href=\"http:\/\/www.unileon.es\/estudiantes\/estudios\/oferta-de-estudios20112012?id=0203159&amp;curso=2011\">Gesti\u00f3n y manejo de vida silvestre,\r\ncaza y pesca continental<\/a><\/td>\r\n<td>Optativa<\/td>\r\n<\/tr>\r\n<tr>\r\n<td><a href=\"http:\/\/www.unileon.es\/estudiantes\/estudios\/oferta-de-estudios20112012?id=0203160&amp;curso=2011\">Limnologia<\/a><\/td>\r\n<td>Optativa<\/td>\r\n<\/tr>\r\n<tr>\r\n<td><a href=\"http:\/\/www.unileon.es\/estudiantes\/estudios\/oferta-de-estudios20112012?id=0203161&amp;curso=2011\">Paleontolog\u00eda<\/a><\/td>\r\n<td>Optativa<\/td>\r\n<\/tr>\r\n<tr>\r\n<td><a href=\"http:\/\/www.unileon.es\/estudiantes\/estudios\/oferta-de-estudios20112012?id=0203162&amp;curso=2011\">Palinolog\u00eda<\/a><\/td>\r\n<td>Optativa<\/td>\r\n<\/tr>\r\n<tr>\r\n<td><a href=\"http:\/\/www.unileon.es\/estudiantes\/estudios\/oferta-de-estudios20112012?id=0203163&amp;curso=2011\">Procesos de hominizaci\u00f3n<\/a><\/td>\r\n<td>Optativa<\/td>\r\n<\/tr>\r\n<tr>\r\n<td><a href=\"http:\/\/www.unileon.es\/estudiantes\/estudios\/oferta-de-estudios20112012?id=0203164&amp;curso=2011\">Zoolog\u00eda marina aplicada<\/a><\/td>\r\n<td>Optativa<\/td>\r\n<\/tr>\r\n<tr>\r\n<td><a href=\"http:\/\/www.unileon.es\/estudiantes\/estudios\/oferta-de-estudios20112012?id=0203172&amp;curso=2011\">Biolog\u00eda celular<\/a><\/td>\r\n<td>Optativa<\/td>\r\n<\/tr>\r\n<tr>\r\n<td><a href=\"http:\/\/www.unileon.es\/estudiantes\/estudios\/oferta-de-estudios20112012?id=0203173&amp;curso=2011\">Gen\u00e9tica molecular<\/a><\/td>\r\n<td>Optativa<\/td>\r\n<\/tr>\r\n<tr>\r\n<td><a href=\"http:\/\/www.unileon.es\/estudiantes\/estudios\/oferta-de-estudios20112012?id=0203174&amp;curso=2011\">Gen\u00e9tica vegetal<\/a><\/td>\r\n<td>Optativa<\/td>\r\n<\/tr>\r\n<tr>\r\n<td><a href=\"http:\/\/www.unileon.es\/estudiantes\/estudios\/oferta-de-estudios20112012?id=0203175&amp;curso=2011\">Ingenier\u00eda gen\u00e9tica de microorgan\u00edsmos<\/a><\/td>\r\n<td>Optativa<\/td>\r\n<\/tr>\r\n<tr>\r\n<td><a href=\"http:\/\/www.unileon.es\/estudiantes\/estudios\/oferta-de-estudios20112012?id=0203176&amp;curso=2011\">Inmunobiolog\u00eda y patogenicidad microbiana<\/a><\/td>\r\n<td>Optativa<\/td>\r\n<\/tr>\r\n<tr>\r\n<td><a href=\"http:\/\/www.unileon.es\/estudiantes\/estudios\/oferta-de-estudios20112012?id=0203177&amp;curso=2011\">Patolog\u00eda molecular<\/a><\/td>\r\n<td>Optativa<\/td>\r\n<\/tr>\r\n<tr>\r\n<td><a href=\"http:\/\/www.unileon.es\/estudiantes\/estudios\/oferta-de-estudios20112012?id=0203178&amp;curso=2011\">T\u00e9cnicas instrumentales bioqu\u00edmicas<\/a><\/td>\r\n<td>Optativa<\/td>\r\n<\/tr>\r\n<tr>\r\n<td><a href=\"http:\/\/www.unileon.es\/estudiantes\/estudios\/oferta-de-estudios20112012?id=0203179&amp;curso=2011\">Virolog\u00eda<\/a><\/td>\r\n<td>Optativa<\/td>\r\n<\/tr>\r\n<\/tbody>\r\n<\/table>\r\n<h4><a href=\"http:\/\/www.unileon.es\/estudiantes\/estudios\/oferta-de-estudios20112012?titula=0203\">Cursos sin Docencia<\/a><\/h4>\r\n<\/div>\r\n&nbsp;\r\n<div align=\"center\"><a href=\"http:\/\/centros.unileon.es\/biologia\/\">Inicio<\/a><\/div>","protected":false},"excerpt":{"rendered":"<p>Programas de Asignaturas \u00a0 \u00a0 \u00a0 \u00a0 \u00a0 \u00a0 \u00a0 \u00a0 \u00a0 \u00a0 \u00a0 \u00a0 \u00a0 \u00a0 \u00a0 \u00a0 \u00a0 \u00a0 \u00a0 \u00a0 \u00a0 \u00a0 \u00a0 \u00a0 Cuarto curso \u00a0 \u00a0 \u00a0 \u00a0 \u00a0 \u00a0 \u00a0 \u00a0 \u00a0 \u00a0 \u00a0 \u00a0 \u00a0 \u00a0 \u00a0 \u00a0 \u00a0 \u00a0 \u00a0 \u00a0 \u00a0 \u00a0 \u00a0 \u00a0 1er Cuatrimestre [&hellip;]<\/p>\n","protected":false},"author":3,"featured_media":0,"parent":0,"menu_order":0,"comment_status":"closed","ping_status":"open","template":"","meta":{"footnotes":""},"class_list":["post-1167","page","type-page","status-publish","hentry"],"_links":{"self":[{"href":"https:\/\/centros.unileon.es\/biologia\/wp-json\/wp\/v2\/pages\/1167","targetHints":{"allow":["GET"]}}],"collection":[{"href":"https:\/\/centros.unileon.es\/biologia\/wp-json\/wp\/v2\/pages"}],"about":[{"href":"https:\/\/centros.unileon.es\/biologia\/wp-json\/wp\/v2\/types\/page"}],"author":[{"embeddable":true,"href":"https:\/\/centros.unileon.es\/biologia\/wp-json\/wp\/v2\/users\/3"}],"replies":[{"embeddable":true,"href":"https:\/\/centros.unileon.es\/biologia\/wp-json\/wp\/v2\/comments?post=1167"}],"version-history":[{"count":56,"href":"https:\/\/centros.unileon.es\/biologia\/wp-json\/wp\/v2\/pages\/1167\/revisions"}],"predecessor-version":[{"id":5295,"href":"https:\/\/centros.unileon.es\/biologia\/wp-json\/wp\/v2\/pages\/1167\/revisions\/5295"}],"wp:attachment":[{"href":"https:\/\/centros.unileon.es\/biologia\/wp-json\/wp\/v2\/media?parent=1167"}],"curies":[{"name":"wp","href":"https:\/\/api.w.org\/{rel}","templated":true}]}}