{"id":1139,"date":"2011-05-30T08:26:09","date_gmt":"2011-05-30T08:26:09","guid":{"rendered":"http:\/\/centros.unileon.es\/biologia\/?page_id=1139"},"modified":"2020-01-27T11:51:22","modified_gmt":"2020-01-27T11:51:22","slug":"grado-en-biotecnologia-informacion","status":"publish","type":"page","link":"https:\/\/centros.unileon.es\/biologia\/grado-en-biotecnologia-informacion\/","title":{"rendered":"Grado en Biotecnolog\u00eda: Informaci\u00f3n."},"content":{"rendered":"<div align=\"center\"><a href=\"\/\/centros.unileon.es\/biologia\/files\/2011\/06\/Dibujo_San_Alberto_2012.jpg\"><img loading=\"lazy\" decoding=\"async\" class=\"size-full wp-image-3241 aligncenter\" src=\"\/\/centros.unileon.es\/biologia\/files\/2011\/06\/Dibujo_San_Alberto_2012.jpg\" alt=\"\" width=\"400\" height=\"300\" \/><\/a><\/div>\r\n<h2>Calendario escolar<\/h2>\r\n<ul>\r\n\t<li>\r\n<h4 style=\"text-align: justify;\"><a href=\"\/\/centros.unileon.es\/biologia\/files\/2019\/07\/Calendario-OFICIAL-FCCBA-2019_2020.pdf\"><strong style=\"font-size: 16px;\"><span style=\"color: #800000;\"><span style=\"color: #000000;\">Calendario escolar 2019-20. <\/span><\/span><\/strong><\/a><span style=\"color: #800000;\"><span style=\"color: #000000;\">(Comienzo de las clases el d\u00eda 09\/09\/2019 salvo los alumnos de PRIMER CURSO que comienzan el d\u00eda 04\/09\/2019).<\/span><\/span><\/h4>\r\n<\/li>\r\n<\/ul>\r\n<h2>Aulas disponibles para la docencia<\/h2>\r\n<ul>\r\n\t<li><a href=\"\/\/centros.unileon.es\/biologia\/files\/2019\/07\/FCCBA_Distribucion_aulas_2019.pdf\">AULAS DOCENCIA 2019\/2020.<\/a><\/li>\r\n<\/ul>\r\n<ul>\r\n\t<li><span style=\"color: #800000;\"><strong>Acceso al gestor de aulas de la Facultad<\/strong><\/span><a href=\"\/\/severoochoa1.unileon.es\/aulas\/day.php?area=2&amp;room=18\"> (CONSULTAR EL SEVEROOCHOA PINCHANDO AQU\u00cd)<\/a><\/li>\r\n<\/ul>\r\n<h2>Agendas de Actividades<\/h2>\r\n<ul>\r\n\t<li><a href=\"\/\/centros.unileon.es\/biologia\/files\/2019\/07\/Jornada-de-acogida-y-presentacion-2019_2020.pdf\">Jornada de Acogida y Presentaci\u00f3n Primer Curso de los tres Grados 2019\/2020<\/a>.<\/li>\r\n\t<li><span style=\"color: #800000;\"><a href=\"\/\/centros.unileon.es\/biologia\/agendas-biotecnologia-1er-semestre\/\">Agendas aprobadas en la Junta de Facultad.<\/a> <strong>Comprobad las Agendas de Actividades en el apartado Agendas (Google Calendar) ya que es donde se encuentran las versiones m\u00e1s actualizadas.<\/strong><\/span><\/li>\r\n<\/ul>\r\n<div align=\"center\">\u00a0<\/div>\r\n<h2>Calendario de evaluaci\u00f3n<\/h2>\r\n<ul>\r\n\t<li><a href=\"https:\/\/centros.unileon.es\/biologia\/files\/2020\/01\/IMPRESO-2.-Plantilla_Convocatoria-Extraordinaria_Curso-2019_2020_cambios-1.pdf\">Cuadro-horario de ex\u00e1menes de la Segunda Convocatoria Ordinaria. Curso 2019-20.<\/a><\/li>\r\n<\/ul>\r\n<h2>Organizaci\u00f3n docente<\/h2>\r\n<ul>\r\n\t<li><strong>Coordinador del Grado en Biotecnolog\u00eda:<\/strong> <a href=\"\/\/centros.unileon.es\/biologia\/mluz-centeno-martin\/\">D\u00f1a. M\u00aa Luz Centeno Mart\u00edn<\/a><\/li>\r\n<\/ul>\r\n<ul>\r\n\t<li><strong>Comisi\u00f3n de Coordinaci\u00f3n:<\/strong>\u00a0Comisi\u00f3n de Coordinaci\u00f3n del T\u00edtulo en Biotecnolog\u00eda 2018-2019.<\/li>\r\n<\/ul>\r\n<ul>\r\n\t<li><a href=\"\/\/centros.unileon.es\/biologia\/files\/2019\/07\/COORDINADORES-DE-CURSO-2019_2020.pdf\">COORDINADORES DE CURSO 2019\/2020<\/a><\/li>\r\n<\/ul>\r\n<ul>\r\n\t<li><a href=\"\/\/centros.unileon.es\/biologia\/files\/2019\/02\/DELEGADOS-Curso-2018-2019.pdf\">DELEGADOS DE CURSO 2018-2019<\/a><\/li>\r\n<\/ul>\r\n<ul>\r\n\t<li><strong>Profesores responsables:<\/strong>PROFESORES responsables BIOTECNOLOG\u00cdA- 2017-2018_incluyendo correos electr\u00f3nicos<\/li>\r\n<\/ul>\r\n<h2>Asignaturas<\/h2>\r\n<div align=\"center\">\r\n<table border=\"1\">\r\n<tbody>\r\n<tr>\r\n<th align=\"center\"><span style=\"color: #0101df;\"> Primer curso <\/span><\/th>\r\n<\/tr>\r\n<tr bgcolor=\"#0101df\">\r\n<th width=\"400\"><span style=\"color: #0080ff;\">1<sup>er<\/sup> Semestre &#8211; Asignaturas <\/span><\/th>\r\n<\/tr>\r\n<tr>\r\n<td>F\u00edsica<\/td>\r\n<\/tr>\r\n<tr>\r\n<td>Matem\u00e1ticas<\/td>\r\n<\/tr>\r\n<tr>\r\n<td>Qu\u00edmica<\/td>\r\n<\/tr>\r\n<tr>\r\n<td>T\u00e9cnicas instrumentales I<\/td>\r\n<\/tr>\r\n<tr bgcolor=\"#0101df\">\r\n<th><span style=\"color: #0080ff;\">2<sup>o<\/sup> Semestre &#8211; Asignaturas <\/span><\/th>\r\n<\/tr>\r\n<tr>\r\n<td>Biolog\u00eda animal y vegetal<\/td>\r\n<\/tr>\r\n<tr>\r\n<td>Citolog\u00eda e Histolog\u00eda<\/td>\r\n<\/tr>\r\n<tr>\r\n<td>Estad\u00edstica<\/td>\r\n<\/tr>\r\n<tr>\r\n<td>Inform\u00e1tica<\/td>\r\n<\/tr>\r\n<tr>\r\n<td>Qu\u00edmica org\u00e1nica<\/td>\r\n<\/tr>\r\n<\/tbody>\r\n<\/table>\r\n<table border=\"1\">\r\n<tbody>\r\n<tr>\r\n<th align=\"center\"><span style=\"color: #0101df;\"> Segundo curso <\/span><\/th>\r\n<\/tr>\r\n<tr>\r\n<th width=\"400\"><span style=\"color: #0080ff;\">1<sup>er<\/sup> Semestre &#8211; Asignaturas <\/span><\/th>\r\n<\/tr>\r\n<tr>\r\n<td>Biolog\u00eda Celular<\/td>\r\n<\/tr>\r\n<tr>\r\n<td>Bioqu\u00edmica<\/td>\r\n<\/tr>\r\n<tr>\r\n<td>Fisiolog\u00eda Animal<\/td>\r\n<\/tr>\r\n<tr>\r\n<td>Gen\u00e9tica<\/td>\r\n<\/tr>\r\n<tr>\r\n<td>Termodin\u00e1mica y Cin\u00e9tica Qu\u00edmicas<\/td>\r\n<\/tr>\r\n<tr bgcolor=\"#0101df\">\r\n<th><span style=\"color: #0080ff;\">2<sup>o<\/sup> Semestre &#8211; Asignaturas <\/span><\/th>\r\n<\/tr>\r\n<tr>\r\n<td>Bases de Ingenier\u00eda<\/td>\r\n<\/tr>\r\n<tr>\r\n<td>Fisiolog\u00eda Vegetal<\/td>\r\n<\/tr>\r\n<tr>\r\n<td>Fluidos y Transferencia de Energ\u00eda<\/td>\r\n<\/tr>\r\n<tr>\r\n<td>Gen\u00e9tica Molecular<\/td>\r\n<\/tr>\r\n<tr>\r\n<td>Microbiolog\u00eda<\/td>\r\n<\/tr>\r\n<tr>\r\n<td>Modelos Matem\u00e1ticos, Redes Neuronales<br \/>\r\ny Algor\u00edtmos Gen\u00e9ticos<\/td>\r\n<\/tr>\r\n<\/tbody>\r\n<\/table>\r\n<table border=\"1\">\r\n<tbody>\r\n<tr>\r\n<th align=\"center\"><span style=\"color: #0101df;\"> Tercer curso <\/span><\/th>\r\n<\/tr>\r\n<tr bgcolor=\"#0101df\">\r\n<th width=\"400\"><span style=\"color: #0080ff;\">1<sup>er<\/sup> Semestre &#8211; Asignaturas <\/span><\/th>\r\n<\/tr>\r\n<tr>\r\n<td>Bioinform\u00e1tica<\/td>\r\n<\/tr>\r\n<tr>\r\n<td>Biorreactores<\/td>\r\n<\/tr>\r\n<tr>\r\n<td>Econom\u00eda de la Empresa<br \/>\r\ny Gesti\u00f3n de la Innovaci\u00f3n<\/td>\r\n<\/tr>\r\n<tr>\r\n<td>Gen\u00f3mica<\/td>\r\n<\/tr>\r\n<tr>\r\n<td>Inmunolog\u00eda<\/td>\r\n<\/tr>\r\n<tr>\r\n<td>Procesos de Separaci\u00f3n<\/td>\r\n<\/tr>\r\n<tr bgcolor=\"#0101df\">\r\n<td><span style=\"color: #0080ff;\">2<sup>o<\/sup> Semestre &#8211; Asignaturas <\/span><\/td>\r\n<\/tr>\r\n<tr>\r\n<td>Biotecnolog\u00eda Vegetal<\/td>\r\n<\/tr>\r\n<tr>\r\n<td>Cultivos Celulares<\/td>\r\n<\/tr>\r\n<tr>\r\n<td>Ingenier\u00eda Gen\u00e9tica Molecular<\/td>\r\n<\/tr>\r\n<tr>\r\n<td>Medicina Molecular<\/td>\r\n<\/tr>\r\n<tr>\r\n<td>Modificaci\u00f3n Gen\u00e9tica en Animales<\/td>\r\n<\/tr>\r\n<tr>\r\n<td>T\u00e9cnicas Instrumentales II<\/td>\r\n<\/tr>\r\n<\/tbody>\r\n<\/table>\r\n<table border=\"1\">\r\n<tbody>\r\n<tr>\r\n<th align=\"center\"><span style=\"color: #0101df;\"> Cuarto curso <\/span><\/th>\r\n<\/tr>\r\n<tr bgcolor=\"#0101df\">\r\n<th width=\"400\"><span style=\"color: #0080ff;\">Asignaturas Anuales<\/span><\/th>\r\n<\/tr>\r\n<tr>\r\n<td>Trabajo Fin de Grado<\/td>\r\n<\/tr>\r\n<tr bgcolor=\"#0101df\">\r\n<th width=\"400\"><span style=\"color: #0080ff;\">1<sup>er<\/sup> Semestre &#8211; Asignaturas<\/span><\/th>\r\n<\/tr>\r\n<tr>\r\n<td>Aspectos Legales y Sociales en Biotecnolog\u00eda<\/td>\r\n<\/tr>\r\n<tr>\r\n<td>Microbiolog\u00eda Industrial<\/td>\r\n<\/tr>\r\n<tr>\r\n<td>Virolog\u00eda<\/td>\r\n<\/tr>\r\n<tr>\r\n<td>Asignaturas Optativas<\/td>\r\n<\/tr>\r\n<tr bgcolor=\"#0101df\">\r\n<th><span style=\"color: #0080ff;\">2<sup>o<\/sup> Semestre &#8211; Asignaturas <\/span><\/th>\r\n<\/tr>\r\n<tr>\r\n<td>Prote\u00f3mica e Ingenier\u00eda de Prote\u00ednas<\/td>\r\n<\/tr>\r\n<tr>\r\n<td>Procesos Biotecnol\u00f3gicos<\/td>\r\n<\/tr>\r\n<tr>\r\n<td>Asignaturas Optativas<\/td>\r\n<\/tr>\r\n<\/tbody>\r\n<\/table>\r\n<table>\r\n<tbody>\r\n<tr>\r\n<th align=\"center\" width=\"400\"><span style=\"color: #2e2efe;\">Asignaturas Optativas<\/span><\/th>\r\n<\/tr>\r\n<\/tbody>\r\n<\/table>\r\n<table>\r\n<tbody>\r\n<tr>\r\n<th width=\"300\"><span style=\"color: #0080ff;\">1<sup>er<\/sup> Semestre<\/span><\/th>\r\n<\/tr>\r\n<tr>\r\n<td>Pr\u00e1cticas Externas I<\/td>\r\n<\/tr>\r\n<tr>\r\n<td>Biotecnolog\u00eda alimentaria<\/td>\r\n<\/tr>\r\n<tr>\r\n<td>Biotecnolog\u00eda de la reproducci\u00f3n<\/td>\r\n<\/tr>\r\n<tr>\r\n<td>Creaci\u00f3n de empresas biotecnol\u00f3gicas<\/td>\r\n<\/tr>\r\n<tr>\r\n<td>Manipulaci\u00f3n y Bienestar de animales de experimentaci\u00f3n<\/td>\r\n<\/tr>\r\n<tr>\r\n<td>Productos biotecnol\u00f3gicos de plantas<\/td>\r\n<\/tr>\r\n<tr>\r\n<td>Radiaciones y aplicaciones biotecnol\u00f3gicas<\/td>\r\n<\/tr>\r\n<tr>\r\n<td>T\u00e9cnicas aplicadas a la propagaci\u00f3n y conservaci\u00f3n de plantas<\/td>\r\n<\/tr>\r\n<tr>\r\n<td>T\u00e9cnicas Moleculares Aplicadas a la Mejora Gen\u00e9tica<\/td>\r\n<\/tr>\r\n<\/tbody>\r\n<\/table>\r\n<table>\r\n<tbody>\r\n<tr>\r\n<th width=\"300\"><span style=\"color: #0080ff;\">2<sup>o<\/sup> Semestre<\/span><\/th>\r\n<\/tr>\r\n<tr>\r\n<td>Pr\u00e1cticas Externas II<\/td>\r\n<\/tr>\r\n<tr>\r\n<td>Aplicaciones de la transg\u00e9nesis animal<\/td>\r\n<\/tr>\r\n<tr>\r\n<td>Bio\u00e9tica<\/td>\r\n<\/tr>\r\n<tr>\r\n<td>Biotecnolog\u00eda ambiental<\/td>\r\n<\/tr>\r\n<tr>\r\n<td>Enzimolog\u00eda y Aplicaciones Biotecnol\u00f3gicas de Enzimas<\/td>\r\n<\/tr>\r\n<tr>\r\n<td>Farmacol\u00f3gia aplicada a la biotecnolog\u00eda<\/td>\r\n<\/tr>\r\n<tr>\r\n<td>Metabolitos microbianos<\/td>\r\n<\/tr>\r\n<tr>\r\n<td>Regulaci\u00f3n de la expresi\u00f3n g\u00e9nica en Eucariontes<\/td>\r\n<\/tr>\r\n<\/tbody>\r\n<\/table>\r\n<\/div>\r\n<div>\r\n<p>&nbsp;<\/p>\r\n<div align=\"center\"><a href=\"\/\/centros.unileon.es\/biologia\/\">Inicio<\/a><\/div>\r\n<\/div>","protected":false},"excerpt":{"rendered":"<p>Calendario escolar Calendario escolar 2019-20. (Comienzo de las clases el d\u00eda 09\/09\/2019 salvo los alumnos de PRIMER CURSO que comienzan el d\u00eda 04\/09\/2019). Aulas disponibles para la docencia AULAS DOCENCIA 2019\/2020. Acceso al gestor de aulas de la Facultad (CONSULTAR EL SEVEROOCHOA PINCHANDO AQU\u00cd) Agendas de Actividades Jornada de Acogida y Presentaci\u00f3n Primer Curso de [&hellip;]<\/p>\n","protected":false},"author":3,"featured_media":0,"parent":0,"menu_order":0,"comment_status":"closed","ping_status":"open","template":"","meta":{"footnotes":""},"class_list":["post-1139","page","type-page","status-publish","hentry"],"_links":{"self":[{"href":"https:\/\/centros.unileon.es\/biologia\/wp-json\/wp\/v2\/pages\/1139","targetHints":{"allow":["GET"]}}],"collection":[{"href":"https:\/\/centros.unileon.es\/biologia\/wp-json\/wp\/v2\/pages"}],"about":[{"href":"https:\/\/centros.unileon.es\/biologia\/wp-json\/wp\/v2\/types\/page"}],"author":[{"embeddable":true,"href":"https:\/\/centros.unileon.es\/biologia\/wp-json\/wp\/v2\/users\/3"}],"replies":[{"embeddable":true,"href":"https:\/\/centros.unileon.es\/biologia\/wp-json\/wp\/v2\/comments?post=1139"}],"version-history":[{"count":129,"href":"https:\/\/centros.unileon.es\/biologia\/wp-json\/wp\/v2\/pages\/1139\/revisions"}],"predecessor-version":[{"id":9687,"href":"https:\/\/centros.unileon.es\/biologia\/wp-json\/wp\/v2\/pages\/1139\/revisions\/9687"}],"wp:attachment":[{"href":"https:\/\/centros.unileon.es\/biologia\/wp-json\/wp\/v2\/media?parent=1139"}],"curies":[{"name":"wp","href":"https:\/\/api.w.org\/{rel}","templated":true}]}}