{"id":1109,"date":"2011-05-20T09:40:45","date_gmt":"2011-05-20T09:40:45","guid":{"rendered":"http:\/\/centros.unileon.es\/biologia\/?page_id=1109"},"modified":"2020-01-27T11:50:38","modified_gmt":"2020-01-27T11:50:38","slug":"grado-en-biologia-informacion","status":"publish","type":"page","link":"https:\/\/centros.unileon.es\/biologia\/grado-en-biologia-informacion\/","title":{"rendered":"Grado en Biolog\u00eda: Informaci\u00f3n."},"content":{"rendered":"<div align=\"center\"><img loading=\"lazy\" decoding=\"async\" class=\"aligncenter size-medium wp-image-2951\" src=\"\/\/centros.unileon.es\/biologia\/files\/2011\/04\/San-Alberto-Magno-2010-268x300.jpg\" alt=\"San Alberto Magno 2010\" width=\"268\" height=\"300\" srcset=\"https:\/\/centros.unileon.es\/biologia\/files\/2011\/04\/San-Alberto-Magno-2010-268x300.jpg 268w, https:\/\/centros.unileon.es\/biologia\/files\/2011\/04\/San-Alberto-Magno-2010.jpg 563w\" sizes=\"auto, (max-width: 268px) 100vw, 268px\" \/><\/div>\r\n<h2>Calendario escolar<\/h2>\r\n<ul>\r\n\t<li>\r\n<h4 style=\"text-align: justify;\"><a href=\"\/\/centros.unileon.es\/biologia\/files\/2019\/07\/Calendario-OFICIAL-FCCBA-2019_2020.pdf\"><strong><span style=\"color: #800000;\"><span style=\"color: #000000;\">Calendario escolar 2019-20. <\/span><\/span><\/strong><\/a><span style=\"color: #800000;\"><span style=\"color: #000000;\">(Comienzo de las clases el d\u00eda 09\/09\/2019 salvo los alumnos de PRIMER CURSO que comienzan el d\u00eda 04\/09\/2019)<\/span><\/span><\/h4>\r\n<\/li>\r\n<\/ul>\r\n<h2>Aulas disponibles para la docencia<\/h2>\r\n<ul>\r\n\t<li><a href=\"\/\/centros.unileon.es\/biologia\/files\/2019\/07\/FCCBA_Distribucion_aulas_2019.pdf\">AULAS DOCENCIA 2019\/2020<\/a><\/li>\r\n<\/ul>\r\n<ul>\r\n\t<li><span style=\"color: #800000;\"><strong>Acceso al gestor de aulas de la Facultad<\/strong><\/span><a href=\"\/\/severoochoa1.unileon.es\/aulas\/day.php?area=2&amp;room=18\"> (CONSULTAR EL SEVEROOCHOA PINCHANDO AQU\u00cd)<\/a><\/li>\r\n<\/ul>\r\n<h2>Agendas de Actividades<\/h2>\r\n<ul>\r\n\t<li><a href=\"\/\/centros.unileon.es\/biologia\/files\/2019\/07\/Jornada-de-acogida-y-presentacion-2019_2020.pdf\">Jornada de Acogida y Presentaci\u00f3n Primer Curso de los tres Grados 2019\/2020.<\/a><\/li>\r\n<\/ul>\r\n<ul>\r\n\t<li><span style=\"color: #800000;\"><strong><a href=\"\/\/centros.unileon.es\/biologia\/agendas-biologia-1er-semestre\/\">Agendas aprobadas en la Junta de Facultad.<\/a> Comprobad las Agendas de Actividades en el apartado Agendas (Google Calendar) ya que es donde se encuentran las versiones m\u00e1s actualizadas.<\/strong><\/span><\/li>\r\n<\/ul>\r\n<h2>Calendario de evaluaci\u00f3n<\/h2>\r\n<ul>\r\n\t<li><a href=\"https:\/\/centros.unileon.es\/biologia\/files\/2020\/01\/IMPRESO-2.-Plantilla_Convocatoria-Extraordinaria_Curso-2019_2020_cambios-1.pdf\">Cuadro-horario de ex\u00e1menes de la Segunda Convocatoria Ordinaria. Curso 2019-20.<\/a><\/li>\r\n<\/ul>\r\n<h2>Organizaci\u00f3n docente<\/h2>\r\n<ul>\r\n\t<li><strong>Coordinador del Grado en Biolog\u00eda:<\/strong> <a href=\"\/\/centros.unileon.es\/biologia\/sara-de-el-rio-gonzalez\/\"> D\u00f1a. Sara del R\u00edo Gonz\u00e1lez<\/a><\/li>\r\n<\/ul>\r\n<ul>\r\n\t<li><strong>Comisi\u00f3n de Coordinaci\u00f3n:<\/strong>\u00a0Comisi\u00f3n de Coordinaci\u00f3n del T\u00edtulo de Biolog\u00eda 2017-2018<\/li>\r\n<\/ul>\r\n<ul>\r\n\t<li><a href=\"\/\/centros.unileon.es\/biologia\/files\/2019\/07\/COORDINADORES-DE-CURSO-2019_2020.pdf\">COORDINADORES DE CURSO 2019\/2020<\/a><\/li>\r\n<\/ul>\r\n<ul>\r\n\t<li><a href=\"\/\/centros.unileon.es\/biologia\/files\/2019\/02\/DELEGADOS-Curso-2018-2019.pdf\">DELEGADOS DE CURSO 2018-2019<\/a><\/li>\r\n<\/ul>\r\n<ul>\r\n\t<li><strong>Profesores responsables:<\/strong> PROFESORES responsables BIOLOGIA- 2018-2019 incluyendo correos electr\u00f3nicos<\/li>\r\n<\/ul>\r\n<div align=\"left\">\r\n<h2>Asignaturas<\/h2>\r\n<\/div>\r\n<div align=\"center\">\r\n<p>&nbsp;<\/p>\r\n<table>\r\n<tbody>\r\n<tr>\r\n<th align=\"center\"><span style=\"color: #0101df;\"> Primer curso <\/span><\/th>\r\n<\/tr>\r\n<tr bgcolor=\"#0101df\">\r\n<th width=\"400\"><span style=\"color: #0080ff;\">1<sup>er<\/sup> Semestre &#8211; Asignaturas <\/span><\/th>\r\n<\/tr>\r\n<tr>\r\n<td>Qu\u00edmica<\/td>\r\n<\/tr>\r\n<tr>\r\n<td>Matem\u00e1ticas<\/td>\r\n<\/tr>\r\n<tr bgcolor=\"#0101df\">\r\n<th><span style=\"color: #0080ff;\">2<sup>o<\/sup> Semestre &#8211; Asignaturas <\/span><\/th>\r\n<\/tr>\r\n<tr>\r\n<td>Biolog\u00eda II<\/td>\r\n<\/tr>\r\n<tr>\r\n<td>F\u00edsica de los Procesos Biol\u00f3gicos<\/td>\r\n<\/tr>\r\n<tr>\r\n<td>Geolog\u00eda<\/td>\r\n<\/tr>\r\n<\/tbody>\r\n<\/table>\r\n<table>\r\n<tbody>\r\n<tr>\r\n<th align=\"center\"><span style=\"color: #0101df;\"> Segundo curso <\/span><\/th>\r\n<\/tr>\r\n<tr>\r\n<th width=\"400\"><span style=\"color: #0080ff;\">1<sup>er<\/sup> Semestre &#8211; Asignaturas <\/span><\/th>\r\n<\/tr>\r\n<tr>\r\n<td>Bot\u00e1nica Fundamental<\/td>\r\n<\/tr>\r\n<tr>\r\n<td>Citolog\u00eda e Histolog\u00eda Animal y Vegetal<\/td>\r\n<\/tr>\r\n<tr>\r\n<td>Ecolog\u00eda de Poblaciones<\/td>\r\n<\/tr>\r\n<tr>\r\n<td>Gen\u00e9tica Fundamental<\/td>\r\n<\/tr>\r\n<tr>\r\n<td>Zoolog\u00eda Fundamental<\/td>\r\n<\/tr>\r\n<tr bgcolor=\"#0101df\">\r\n<th><span style=\"color: #0080ff;\">2<sup>o<\/sup> Semestre &#8211; Asignaturas <\/span><\/th>\r\n<\/tr>\r\n<tr>\r\n<td>Antropolog\u00eda F\u00edsica<\/td>\r\n<\/tr>\r\n<tr>\r\n<td>Bioqu\u00edmica<\/td>\r\n<\/tr>\r\n<tr>\r\n<td>Fisiolog\u00eda Animal I<\/td>\r\n<\/tr>\r\n<tr>\r\n<td>Fisiolog\u00eda Vegetal<\/td>\r\n<\/tr>\r\n<tr>\r\n<td>Microbiolog\u00eda General<\/td>\r\n<\/tr>\r\n<\/tbody>\r\n<\/table>\r\n<table>\r\n<tbody>\r\n<tr>\r\n<th align=\"center\"><span style=\"color: #0101df;\"> Tercer curso <\/span><\/th>\r\n<\/tr>\r\n<tr bgcolor=\"#0101df\">\r\n<th width=\"400\"><span style=\"color: #0080ff;\">1<sup>er<\/sup> Semestre &#8211; Asignaturas <\/span><\/th>\r\n<\/tr>\r\n<tr>\r\n<td>Diversidad e Importancia de los Microorganismos<\/td>\r\n<\/tr>\r\n<tr>\r\n<td>Fisiolog\u00eda Vegetal Aplicada<\/td>\r\n<\/tr>\r\n<tr>\r\n<td>Fisiolog\u00eda animal II<\/td>\r\n<\/tr>\r\n<tr>\r\n<td>Organograf\u00eda Microsc\u00f3pica<br \/>\r\nAnimal y Vegetal<\/td>\r\n<\/tr>\r\n<tr>\r\n<td>Regulaci\u00f3n del Metabol\u00edsmo<\/td>\r\n<\/tr>\r\n<tr bgcolor=\"#0101df\">\r\n<th><span style=\"color: #0080ff;\">2<sup>o<\/sup> Semestre &#8211; Asignaturas <\/span><\/th>\r\n<\/tr>\r\n<tr>\r\n<td>Bot\u00e1nica Avanzada y Aplicada<\/td>\r\n<\/tr>\r\n<tr>\r\n<td>Ecolog\u00eda de Comunidades y Ecosistemas<\/td>\r\n<\/tr>\r\n<tr>\r\n<td>Gen\u00e9tica Avanzada y Aplicada<\/td>\r\n<\/tr>\r\n<tr>\r\n<td>Zoolog\u00eda Avanzada y Aplicada<\/td>\r\n<\/tr>\r\n<tr>\r\n<td>Herramientas Inform\u00e1ticas Aplicadas<br \/>\r\na la Biolog\u00eda<\/td>\r\n<\/tr>\r\n<tr>\r\n<td>T\u00e9cnicas de Muestreo y Dise\u00f1os<br \/>\r\nExperimentales en Biolog\u00eda<\/td>\r\n<\/tr>\r\n<tr>\r\n<td>T\u00e9cnicas de Estudio de Mol\u00e9culas Biol\u00f3gicas<\/td>\r\n<\/tr>\r\n<\/tbody>\r\n<\/table>\r\n<table>\r\n<tbody>\r\n<tr>\r\n<th align=\"center\"><span style=\"color: #0101df;\"> Cuarto curso <\/span><\/th>\r\n<\/tr>\r\n<tr bgcolor=\"#0101df\">\r\n<th width=\"400\"><span style=\"color: #0080ff;\">Asignaturas Anuales<\/span><\/th>\r\n<\/tr>\r\n<tr>\r\n<td>Trabajo Fin de Grado<\/td>\r\n<\/tr>\r\n<tr bgcolor=\"#0101df\">\r\n<th><span style=\"color: #0080ff;\">1<sup>er<\/sup> Semestre &#8211; Asignaturas<\/span><\/th>\r\n<\/tr>\r\n<tr>\r\n<td>Inmunolog\u00eda: Bases de la Inmunidad<\/td>\r\n<\/tr>\r\n<tr>\r\n<td>Introducci\u00f3n a Proyectos en Biolog\u00eda<\/td>\r\n<\/tr>\r\n<tr>\r\n<td>Optativas<\/td>\r\n<\/tr>\r\n<tr bgcolor=\"#0101df\">\r\n<th><span style=\"color: #0080ff;\">2<sup>o<\/sup> Semestre &#8211; Asignaturas <\/span><\/th>\r\n<\/tr>\r\n<tr>\r\n<td>Deontolog\u00eda y Ejercicio Profesional del Bi\u00f3logo<\/td>\r\n<\/tr>\r\n<tr>\r\n<td>Evoluci\u00f3n<\/td>\r\n<\/tr>\r\n<tr>\r\n<td>Optativas<\/td>\r\n<\/tr>\r\n<\/tbody>\r\n<\/table>\r\n<table>\r\n<tbody>\r\n<tr>\r\n<th align=\"center\" width=\"400\"><span style=\"color: #2e2efe;\">Asignaturas Optativas<\/span><\/th>\r\n<\/tr>\r\n<\/tbody>\r\n<\/table>\r\n<table>\r\n<tbody>\r\n<tr>\r\n<th width=\"300\"><span style=\"color: #0080ff;\">1<sup>er<\/sup> Semestre<\/span><\/th>\r\n<\/tr>\r\n<tr>\r\n<td>Bioclimatolog\u00eda y Vegetaci\u00f3n<\/td>\r\n<\/tr>\r\n<tr>\r\n<td>Ecolog\u00eda y Gesti\u00f3n de Ecosistemas Terrestres<\/td>\r\n<\/tr>\r\n<tr>\r\n<td>Enzimolog\u00eda<\/td>\r\n<\/tr>\r\n<tr>\r\n<td>Evoluci\u00f3n Humana<\/td>\r\n<\/tr>\r\n<tr>\r\n<td>Fisiolog\u00eda Ambiental de las Plantas<\/td>\r\n<\/tr>\r\n<tr>\r\n<td>Fisiopatolog\u00eda<\/td>\r\n<\/tr>\r\n<tr>\r\n<td>Gen\u00e9tica Humana<\/td>\r\n<\/tr>\r\n<tr>\r\n<td>Gesti\u00f3n Cineg\u00e9tica y Pisc\u00edcola<\/td>\r\n<\/tr>\r\n<tr>\r\n<td>Manipulaci\u00f3n Gen\u00e9tica de Microorganismos<\/td>\r\n<\/tr>\r\n<tr>\r\n<td>Metabolismo Secundario de las Plantas<\/td>\r\n<\/tr>\r\n<tr>\r\n<td>Pr\u00e1cticas Externas I<\/td>\r\n<\/tr>\r\n<\/tbody>\r\n<\/table>\r\n<table>\r\n<tbody>\r\n<tr>\r\n<th width=\"300\"><span style=\"color: #0080ff;\">2<sup>o<\/sup> Semestre<\/span><\/th>\r\n<\/tr>\r\n<tr>\r\n<td>Biogeograf\u00eda y sus Aplicaciones<\/td>\r\n<\/tr>\r\n<tr>\r\n<td>Biolog\u00eda Celular<\/td>\r\n<\/tr>\r\n<tr>\r\n<td>Biolog\u00eda de la Conservaci\u00f3n<\/td>\r\n<\/tr>\r\n<tr>\r\n<td>Entomolog\u00eda<\/td>\r\n<\/tr>\r\n<tr>\r\n<td>Fisiolog\u00eda Animal Aplicada<\/td>\r\n<\/tr>\r\n<tr>\r\n<td>Limnolog\u00eda<\/td>\r\n<\/tr>\r\n<tr>\r\n<td>Mejora Gen\u00e9tica Vegetal<\/td>\r\n<\/tr>\r\n<tr>\r\n<td>Microbiolog\u00eda Aplicada e Industrial<\/td>\r\n<\/tr>\r\n<tr>\r\n<td>Patolog\u00eda Molecular<\/td>\r\n<\/tr>\r\n<tr>\r\n<td>Teledetecci\u00f3n y SIG<\/td>\r\n<\/tr>\r\n<tr>\r\n<td>Pr\u00e1cticas Externas II<\/td>\r\n<\/tr>\r\n<\/tbody>\r\n<\/table>\r\n<\/div>\r\n<p>&nbsp;<\/p>\r\n<div align=\"center\"><a href=\"\/\/centros.unileon.es\/biologia\/\">Inicio<\/a><\/div>","protected":false},"excerpt":{"rendered":"<p>Calendario escolar Calendario escolar 2019-20. (Comienzo de las clases el d\u00eda 09\/09\/2019 salvo los alumnos de PRIMER CURSO que comienzan el d\u00eda 04\/09\/2019) Aulas disponibles para la docencia AULAS DOCENCIA 2019\/2020 Acceso al gestor de aulas de la Facultad (CONSULTAR EL SEVEROOCHOA PINCHANDO AQU\u00cd) Agendas de Actividades Jornada de Acogida y Presentaci\u00f3n Primer Curso de [&hellip;]<\/p>\n","protected":false},"author":3,"featured_media":0,"parent":0,"menu_order":0,"comment_status":"closed","ping_status":"open","template":"","meta":{"footnotes":""},"class_list":["post-1109","page","type-page","status-publish","hentry"],"_links":{"self":[{"href":"https:\/\/centros.unileon.es\/biologia\/wp-json\/wp\/v2\/pages\/1109","targetHints":{"allow":["GET"]}}],"collection":[{"href":"https:\/\/centros.unileon.es\/biologia\/wp-json\/wp\/v2\/pages"}],"about":[{"href":"https:\/\/centros.unileon.es\/biologia\/wp-json\/wp\/v2\/types\/page"}],"author":[{"embeddable":true,"href":"https:\/\/centros.unileon.es\/biologia\/wp-json\/wp\/v2\/users\/3"}],"replies":[{"embeddable":true,"href":"https:\/\/centros.unileon.es\/biologia\/wp-json\/wp\/v2\/comments?post=1109"}],"version-history":[{"count":200,"href":"https:\/\/centros.unileon.es\/biologia\/wp-json\/wp\/v2\/pages\/1109\/revisions"}],"predecessor-version":[{"id":9686,"href":"https:\/\/centros.unileon.es\/biologia\/wp-json\/wp\/v2\/pages\/1109\/revisions\/9686"}],"wp:attachment":[{"href":"https:\/\/centros.unileon.es\/biologia\/wp-json\/wp\/v2\/media?parent=1109"}],"curies":[{"name":"wp","href":"https:\/\/api.w.org\/{rel}","templated":true}]}}