{"id":10707,"date":"2021-06-16T11:21:04","date_gmt":"2021-06-16T11:21:04","guid":{"rendered":"https:\/\/centros.unileon.es\/biologia\/?page_id=10707"},"modified":"2022-07-19T08:57:59","modified_gmt":"2022-07-19T08:57:59","slug":"curso-2021-2022","status":"publish","type":"page","link":"https:\/\/centros.unileon.es\/biologia\/curso-2021-2022\/","title":{"rendered":"Curso 2021-2022"},"content":{"rendered":"<h2>Septiembre de 2022<\/h2>\r\n<div align=\"center\">\r\n<table>\r\n<tbody>\r\n<tr>\r\n<th>Septiembre<\/th>\r\n<th colspan=\"2\">Convocatoria<\/th>\r\n<\/tr>\r\n<tr>\r\n<td rowspan=\"2\">\r\n<p>&nbsp;<\/p>\r\n<p>&nbsp;<\/p>\r\n<p>&nbsp;<\/p>\r\n<p>&nbsp;<\/p>\r\n<p><strong>7 de septiembre -13 de septiembre a las<span style=\"color: #ff0000;\"> 14:00<\/span> horas<br \/>\r\n<\/strong><\/p>\r\n<\/td>\r\n<td><strong>ESTUDIANTE<\/strong><\/td>\r\n<td><strong>TUTOR<\/strong><\/td>\r\n<\/tr>\r\n<tr>\r\n<td>\r\n<p>Realizar\u00e1 la\u00a0<strong>SOLICITUD Y EL DEP\u00d3SITO del TFG<\/strong>\u00a0en la Plataforma de la Universidad de Le\u00f3n \u201cSolicitud y dep\u00f3sito de TFGs\/TFM\u201d:<\/p>\r\n<p>\u00a0<a href=\"https:\/\/tfg.unileon.es\/home\">https:\/\/tfg.unileon.es\/home<\/a><\/p>\r\n<p>&nbsp;<\/p>\r\n<p>-Enviar\u00e1 a la Unidad Administrativa \u00a0<strong>(fbiadm@unileon.es)<\/strong>\u00a0el\u00a0<strong>Informe del alumno sobre la publicaci\u00f3n en abierto (Impreso 7).<\/strong><\/p>\r\n<\/td>\r\n<td>\r\n<p>Deber\u00e1 enviar a la Unidad Administrativa (<strong>fbiadm@unileon.es<\/strong>):<\/p>\r\n<p>\u2013<strong>INFORME DEL TUTOR SOBRE LA CALIDAD Y M\u00c9RITOS DEL TFG (Impreso 5).<\/strong><\/p>\r\n<p>\u2013<strong>INFORME DEL TUTOR SOBRE LA PUBLICACI\u00d3N EN ABIERTO (Impreso 6).<\/strong><\/p>\r\n<p>Los dos impresos anteriores (Impreso 5 e Impreso 6) deber\u00e1n ser tambi\u00e9n firmados por el segundo tutor.<\/p>\r\n<p>Firma manuscrita o con informe de firmas (portafirmas)<\/p>\r\n<p>-Deber\u00e1 estar atento a su mail institucional para\u00a0<strong>ACEPTAR el dep\u00f3sito del TFG del alumno al que tutoriza.<\/strong>\u00a0El dep\u00f3sito y la aceptaci\u00f3n se realizar\u00e1n en la Plataforma de la Universidad de Le\u00f3n \u201cSolicitud y dep\u00f3sito de TFGs\/TFM\u201d:<\/p>\r\n<p>\u00a0<a href=\"https:\/\/tfg.unileon.es\/home\">https:\/\/tfg.unileon.es\/home<\/a><\/p>\r\n<\/td>\r\n<\/tr>\r\n<tr>\r\n<td><strong>19 de septiembre<br \/>\r\n<\/strong><\/td>\r\n<td colspan=\"2\"><strong>Acto p\u00fablico de defensa del TFG ante la Comisi\u00f3n de Evaluaci\u00f3n. Publicaci\u00f3n de las actas provisionales<\/strong><\/td>\r\n<\/tr>\r\n<tr>\r\n<td><strong>22 de septiembre<br \/>\r\n<\/strong><\/td>\r\n<td colspan=\"2\"><strong>Revisi\u00f3n de calificaciones y Cierre de Actas<\/strong><\/td>\r\n<\/tr>\r\n<\/tbody>\r\n<\/table>\r\n<\/div>\r\n<h2>\u00a0<\/h2>\r\n<h2><strong>Convocatoria de Defensa TFGs (Julio de 2022)<\/strong><\/h2>\r\n<p><a href=\"https:\/\/centros.unileon.es\/biologia\/files\/2022\/04\/TFGs-Comisiones-evaluacionTFGs-2021-2022_Biologia.pdf\">TFGs Comisiones evaluacionTFGs 2021-2022_Biolog\u00eda<\/a><\/p>\r\n<p><a href=\"https:\/\/centros.unileon.es\/biologia\/files\/2022\/04\/TFGs-Comisiones-evaluacionTFGs-2021-2022_BIOTECNOLOGIA.pdf\">TFGs Comisiones evaluacionTFGs 2021-2022_Biotecnolog\u00eda<\/a><\/p>\r\n<p><a href=\"https:\/\/centros.unileon.es\/biologia\/files\/2022\/04\/TFGs-Comisiones-evaluacionTFGs-2021-2022_CCAA.pdf\">TFGs Comisiones evaluacionTFGs 2021-2022_CCAA<\/a><\/p>\r\n<h2>Julio de 2022<\/h2>\r\n<div align=\"center\">\r\n<table>\r\n<tbody>\r\n<tr>\r\n<th>Julio<\/th>\r\n<th colspan=\"2\">Convocatoria<\/th>\r\n<\/tr>\r\n<tr>\r\n<td rowspan=\"2\">\r\n<p>&nbsp;<\/p>\r\n<p>&nbsp;<\/p>\r\n<p>&nbsp;<\/p>\r\n<p>&nbsp;<\/p>\r\n<p><strong>8 de julio -13 de julio a las <span style=\"color: #ff0000;\">14:00<\/span> horas<br \/>\r\n<\/strong><\/p>\r\n<\/td>\r\n<td><strong>ESTUDIANTE<\/strong><\/td>\r\n<td><strong>TUTOR<\/strong><\/td>\r\n<\/tr>\r\n<tr>\r\n<td>\r\n<p>Realizar\u00e1 la\u00a0<strong>SOLICITUD Y EL DEP\u00d3SITO del TFG<\/strong>\u00a0en la Plataforma de la Universidad de Le\u00f3n \u201cSolicitud y dep\u00f3sito de TFGs\/TFM\u201d:<\/p>\r\n<p>\u00a0<a href=\"https:\/\/tfg.unileon.es\/home\">https:\/\/tfg.unileon.es\/home<\/a><\/p>\r\n<p>&nbsp;<\/p>\r\n<p>-Enviar\u00e1 a la Unidad Administrativa \u00a0<strong>(fbiadm@unileon.es)<\/strong>\u00a0el\u00a0<strong>Informe del alumno sobre la publicaci\u00f3n en abierto (Impreso 7).<\/strong><\/p>\r\n<\/td>\r\n<td>\r\n<p>Deber\u00e1 enviar a la Unidad Administrativa (<strong>fbiadm@unileon.es<\/strong>):<\/p>\r\n<p>\u2013<strong>INFORME DEL TUTOR SOBRE LA CALIDAD Y M\u00c9RITOS DEL TFG (Impreso 5).<\/strong><\/p>\r\n<p>\u2013<strong>INFORME DEL TUTOR SOBRE LA PUBLICACI\u00d3N EN ABIERTO (Impreso 6).<\/strong><\/p>\r\n<p>Los dos impresos anteriores (Impreso 5 e Impreso 6) deber\u00e1n ser tambi\u00e9n firmados por el segundo tutor.<\/p>\r\n<p>Firma manuscrita o con informe de firmas (portafirmas)<\/p>\r\n<p>-Deber\u00e1 estar atento a su mail institucional para\u00a0<strong>ACEPTAR el dep\u00f3sito del TFG del alumno al que tutoriza.<\/strong>\u00a0El dep\u00f3sito y la aceptaci\u00f3n se realizar\u00e1n en la Plataforma de la Universidad de Le\u00f3n \u201cSolicitud y dep\u00f3sito de TFGs\/TFM\u201d:<\/p>\r\n<p>\u00a0<a href=\"https:\/\/tfg.unileon.es\/home\">https:\/\/tfg.unileon.es\/home<\/a><\/p>\r\n<\/td>\r\n<\/tr>\r\n<tr>\r\n<td><strong><span style=\"color: #ff0000;\">18 de julio<\/span><br \/>\r\n<\/strong><\/td>\r\n<td colspan=\"2\"><strong>Acto p\u00fablico de defensa del TFG ante la Comisi\u00f3n de Evaluaci\u00f3n. Publicaci\u00f3n de las actas provisionales<\/strong><\/td>\r\n<\/tr>\r\n<tr>\r\n<td><strong>20 de julio<br \/>\r\n<\/strong><\/td>\r\n<td colspan=\"2\"><strong>Revisi\u00f3n de calificaciones y Cierre de Actas<br \/>\r\n<\/strong><\/td>\r\n<\/tr>\r\n<\/tbody>\r\n<\/table>\r\n<\/div>\r\n<h2>\u00a0<\/h2>\r\n<h2>\u00a0<\/h2>\r\n<h2><strong>ASIGNACI\u00d3N DEFINITIVA DE TFGs FEBRERO (2021\/2022)<\/strong><\/h2>\r\n<p><a href=\"https:\/\/centros.unileon.es\/biologia\/files\/2022\/03\/Adjudicacion-PROVISIONAL-de-TFG_GRADO-EN-BIOLOGIA-FEBRERO.pdf\">Adjudicaci\u00f3n\u00a0 de TFG_GRADO EN BIOLOG\u00cdA<\/a><\/p>\r\n<p><a href=\"https:\/\/centros.unileon.es\/biologia\/files\/2022\/03\/Adjudicacion-PROVISIONAL-de-TFG_GRADO-EN-BIOTECNOLOGIA-FEBRERO.pdf\">Adjudicaci\u00f3n de TFG_GRADO EN BIOTECNOLOG\u00cdA<\/a><\/p>\r\n<p><a href=\"https:\/\/centros.unileon.es\/biologia\/files\/2022\/03\/Adjudicacion-PROVISIONAL-de-TFG_GRADO-EN-CIENCIAS-AMBIENTALES-FEBRERO.pdf\">Adjudicaci\u00f3n de TFG_GRADO EN CIENCIAS AMBIENTALES<\/a><\/p>\r\n<p><a href=\"https:\/\/centros.unileon.es\/biologia\/files\/2022\/03\/Adjudicacion-PROVISIONAL-de-TFG_DOBLE-GRADO-FEBRERO-1.pdf\">Adjudicaci\u00f3n de TFG_DOBLE GRADO<\/a><\/p>\r\n<h2><strong>Calendario de Adjudicaci\u00f3n de TFGs FEBRERO (2021\/2022)<\/strong><\/h2>\r\n<table>\r\n<tbody>\r\n<tr>\r\n<td><strong>21-28 Febrero<\/strong><\/td>\r\n<td>\r\n<p><span style=\"color: #ff0000;\"><strong>\u00a1ESTUDIANTES!<\/strong><\/span>\u00a0Presentaci\u00f3n de las solicitudes de TFG Generales (<strong>Impreso 2<\/strong>) o TFG Espec\u00edficos (<strong>Impreso 3<\/strong>) debidamente firmadas.<\/p>\r\n<p>\u2013 Remitir a la Secretar\u00eda del centro por correo electr\u00f3nico (fbiadm@unileon.es), indicando en el asunto del mensaje: TFG_Grado_Apellidos_Nombre.<\/p>\r\n<\/td>\r\n<\/tr>\r\n<tr>\r\n<td><strong>3 Marzo<\/strong><\/td>\r\n<td>Asignaci\u00f3n provisional de los TFGs y publicaci\u00f3n en la web de la Facultad.<\/td>\r\n<\/tr>\r\n<tr>\r\n<td><strong>4-9 Marzo<\/strong><\/td>\r\n<td>Presentaci\u00f3n de posibles solicitudes de cambio de tutor o tema de TFG.<\/td>\r\n<\/tr>\r\n<tr>\r\n<td><strong>11 Marzo<br \/>\r\n<\/strong><\/td>\r\n<td>Asignaci\u00f3n definitiva de los TFGs y publicaci\u00f3n en la web de la Facultad.<\/td>\r\n<\/tr>\r\n<\/tbody>\r\n<\/table>\r\n<h1><strong>Febrero de 2022<\/strong><\/h1>\r\n<p><a href=\"https:\/\/centros.unileon.es\/biologia\/files\/2022\/02\/solicitud_convocatoria_TFG_febrero-julio2021.pdf\">solicitud_convocatoria_TFG_febrero-2022<\/a><\/p>\r\n<p><span style=\"color: #ff0000;\">Este impreso deber\u00e1 presentarlo en la Unidad Administrativa del Centro del <strong>18 al 25 de febrero<\/strong>.<\/span><\/p>\r\n<h2>Febrero de 2022<\/h2>\r\n<div align=\"center\">\r\n<table>\r\n<tbody>\r\n<tr>\r\n<th>Febrero<\/th>\r\n<th colspan=\"2\">Convocatoria Extraordinaria<\/th>\r\n<\/tr>\r\n<tr>\r\n<td rowspan=\"2\">\r\n<p>&nbsp;<\/p>\r\n<p>&nbsp;<\/p>\r\n<p>&nbsp;<\/p>\r\n<p>&nbsp;<\/p>\r\n<p><strong>del 25 de febrero al 3 de marzo a las <span style=\"color: #ff0000;\">14:00<\/span> horas\u00a0<\/strong><\/p>\r\n<\/td>\r\n<td><strong>ESTUDIANTE<\/strong><\/td>\r\n<td><strong>TUTOR<\/strong><\/td>\r\n<\/tr>\r\n<tr>\r\n<td>\r\n<p><strong>SOLICITUD Y EL DEP\u00d3SITO del TFG<\/strong>\u00a0en la Plataforma de la Universidad de Le\u00f3n \u201cSolicitud y dep\u00f3sito de TFGs\/TFM\u201d:<\/p>\r\n<p>\u00a0<a href=\"https:\/\/tfg.unileon.es\/home\">https:\/\/tfg.unileon.es\/home<\/a><\/p>\r\n<p>-El TFG depositado en la Plataforma debe estar\u00a0<strong>firmado por el alumno.<\/strong><\/p>\r\n<p>-Enviar a la Unidad Administrativa \u00a0<strong>(fbiadm@unileon.es)<\/strong>\u00a0el\u00a0<strong>Informe del alumno sobre la publicaci\u00f3n en abierto (Impreso 7).<\/strong><\/p>\r\n<\/td>\r\n<td>\r\n<p>Deber\u00e1 enviar a la Unidad Administrativa (<strong>fbiadm@unileon.es<\/strong>):<\/p>\r\n<p>\u2013<strong>INFORME DEL TUTOR SOBRE LA CALIDAD Y M\u00c9RITOS DEL TFG (Impreso 5).<\/strong><\/p>\r\n<p>\u2013<strong>INFORME DEL TUTOR SOBRE LA PUBLICACI\u00d3N EN ABIERTO (Impreso 6).<\/strong><\/p>\r\n<p>Los dos impresos anteriores (Impreso 5 e Impreso 6) deber\u00e1n ser tambi\u00e9n firmados por el segundo tutor.<\/p>\r\n<p>-Deber\u00e1 estar atento a su mail institucional para\u00a0<strong>ACEPTAR el dep\u00f3sito del TFG del alumno al que tutoriza.<\/strong>\u00a0El dep\u00f3sito y la aceptaci\u00f3n se realizar\u00e1n en la Plataforma de la Universidad de Le\u00f3n \u201cSolicitud y dep\u00f3sito de TFGs\/TFM\u201d:<\/p>\r\n<p>\u00a0<a href=\"https:\/\/tfg.unileon.es\/home\">https:\/\/tfg.unileon.es\/home<\/a><\/p>\r\n<\/td>\r\n<\/tr>\r\n<tr>\r\n<td><strong>9 de marzo\u00a0<\/strong><\/td>\r\n<td colspan=\"2\"><strong>Acto p\u00fablico de defensa del TFG ante la Comisi\u00f3n de Evaluaci\u00f3n. Publicaci\u00f3n de las actas provisionales<\/strong><\/td>\r\n<\/tr>\r\n<tr>\r\n<td><strong>11 de marzo<\/strong><\/td>\r\n<td colspan=\"2\"><strong>Revisi\u00f3n de calificaciones y Cierre de actas<\/strong><\/td>\r\n<\/tr>\r\n<\/tbody>\r\n<\/table>\r\n<p>&nbsp;<\/p>\r\n<\/div>\r\n<h4><strong style=\"font-size: 1.8em;\">OFERTA DE TFGs GENERALES FEBRERO (2021\/2022)<\/strong><\/h4>\r\n<p><strong>TFGS GENERALES PROPUESTOS PARA BIOLOG\u00cdA<\/strong><\/p>\r\n<p><a href=\"https:\/\/centros.unileon.es\/biologia\/files\/2022\/02\/Listados-TFG-Febrero-Biologia-2021-2022-1.pdf\">Listados TFG Febrero- Biolog\u00eda 2021-2022<\/a><\/p>\r\n<p><strong>TFGS GENERALES PROPUESTOS PARA BIOTECNOLOG\u00cdA<\/strong><\/p>\r\n<p><a href=\"https:\/\/centros.unileon.es\/biologia\/files\/2022\/02\/Listados-TFG-Febrero-Biotecnologia-2021-2022-1.pdf\">Listados TFG Febrero &#8211; Biotecnolog\u00eda 2021-2022<\/a><\/p>\r\n<p><strong>TFGS GENERALES PROPUESTOS PARA CIENCIAS AMBIENTALES<\/strong><\/p>\r\n<p><a href=\"https:\/\/centros.unileon.es\/biologia\/files\/2022\/02\/Listados-TFG-Febrero-y-DG-CC.-AA.-2021-2022-1.pdf\">Listados TFG Febrero y DG- CC. AA.-2021-2022<\/a><\/p>\r\n<h2>\u00a0<\/h2>\r\n<h2>Diciembre de 2021<\/h2>\r\n<div align=\"center\">\r\n<table>\r\n<tbody>\r\n<tr>\r\n<th>Septiembre<\/th>\r\n<th colspan=\"2\">Convocatoria<\/th>\r\n<\/tr>\r\n<tr>\r\n<td rowspan=\"2\">\r\n<p>&nbsp;<\/p>\r\n<p>&nbsp;<\/p>\r\n<p>&nbsp;<\/p>\r\n<p>&nbsp;<\/p>\r\n<p><strong>7 de diciembre -10 de diciembre a las 14:00 horas<br \/>\r\n<\/strong><\/p>\r\n<\/td>\r\n<td><strong>ESTUDIANTE<\/strong><\/td>\r\n<td><strong>TUTOR<\/strong><\/td>\r\n<\/tr>\r\n<tr>\r\n<td>\r\n<p>Realizar\u00e1 la\u00a0<strong>SOLICITUD Y EL DEP\u00d3SITO del TFG<\/strong>\u00a0en la Plataforma de la Universidad de Le\u00f3n \u201cSolicitud y dep\u00f3sito de TFGs\/TFM\u201d:<\/p>\r\n<p>\u00a0<a href=\"https:\/\/tfg.unileon.es\/home\">https:\/\/tfg.unileon.es\/home<\/a><\/p>\r\n<p>&nbsp;<\/p>\r\n<p>-Enviar\u00e1 a la Unidad Administrativa \u00a0<strong>(fbiadm@unileon.es)<\/strong>\u00a0el\u00a0<strong>Informe del alumno sobre la publicaci\u00f3n en abierto (Impreso 7).<\/strong><\/p>\r\n<\/td>\r\n<td>\r\n<p>Deber\u00e1 enviar a la Unidad Administrativa (<strong>fbiadm@unileon.es<\/strong>):<\/p>\r\n<p>\u2013<strong>INFORME DEL TUTOR SOBRE LA CALIDAD Y M\u00c9RITOS DEL TFG (Impreso 5).<\/strong><\/p>\r\n<p>\u2013<strong>INFORME DEL TUTOR SOBRE LA PUBLICACI\u00d3N EN ABIERTO (Impreso 6).<\/strong><\/p>\r\n<p>Los dos impresos anteriores (Impreso 5 e Impreso 6) deber\u00e1n ser tambi\u00e9n firmados por el segundo tutor.<\/p>\r\n<p>Firma manuscrita o con informe de firmas (portafirmas)<\/p>\r\n<p>-Deber\u00e1 estar atento a su mail institucional para\u00a0<strong>ACEPTAR el dep\u00f3sito del TFG del alumno al que tutoriza.<\/strong>\u00a0El dep\u00f3sito y la aceptaci\u00f3n se realizar\u00e1n en la Plataforma de la Universidad de Le\u00f3n \u201cSolicitud y dep\u00f3sito de TFGs\/TFM\u201d:<\/p>\r\n<p>\u00a0<a href=\"https:\/\/tfg.unileon.es\/home\">https:\/\/tfg.unileon.es\/home<\/a><\/p>\r\n<\/td>\r\n<\/tr>\r\n<tr>\r\n<td><strong>17 de diciembre<br \/>\r\n<\/strong><\/td>\r\n<td colspan=\"2\"><strong>Acto p\u00fablico de defensa del TFG ante la Comisi\u00f3n de Evaluaci\u00f3n. Publicaci\u00f3n de las actas provisionales<\/strong><\/td>\r\n<\/tr>\r\n<tr>\r\n<td><strong>22 de diciembre<br \/>\r\n<\/strong><\/td>\r\n<td colspan=\"2\"><strong>Revisi\u00f3n de calificaciones y Cierre de Actas<br \/>\r\n<\/strong><\/td>\r\n<\/tr>\r\n<\/tbody>\r\n<\/table>\r\n<\/div>\r\n<h2><strong>ASIGNACI\u00d3N DEFINITIVA DE TFGs JULIO (2021\/2022)<\/strong><\/h2>\r\n<p><a href=\"https:\/\/centros.unileon.es\/biologia\/files\/2021\/10\/Adjudicacion-DEFINITIVA-de-TFG_GRADO-EN-BIOLOGIA.pdf\">Adjudicaci\u00f3n\u00a0 de TFG_GRADO EN BIOLOG\u00cdA<\/a><\/p>\r\n<p><a href=\"https:\/\/centros.unileon.es\/biologia\/files\/2021\/10\/Adjudicacion-DEFINITIVA-de-TFG_GRADO-EN-BIOTECNOLOGIA-2.pdf\">Adjudicaci\u00f3n de TFG_GRADO EN BIOTECNOLOG\u00cdA<\/a><\/p>\r\n<p><a href=\"https:\/\/centros.unileon.es\/biologia\/files\/2021\/11\/Adjudicacion-DEFINITIVA-de-TFG_GRADO-EN-CIENCIAS-AMBIENTALES.pdf\">Adjudicaci\u00f3n de TFG_GRADO EN CIENCIAS AMBIENTALES<\/a><\/p>\r\n<p><a href=\"https:\/\/centros.unileon.es\/biologia\/files\/2021\/10\/Adjudicacion-DEFINITIVA-de-TFG_DOBLE-GRADO-1.pdf\">Adjudicaci\u00f3n de TFG_DOBLE GRADO<\/a><\/p>\r\n<h2>\u00a0<\/h2>\r\n<h3><strong>Calendario de Adjudicaci\u00f3n de TFGs<span style=\"color: #ff0000;\"> DOBLE GRADO (2021\/2022)<\/span><\/strong><\/h3>\r\n<table>\r\n<tbody>\r\n<tr>\r\n<td>27 Septiembre<\/td>\r\n<td>Publicaci\u00f3n en la p\u00e1gina web de la Facultad de:<br \/>\r\n-Oferta de TFGs Generales.<\/td>\r\n<\/tr>\r\n<tr>\r\n<td>hasta el 15 de Octubre<\/td>\r\n<td>\r\n<p><strong>\u00a1ESTUDIANTES!<\/strong>\u00a0Presentaci\u00f3n de las solicitudes de TFG Generales (<strong>Impreso 2<\/strong>) o TFG Espec\u00edficos (<strong>Impreso 3<\/strong>) debidamente firmadas.<\/p>\r\n<p><br \/>\r\n\u2013 Remitir a la Secretar\u00eda del centro por correo electr\u00f3nico (fbiadm@unileon.es), indicando en el asunto del mensaje: TFG_Grado_Apellidos_Nombre.<\/p>\r\n<\/td>\r\n<\/tr>\r\n<tr>\r\n<td>18 y 19 de Octubre<\/td>\r\n<td>Asignaci\u00f3n de los TFGs y publicaci\u00f3n en la web de la Facultad.<\/td>\r\n<\/tr>\r\n<\/tbody>\r\n<\/table>\r\n<p><strong>TFGs GENERALES PROPUESTOS PARA CIENCIAS AMBIENTALES (<span style=\"color: #ff0000;\">DOBLE GRADO<\/span>) 2021-2022<br \/>\r\n<\/strong><\/p>\r\n<p><a href=\"https:\/\/centros.unileon.es\/biologia\/files\/2021\/09\/Listados-TFG-SEPTIEMBRE-CC.-AA.-2021-2022-1.pdf\">Listados TFG SEPTIEMBRE &#8211; CC. AA. 2021-2022<\/a><\/p>\r\n<h3><strong>Calendario de Adjudicaci\u00f3n de TFGs (2021\/2022)<\/strong><\/h3>\r\n<table>\r\n<tbody>\r\n<tr>\r\n<td>20-24 Septiembre<\/td>\r\n<td>Presentaci\u00f3n de posibles solicitudes de cambio de tutor o tema de TFG.<\/td>\r\n<\/tr>\r\n<tr>\r\n<td>30 Septiembre<\/td>\r\n<td>Asignaci\u00f3n definitiva de los TFGs y publicaci\u00f3n en la web de la Facultad.<\/td>\r\n<\/tr>\r\n<\/tbody>\r\n<\/table>\r\n<h2>\u00a0<\/h2>\r\n<h2><strong>OFERTA DE TFGs GENERALES (2021\/2022)<\/strong><\/h2>\r\n<p><strong>TFGS GENERALES PROPUESTOS PARA BIOLOG\u00cdA<\/strong><\/p>\r\n<p><a href=\"https:\/\/centros.unileon.es\/biologia\/files\/2021\/06\/List.-Definitivos-TFG-julio-Biologia-2021-2022-1.pdf\">Listados TFG julio &#8211; Biolog\u00eda 2021-2022<\/a><\/p>\r\n<p><a href=\"https:\/\/centros.unileon.es\/biologia\/files\/2021\/06\/TFG_B_unidos-2021-2022.pdf\">Propuestas detalladas TFG Biolog\u00eda 2021-2022<\/a><\/p>\r\n<p><strong>TFGS GENERALES PROPUESTOS PARA BIOTECNOLOG\u00cdA<\/strong><\/p>\r\n<p><a href=\"https:\/\/centros.unileon.es\/biologia\/files\/2021\/06\/List.-Definitivos-TFG-julio-Biotecnologia-2021-2022.pdf\">Listados TFG julio &#8211; Biotecnolog\u00eda 2021-2022<\/a><\/p>\r\n<p><a href=\"https:\/\/centros.unileon.es\/biologia\/files\/2021\/06\/TFG_Biotecnologia_2021-2022.pdf\">Propuestas detalladas TFG Biotecnologia 2021-2022<\/a><\/p>\r\n<p><strong>TFGS GENERALES PROPUESTOS PARA CIENCIAS AMBIENTALES<\/strong><\/p>\r\n<p><a href=\"https:\/\/centros.unileon.es\/biologia\/files\/2021\/06\/Listados-TFG-julio-CC.-AA.-2021-2022.pdf\">Listados TFG julio &#8211; CC. AA. 2021-2022<\/a><\/p>\r\n<p><a href=\"https:\/\/centros.unileon.es\/biologia\/files\/2021\/06\/TFG_CA_unidos-2021-2022.pdf\">Propuestas detalladas TFG CCAA 2021-2022<\/a><\/p>\r\n<p>&nbsp;<\/p>\r\n<h2><strong>Calendario RESUMEN de asignaci\u00f3n de los TFGs (2021\/2022)<\/strong><\/h2>\r\n<table style=\"width: 100%; height: 316px;\" width=\"0\">\r\n<tbody>\r\n<tr style=\"height: 88px;\">\r\n<td style=\"height: 88px;\">\r\n<p><strong>16 de Junio<\/strong><\/p>\r\n<\/td>\r\n<td style=\"height: 88px;\">\r\n<p>Publicaci\u00f3n en la p\u00e1gina web de la Facultad de:<br \/>\r\n-Oferta de TFGs Generales.<\/p>\r\n<\/td>\r\n<\/tr>\r\n<tr style=\"height: 100px;\">\r\n<td style=\"height: 140px;\">\r\n<p><strong>05-12 de Julio<\/strong><\/p>\r\n<\/td>\r\n<td style=\"height: 140px;\">\r\n<p><strong>\u00a1ESTUDIANTES!<\/strong>\u00a0Presentaci\u00f3n de las solicitudes de TFG Generales (<strong>Impreso 2<\/strong>) o TFG Espec\u00edficos (<strong>Impreso 3<\/strong>) debidamente firmadas.<\/p>\r\n<p><br \/>\r\n\u2013 Remitir a la Secretar\u00eda del centro por correo electr\u00f3nico (fbiadm@unileon.es), indicando en el asunto del mensaje: TFG_Grado_Apellidos_Nombre.<\/p>\r\n<\/td>\r\n<\/tr>\r\n<tr style=\"height: 88px;\">\r\n<td style=\"height: 88px;\">\r\n<p><strong>22-23 Julio<\/strong><\/p>\r\n<\/td>\r\n<td style=\"height: 88px;\">\r\n<p>Asignaci\u00f3n provisional de los TFGs y publicaci\u00f3n en la web de la Facultad.<\/p>\r\n<\/td>\r\n<\/tr>\r\n<\/tbody>\r\n<\/table>\r\n<h2>Criterios de asignaci\u00f3n<\/h2>\r\n<p>Para la asignaci\u00f3n de los TFGs Generales se considerar\u00e1 la nota media del expediente acad\u00e9mico. La asignaci\u00f3n de los TFGs espec\u00edficos propuestos por un estudiante y que tengan el visto bueno del tutor y del Departamento ser\u00e1 autom\u00e1tica.<\/p>","protected":false},"excerpt":{"rendered":"<p>Septiembre de 2022 Septiembre Convocatoria &nbsp; &nbsp; &nbsp; &nbsp; 7 de septiembre -13 de septiembre a las 14:00 horas ESTUDIANTE TUTOR Realizar\u00e1 la\u00a0SOLICITUD Y EL DEP\u00d3SITO del TFG\u00a0en la Plataforma de la Universidad de Le\u00f3n \u201cSolicitud y dep\u00f3sito de TFGs\/TFM\u201d: \u00a0https:\/\/tfg.unileon.es\/home &nbsp; -Enviar\u00e1 a la Unidad Administrativa \u00a0(fbiadm@unileon.es)\u00a0el\u00a0Informe del alumno sobre la publicaci\u00f3n en abierto [&hellip;]<\/p>\n","protected":false},"author":3,"featured_media":0,"parent":0,"menu_order":0,"comment_status":"closed","ping_status":"closed","template":"","meta":{"footnotes":""},"class_list":["post-10707","page","type-page","status-publish","hentry"],"_links":{"self":[{"href":"https:\/\/centros.unileon.es\/biologia\/wp-json\/wp\/v2\/pages\/10707","targetHints":{"allow":["GET"]}}],"collection":[{"href":"https:\/\/centros.unileon.es\/biologia\/wp-json\/wp\/v2\/pages"}],"about":[{"href":"https:\/\/centros.unileon.es\/biologia\/wp-json\/wp\/v2\/types\/page"}],"author":[{"embeddable":true,"href":"https:\/\/centros.unileon.es\/biologia\/wp-json\/wp\/v2\/users\/3"}],"replies":[{"embeddable":true,"href":"https:\/\/centros.unileon.es\/biologia\/wp-json\/wp\/v2\/comments?post=10707"}],"version-history":[{"count":37,"href":"https:\/\/centros.unileon.es\/biologia\/wp-json\/wp\/v2\/pages\/10707\/revisions"}],"predecessor-version":[{"id":11362,"href":"https:\/\/centros.unileon.es\/biologia\/wp-json\/wp\/v2\/pages\/10707\/revisions\/11362"}],"wp:attachment":[{"href":"https:\/\/centros.unileon.es\/biologia\/wp-json\/wp\/v2\/media?parent=10707"}],"curies":[{"name":"wp","href":"https:\/\/api.w.org\/{rel}","templated":true}]}}