{"id":10275,"date":"2020-12-16T12:20:48","date_gmt":"2020-12-16T12:20:48","guid":{"rendered":"https:\/\/centros.unileon.es\/biologia\/?page_id=10275"},"modified":"2020-12-16T13:34:47","modified_gmt":"2020-12-16T13:34:47","slug":"plan-estrategico-fccba","status":"publish","type":"page","link":"https:\/\/centros.unileon.es\/biologia\/plan-estrategico-fccba\/","title":{"rendered":"PLAN ESTRAT\u00c9GICO FCCBA"},"content":{"rendered":"<p style=\"text-align: justify;\">Ante los profundos cambios que, a todos los niveles, se est\u00e1n produciendo en los \u00faltimos tiempos en la sociedad, la Universidad y sus Centros tienen que ser protagonistas, como motores de esa transformaci\u00f3n social, por ser el instrumento clave en la formaci\u00f3n de las nuevas generaciones e impulsores del cambio. Para ello, han de reinventarse, adaptarse y afrontar sin complejos las modificaciones necesarias en su d\u00eda a d\u00eda. De no ser as\u00ed, corren el riesgo de que, aun conservando cierto aroma de respetabilidad, queden fuera de juego en cuanto a su responsabilidad en la creaci\u00f3n de la nueva sociedad.<\/p>\r\n<p style=\"text-align: justify;\">La planificaci\u00f3n estrat\u00e9gica es una herramienta esencial para gestionar una instituci\u00f3n y coordinar la toma de decisiones hacia objetivos definidos, que, en el caso de la Facultad de Ciencias Biol\u00f3gicas y Ambientales, deben de combinar las aspiraciones estrat\u00e9gicas de la Universidad de Le\u00f3n con las de su equipo directivo y las de las distintas personas que forman su comunidad.<\/p>\r\n<p style=\"text-align: justify;\"><span style=\"color: #000000;\"><em><strong>MISI\u00d3N<\/strong><\/em><\/span><br \/>\r\nLa Facultad de Ciencias Biol\u00f3gicas y Ambientales, como instituci\u00f3n p\u00fablica de educaci\u00f3n superior, dedicada a generar, difundir y transferir conocimiento \u2010cultural, cient\u00edfico y t\u00e9cnico\u2010 as\u00ed como a la formaci\u00f3n integral de las personas, tiene la misi\u00f3n y el compromiso social de contribuir al progreso de la sociedad y al desarrollo sostenible de su entorno, mediante la mejora continua de la docencia, la investigaci\u00f3n y la transferencia efectiva del conocimiento, ofreciendo sus servicios y formando profesionales altamente cualificados.<\/p>\r\n<p style=\"text-align: justify;\"><span style=\"color: #000000;\"><em><strong>VISI\u00d3N<\/strong><\/em><\/span><br \/>\r\nPara ello, la Facultad de Ciencias Biol\u00f3gicas y Ambientales debe presentar una oferta de t\u00edtulos atractiva, actualizada y diversa, que abarque, en su conjunto, todos los aspectos relacionados con el conocimiento de los seres vivos y del medio ambiente, en consonancia con la demanda y el desarrollo socioecon\u00f3mico de su entorno.<br \/>\r\nDebe aspirar a tener un reconocido prestigio a nivel nacional e internacional por su excelencia acad\u00e9mica, que le ayude a captar estudiantes de alto rendimiento y gran motivaci\u00f3n, que alcancen elevadas tasas de \u00e9xito en sus estudios y que obtengan una buena inserci\u00f3n laboral.<br \/>\r\nDebe centrarse en las personas, en sus competencias y condiciones de trabajo, para conseguir que su personal est\u00e9 altamente cualificado y motivado.<\/p>\r\n<p style=\"text-align: justify;\"><span style=\"color: #000000;\"><em><strong>VALORES<\/strong><\/em><\/span><br \/>\r\nLa Facultad de Ciencias Biol\u00f3gicas y Ambientales de la Universidad de Le\u00f3n, cumple sus funciones teniendo en cuenta valores \u00e9ticos tales como: compromiso y responsabilidad social, conciencia ambiental, pensamiento cr\u00edtico, integridad, transparencia en la informaci\u00f3n y en los procesos, y atenci\u00f3n a las personas con discapacidad y a la igualdad de g\u00e9nero. Destacando, entre sus valores profesionales: el compromiso institucional y con la sociedad, la conservaci\u00f3n y potenciaci\u00f3n de sus se\u00f1as de identidad, la cercan\u00eda, la eficiencia, la formaci\u00f3n de calidad, el reconocimiento del esfuerzo y del talento, la mejora continua y su capacidad de adaptaci\u00f3n a los cambios.<\/p>\r\n<p style=\"text-align: justify;\"><span style=\"color: #000000;\"><em><strong>LINEAS Y OBJETIVOS ESTRAT\u00c9GICOS<\/strong><\/em><\/span><br \/>\r\nLas l\u00edneas estrat\u00e9gicas b\u00e1sicas de la Facultad de Ciencias Biol\u00f3gicas y Ambientales se\u00a0 dirigen hacia:<\/p>\r\n<p style=\"text-align: justify;\">A) La excelencia acad\u00e9mica<br \/>\r\nB) Las relaciones con la sociedad<br \/>\r\nC) Las personas y los recursos<br \/>\r\nD) La internacionalizaci\u00f3n<\/p>\r\n<p style=\"text-align: justify;\">Mediante la consecuci\u00f3n de los siguientes objetivos:<\/p>\r\n<p><strong>A) La excelencia acad\u00e9mica<\/strong><br \/>\r\n\u00a0 \u00a0 \u2010 Dar a conocer la oferta de t\u00edtulos en todos los foros posibles y atraer talento.<br \/>\r\n\u00a0 \u00a0 \u2010 Aumentar la motivaci\u00f3n, el desarrollo y la satisfacci\u00f3n integral de los estudiantes y<br \/>\r\n\u00a0 \u00a0 \u00a0profesores.<br \/>\r\n\u00a0 \u00a0&#8211; Desarrollar alianzas con otros Centros de excelencia para la creaci\u00f3n de titulaciones<br \/>\r\n\u00a0 \u00a0 \u00a0conjuntas.<br \/>\r\n\u00a0 \u00a0\u2010 Mejorar el posicionamiento en los rankings.<\/p>\r\n<p style=\"text-align: justify;\"><strong>B) Las relaciones con la sociedad<\/strong><br \/>\r\n\u00a0 \u00a0 \u2010 Planificar la comunicaci\u00f3n con la sociedad e intensificar la colaboraci\u00f3n con el tejido<br \/>\r\n\u00a0 \u00a0 \u00a0 empresarial, social e institucional.<br \/>\r\n\u00a0 \u00a0 \u2010 Consolidar la Facultad como una instituci\u00f3n socialmente comprometida, fomentando<br \/>\r\n\u00a0 \u00a0 \u00a0 el\u00a0 acercamiento y la interacci\u00f3n con los ciudadanos.<\/p>\r\n<p><strong>C) Las personas y los recursos<\/strong><br \/>\r\n\u00a0 \u00a0\u2010 Organizar y coordinar los servicios acad\u00e9micos.<br \/>\r\n\u00a0 \u00a0\u2010 Optimizar los recursos econ\u00f3micos.<br \/>\r\n\u00a0 \u00a0\u2010 Optimizar los recursos humanos.<br \/>\r\n\u00a0 \u00a0\u2010 Alentar el sentimiento de pertenencia a la instituci\u00f3n.<br \/>\r\n\u00a0 \u00a0\u2010 Fomentar la igualdad, la accesibilidad, la inclusi\u00f3n y la promoci\u00f3n.<br \/>\r\n\u00a0 \u00a0\u2010 Elaborar un plan de actuaci\u00f3n de eficiencia energ\u00e9tica y sostenibilidad ambiental.<\/p>\r\n<p style=\"text-align: justify;\"><strong>D) La internacionalizaci\u00f3n<\/strong><br \/>\r\n\u00a0 \u2010 Mejorar el posicionamiento internacional de la Facultad.<br \/>\r\n\u00a0 \u2010 Plan de internacionalizaci\u00f3n.<\/p>","protected":false},"excerpt":{"rendered":"<p>Ante los profundos cambios que, a todos los niveles, se est\u00e1n produciendo en los \u00faltimos tiempos en la sociedad, la Universidad y sus Centros tienen que ser protagonistas, como motores de esa transformaci\u00f3n social, por ser el instrumento clave en la formaci\u00f3n de las nuevas generaciones e impulsores del cambio. Para ello, han de reinventarse, [&hellip;]<\/p>\n","protected":false},"author":3,"featured_media":0,"parent":0,"menu_order":0,"comment_status":"closed","ping_status":"closed","template":"","meta":{"footnotes":""},"class_list":["post-10275","page","type-page","status-publish","hentry"],"_links":{"self":[{"href":"https:\/\/centros.unileon.es\/biologia\/wp-json\/wp\/v2\/pages\/10275","targetHints":{"allow":["GET"]}}],"collection":[{"href":"https:\/\/centros.unileon.es\/biologia\/wp-json\/wp\/v2\/pages"}],"about":[{"href":"https:\/\/centros.unileon.es\/biologia\/wp-json\/wp\/v2\/types\/page"}],"author":[{"embeddable":true,"href":"https:\/\/centros.unileon.es\/biologia\/wp-json\/wp\/v2\/users\/3"}],"replies":[{"embeddable":true,"href":"https:\/\/centros.unileon.es\/biologia\/wp-json\/wp\/v2\/comments?post=10275"}],"version-history":[{"count":6,"href":"https:\/\/centros.unileon.es\/biologia\/wp-json\/wp\/v2\/pages\/10275\/revisions"}],"predecessor-version":[{"id":10285,"href":"https:\/\/centros.unileon.es\/biologia\/wp-json\/wp\/v2\/pages\/10275\/revisions\/10285"}],"wp:attachment":[{"href":"https:\/\/centros.unileon.es\/biologia\/wp-json\/wp\/v2\/media?parent=10275"}],"curies":[{"name":"wp","href":"https:\/\/api.w.org\/{rel}","templated":true}]}}